{"id":98997,"date":"2025-11-06T14:09:26","date_gmt":"2025-11-06T12:09:26","guid":{"rendered":"https:\/\/araratfinland.com\/product\/yayla-ayran-8x500ml-2\/"},"modified":"2025-11-06T15:01:30","modified_gmt":"2025-11-06T13:01:30","slug":"yayla-ayran-8x500ml-2","status":"publish","type":"product","link":"https:\/\/araratfinland.com\/en\/product\/yayla-ayran-8x500ml-2\/","title":{"rendered":"Yayla Ayran 8x500ml"},"content":{"rendered":"<div class=\"small text-muted\" style=\"font-size: 11.05px;, Helvetica, Arial, sans-serif\"><span style=\"font-size: 19px;color: #000000\"><span style=\"font-weight: bold\">Ainesosat:\u00a0<\/span>Jogurtti 50,1% (past\u00f6roitu), vesi, ruokasuola,<br \/>stabilointiaineet E440, E466, hapotin E270.<\/p>\n<p><span style=\"font-weight: bold\">S\u00e4ilytys:<\/span>\u00a0Avaamattomana s\u00e4ilytett\u00e4v\u00e4 huoneenl\u00e4mm\u00f6ss\u00e4.<br \/>Avaamisen j\u00e4lkeens\u00e4ilytett\u00e4v\u00e4 viile\u00e4ss\u00e4 4\u2103 &#8211; 6\u2103<br \/>v\u00e4lill\u00e4 ja k\u00e4ytett\u00e4v\u00e4 mahdollisimman pian.<\/p>\n<p><\/span> <\/p>\n<table style=\"border-spacing: 0px;border-collapse: collapse;background-color: transparent;font-size: 12px;width: 405.453px\">\n<tbody>\n<tr style=\"height: 15px\">\n<td style=\"padding: 0px;width: 383.453px;height: 15px\" colspan=\"2\"><span style=\"font-size: 19px;color: #000000\"><span style=\"font-weight: bold\">Ravintosis\u00e4lt\u00f6 per 100g<\/span><\/span><\/td>\n<\/tr>\n<\/tbody>\n<tbody>\n<tr style=\"height: 21px\">\n<td style=\"padding: 0px;width: 216px;height: 21px\"><span style=\"font-size: 19px;color: #000000\">Energia<\/span><\/td>\n<td style=\"padding: 0px;width: 167.453px;height: 21px\"><span style=\"font-size: 19px;color: #000000\">138 kJ \/ 33 kcal<\/span><\/td>\n<\/tr>\n<tr style=\"height: 9px\">\n<td style=\"padding: 0px;width: 216px;height: 9px\"><span style=\"font-size: 19px;color: #000000\">Rasva<\/span><\/td>\n<td style=\"padding: 0px;width: 167.453px;height: 9px\"><span style=\"font-size: 19px;color: #000000\">1,7 g<\/span><\/td>\n<\/tr>\n<tr style=\"height: 22px\">\n<td style=\"padding: 0px;width: 216px;height: 22px\"><span style=\"font-size: 19px;color: #000000\">josta tyydyttynytt\u00e4<\/span><\/td>\n<td style=\"padding: 0px;width: 167.453px;height: 22px\"><span style=\"font-size: 19px;color: #000000\">1,2 g<\/span><\/td>\n<\/tr>\n<tr style=\"height: 21px\">\n<td style=\"padding: 0px;width: 216px;height: 21px\"><span style=\"font-size: 19px;color: #000000\">Hiilihydraatit<\/span><\/td>\n<td style=\"padding: 0px;width: 167.453px;height: 21px\"><span style=\"font-size: 19px;color: #000000\">2,5 g<\/span><\/td>\n<\/tr>\n<tr style=\"height: 5px\">\n<td style=\"padding: 0px;width: 216px;height: 5px\"><span style=\"font-size: 19px;color: #000000\">josta sokereita<\/span><\/td>\n<td style=\"padding: 0px;width: 167.453px;height: 5px\"><span style=\"font-size: 19px;color: #000000\">2,5 g<\/span><\/td>\n<\/tr>\n<tr style=\"height: 21px\">\n<td style=\"padding: 0px;width: 216px;height: 21px\"><span style=\"font-size: 19px;color: #000000\">Proteiini<\/span><\/td>\n<td style=\"padding: 0px;width: 167.453px;height: 21px\"><span style=\"font-size: 19px;color: #000000\">1,7 g<\/span><\/td>\n<\/tr>\n<tr style=\"height: 3px\">\n<td style=\"padding: 0px;width: 216px;height: 3px\"><span style=\"font-size: 19px;color: #000000\">Suola<\/span><\/td>\n<td style=\"padding: 0px;width: 167.453px;height: 3px\"><span style=\"font-size: 19px;color: #000000\">0,93 g<br \/><\/span><\/td>\n<\/tr>\n<\/tbody>\n<\/table><\/div>\n","protected":false},"excerpt":{"rendered":"<p>Ainesosat:\u00a0Jogurtti 50,1% (past\u00f6roitu), vesi, ruokasuola,stabilointiaineet E440, E466, hapotin E270. S\u00e4ilytys:\u00a0Avaamattomana s\u00e4ilytett\u00e4v\u00e4 huoneenl\u00e4mm\u00f6ss\u00e4.Avaamisen j\u00e4lkeens\u00e4ilytett\u00e4v\u00e4 viile\u00e4ss\u00e4 4\u2103 &#8211; 6\u2103v\u00e4lill\u00e4 ja k\u00e4ytett\u00e4v\u00e4 mahdollisimman<\/p>\n","protected":false},"featured_media":99026,"template":"","meta":{"om_disable_all_campaigns":false,"_monsterinsights_skip_tracking":false,"_monsterinsights_sitenote_active":false,"_monsterinsights_sitenote_note":"","_monsterinsights_sitenote_category":0},"location":[1422],"product_brand":[],"product_cat":[1449],"product_tag":[],"class_list":{"0":"post-98997","1":"product","2":"type-product","3":"status-publish","4":"has-post-thumbnail","6":"location-v","7":"product_cat-sekalaiset-en-2","8":"stock_type-pcs-en","10":"first","11":"instock","12":"taxable","13":"shipping-taxable","14":"purchasable","15":"product-type-simple"},"aioseo_notices":[],"locations":[{"id":1422,"name":"v","slug":"v","quantity":"25"}],"_links":{"self":[{"href":"https:\/\/araratfinland.com\/en\/wp-json\/wp\/v2\/product\/98997","targetHints":{"allow":["GET"]}}],"collection":[{"href":"https:\/\/araratfinland.com\/en\/wp-json\/wp\/v2\/product"}],"about":[{"href":"https:\/\/araratfinland.com\/en\/wp-json\/wp\/v2\/types\/product"}],"version-history":[{"count":1,"href":"https:\/\/araratfinland.com\/en\/wp-json\/wp\/v2\/product\/98997\/revisions"}],"predecessor-version":[{"id":99019,"href":"https:\/\/araratfinland.com\/en\/wp-json\/wp\/v2\/product\/98997\/revisions\/99019"}],"wp:featuredmedia":[{"embeddable":true,"href":"https:\/\/araratfinland.com\/en\/wp-json\/wp\/v2\/media\/99026"}],"wp:attachment":[{"href":"https:\/\/araratfinland.com\/en\/wp-json\/wp\/v2\/media?parent=98997"}],"wp:term":[{"taxonomy":"location","embeddable":true,"href":"https:\/\/araratfinland.com\/en\/wp-json\/wp\/v2\/location?post=98997"},{"taxonomy":"product_brand","embeddable":true,"href":"https:\/\/araratfinland.com\/en\/wp-json\/wp\/v2\/product_brand?post=98997"},{"taxonomy":"product_cat","embeddable":true,"href":"https:\/\/araratfinland.com\/en\/wp-json\/wp\/v2\/product_cat?post=98997"},{"taxonomy":"product_tag","embeddable":true,"href":"https:\/\/araratfinland.com\/en\/wp-json\/wp\/v2\/product_tag?post=98997"}],"curies":[{"name":"wp","href":"https:\/\/api.w.org\/{rel}","templated":true}]}}