{"id":97408,"date":"2025-10-17T12:38:25","date_gmt":"2025-10-17T09:38:25","guid":{"rendered":"https:\/\/araratfinland.com\/product\/abido-kelijaa-mausteseos-10x50g-2\/"},"modified":"2025-10-17T12:42:21","modified_gmt":"2025-10-17T09:42:21","slug":"abido-kelijaa-mausteseos-10x50g-2","status":"publish","type":"product","link":"https:\/\/araratfinland.com\/en\/product\/abido-kelijaa-mausteseos-10x50g-2\/","title":{"rendered":"Abido Kelijaa Mausteseos 10x50g"},"content":{"rendered":"<h4 style=\", Helvetica, Arial, sans-serif;line-height: 1.1;margin-top: 5px;margin-bottom: 10px;font-size: 14px\"><span style=\"font-size: 18px\">Mausteseos Kleijaa Varten<\/span><\/h4>\n<h4 style=\", Helvetica, Arial, sans-serif;line-height: 1.1;margin-top: 5px;margin-bottom: 10px;font-size: 14px\"><span style=\"color: #000000\"><span style=\"font-size: 18px\"><span>Ainesosat:<\/span>\u00a0Anis, Tili, Veikselinkirsikka, muskotti, kaneli ja neilikka<\/span><span style=\"font-size: 18px\">.<\/span><\/span><\/h4>\n<h4 style=\", Helvetica, Arial, sans-serif;line-height: 1.1;margin-top: 5px;margin-bottom: 10px;font-size: 14px\"><span style=\"font-size: 18px;color: #000000\"><span>S\u00e4ilytys:<\/span>\u00a0Pid\u00e4 viile\u00e4ss\u00e4 ja kuivassa paikassa.<\/span><\/h4>\n","protected":false},"excerpt":{"rendered":"<p>Mausteseos Kleijaa Varten Ainesosat:\u00a0Anis, Tili, Veikselinkirsikka, muskotti, kaneli ja neilikka. S\u00e4ilytys:\u00a0Pid\u00e4 viile\u00e4ss\u00e4 ja kuivassa paikassa.<\/p>\n","protected":false},"featured_media":97413,"template":"","meta":{"om_disable_all_campaigns":false,"_monsterinsights_skip_tracking":false,"_monsterinsights_sitenote_active":false,"_monsterinsights_sitenote_note":"","_monsterinsights_sitenote_category":0},"location":[1422],"product_brand":[],"product_cat":[1477],"product_tag":[],"class_list":{"0":"post-97408","1":"product","2":"type-product","3":"status-publish","4":"has-post-thumbnail","6":"location-v","7":"product_cat-mausteet-en-2","8":"stock_type-pcs-en","10":"first","11":"instock","12":"taxable","13":"shipping-taxable","14":"purchasable","15":"product-type-simple"},"aioseo_notices":[],"locations":[{"id":1422,"name":"v","slug":"v","quantity":"12"}],"_links":{"self":[{"href":"https:\/\/araratfinland.com\/en\/wp-json\/wp\/v2\/product\/97408","targetHints":{"allow":["GET"]}}],"collection":[{"href":"https:\/\/araratfinland.com\/en\/wp-json\/wp\/v2\/product"}],"about":[{"href":"https:\/\/araratfinland.com\/en\/wp-json\/wp\/v2\/types\/product"}],"version-history":[{"count":1,"href":"https:\/\/araratfinland.com\/en\/wp-json\/wp\/v2\/product\/97408\/revisions"}],"predecessor-version":[{"id":97415,"href":"https:\/\/araratfinland.com\/en\/wp-json\/wp\/v2\/product\/97408\/revisions\/97415"}],"wp:featuredmedia":[{"embeddable":true,"href":"https:\/\/araratfinland.com\/en\/wp-json\/wp\/v2\/media\/97413"}],"wp:attachment":[{"href":"https:\/\/araratfinland.com\/en\/wp-json\/wp\/v2\/media?parent=97408"}],"wp:term":[{"taxonomy":"location","embeddable":true,"href":"https:\/\/araratfinland.com\/en\/wp-json\/wp\/v2\/location?post=97408"},{"taxonomy":"product_brand","embeddable":true,"href":"https:\/\/araratfinland.com\/en\/wp-json\/wp\/v2\/product_brand?post=97408"},{"taxonomy":"product_cat","embeddable":true,"href":"https:\/\/araratfinland.com\/en\/wp-json\/wp\/v2\/product_cat?post=97408"},{"taxonomy":"product_tag","embeddable":true,"href":"https:\/\/araratfinland.com\/en\/wp-json\/wp\/v2\/product_tag?post=97408"}],"curies":[{"name":"wp","href":"https:\/\/api.w.org\/{rel}","templated":true}]}}