{"id":95729,"date":"2025-10-06T15:46:25","date_gmt":"2025-10-06T12:46:25","guid":{"rendered":"https:\/\/araratfinland.com\/product\/durra-plain-halawa-350-g-2\/"},"modified":"2025-10-06T15:46:26","modified_gmt":"2025-10-06T12:46:26","slug":"durra-plain-halawa-350-g-2","status":"publish","type":"product","link":"https:\/\/araratfinland.com\/en\/product\/durra-plain-halawa-350-g-2\/","title":{"rendered":"Durra plain halawa 350 g"},"content":{"rendered":"<p>Ainesosat:\u00a0Seesamitahna 52%, sokeri 29,53%, glukoosi 14,77%, emulgointiaineet: E471 (2%) &#038; E322 soijalesitiini 0,5%, saippuauute 1%, happamuudens\u00e4\u00e4t\u00f6aine: E330 (0,15%), vanilja 0,05%. S\u00e4ilytys:\u00a0Kuivassa ja viile\u00e4ss\u00e4 paikassa. Ravintosis\u00e4lt\u00f6 per 100g \u00a0 Energia 1902 kJ \/ 459 kcal Rasva 28 g josta tyydyttynytt\u00e4 4,9 g Hiilihydraatit 50 g josta sokereita 38 g Proteiini 9,0 g Suola 0,01 g<\/p>\n","protected":false},"excerpt":{"rendered":"<p>Ainesosat:\u00a0Seesamitahna 52%, sokeri 29,53%, glukoosi 14,77%, emulgointiaineet: E471 (2%) &#038; E322 soijalesitiini 0,5%, saippuauute 1%, happamuudens\u00e4\u00e4t\u00f6aine: E330 (0,15%), vanilja 0,05%.<\/p>\n","protected":false},"featured_media":95727,"template":"","meta":{"om_disable_all_campaigns":false,"_monsterinsights_skip_tracking":false,"_monsterinsights_sitenote_active":false,"_monsterinsights_sitenote_note":"","_monsterinsights_sitenote_category":0},"location":[1422],"product_brand":[1423],"product_cat":[1442],"product_tag":[],"class_list":{"0":"post-95729","1":"product","2":"type-product","3":"status-publish","4":"has-post-thumbnail","6":"location-v","7":"product_brand-ararat-ari-food","8":"product_cat-makeiset-en-2","9":"stock_type-kpl-en","11":"first","12":"instock","13":"taxable","14":"shipping-taxable","15":"purchasable","16":"product-type-simple"},"aioseo_notices":[],"locations":[{"id":1422,"name":"v","slug":"v","quantity":"108"}],"_links":{"self":[{"href":"https:\/\/araratfinland.com\/en\/wp-json\/wp\/v2\/product\/95729","targetHints":{"allow":["GET"]}}],"collection":[{"href":"https:\/\/araratfinland.com\/en\/wp-json\/wp\/v2\/product"}],"about":[{"href":"https:\/\/araratfinland.com\/en\/wp-json\/wp\/v2\/types\/product"}],"version-history":[{"count":0,"href":"https:\/\/araratfinland.com\/en\/wp-json\/wp\/v2\/product\/95729\/revisions"}],"wp:featuredmedia":[{"embeddable":true,"href":"https:\/\/araratfinland.com\/en\/wp-json\/wp\/v2\/media\/95727"}],"wp:attachment":[{"href":"https:\/\/araratfinland.com\/en\/wp-json\/wp\/v2\/media?parent=95729"}],"wp:term":[{"taxonomy":"location","embeddable":true,"href":"https:\/\/araratfinland.com\/en\/wp-json\/wp\/v2\/location?post=95729"},{"taxonomy":"product_brand","embeddable":true,"href":"https:\/\/araratfinland.com\/en\/wp-json\/wp\/v2\/product_brand?post=95729"},{"taxonomy":"product_cat","embeddable":true,"href":"https:\/\/araratfinland.com\/en\/wp-json\/wp\/v2\/product_cat?post=95729"},{"taxonomy":"product_tag","embeddable":true,"href":"https:\/\/araratfinland.com\/en\/wp-json\/wp\/v2\/product_tag?post=95729"}],"curies":[{"name":"wp","href":"https:\/\/api.w.org\/{rel}","templated":true}]}}