{"id":91853,"date":"2025-09-15T12:06:41","date_gmt":"2025-09-15T09:06:41","guid":{"rendered":"https:\/\/araratfinland.com\/product\/geisha-makrilli-tomaattikastikkeessa-chili-425-g\/"},"modified":"2025-09-15T12:06:42","modified_gmt":"2025-09-15T09:06:42","slug":"geisha-makrilli-tomaattikastikkeessa-chili-425-g","status":"publish","type":"product","link":"https:\/\/araratfinland.com\/en\/product\/geisha-makrilli-tomaattikastikkeessa-chili-425-g\/","title":{"rendered":"Geisha makrilli tomaattikastikkeessa chili 425 g"},"content":{"rendered":"<p>Ainesosat: Makrilli 60%, vesi,\u00a0tomaattisose, tapioka,sokeri, suola,\u00a0sakeuttamisaine (E415), chili. S\u00e4ilytys: S\u00e4ilyt\u00e4 viile\u00e4ss\u00e4 ja kuivassa paikassa.Alkuper\u00e4maa: Kiina. Ravintosis\u00e4lt\u00f6 per 100g Energia 157 kcal Rasva 10,1 g\u00a0 josta tyydyttyneitt\u00e4 3,5 g\u00a0 Hiilihydraatit 3,5 g\u00a0 josta sokereita 2,2 g Proteiini 13 g Suola 0,8 g<\/p>\n","protected":false},"excerpt":{"rendered":"<p>Ainesosat: Makrilli 60%, vesi,\u00a0tomaattisose, tapioka,sokeri, suola,\u00a0sakeuttamisaine (E415), chili. S\u00e4ilytys: S\u00e4ilyt\u00e4 viile\u00e4ss\u00e4 ja kuivassa paikassa.Alkuper\u00e4maa: Kiina. Ravintosis\u00e4lt\u00f6 per 100g Energia 157<\/p>\n","protected":false},"featured_media":91851,"template":"","meta":{"om_disable_all_campaigns":false,"_monsterinsights_skip_tracking":false,"_monsterinsights_sitenote_active":false,"_monsterinsights_sitenote_note":"","_monsterinsights_sitenote_category":0},"location":[1422],"product_brand":[1423],"product_cat":[1644],"product_tag":[],"class_list":{"0":"post-91853","1":"product","2":"type-product","3":"status-publish","4":"has-post-thumbnail","6":"location-v","7":"product_brand-ararat-ari-food","8":"product_cat-1silykkeetvihannekset-en","9":"stock_type-pcs-en","11":"first","12":"instock","13":"taxable","14":"shipping-taxable","15":"purchasable","16":"product-type-simple"},"aioseo_notices":[],"locations":[{"id":1422,"name":"v","slug":"v","quantity":"60"}],"_links":{"self":[{"href":"https:\/\/araratfinland.com\/en\/wp-json\/wp\/v2\/product\/91853","targetHints":{"allow":["GET"]}}],"collection":[{"href":"https:\/\/araratfinland.com\/en\/wp-json\/wp\/v2\/product"}],"about":[{"href":"https:\/\/araratfinland.com\/en\/wp-json\/wp\/v2\/types\/product"}],"version-history":[{"count":0,"href":"https:\/\/araratfinland.com\/en\/wp-json\/wp\/v2\/product\/91853\/revisions"}],"wp:featuredmedia":[{"embeddable":true,"href":"https:\/\/araratfinland.com\/en\/wp-json\/wp\/v2\/media\/91851"}],"wp:attachment":[{"href":"https:\/\/araratfinland.com\/en\/wp-json\/wp\/v2\/media?parent=91853"}],"wp:term":[{"taxonomy":"location","embeddable":true,"href":"https:\/\/araratfinland.com\/en\/wp-json\/wp\/v2\/location?post=91853"},{"taxonomy":"product_brand","embeddable":true,"href":"https:\/\/araratfinland.com\/en\/wp-json\/wp\/v2\/product_brand?post=91853"},{"taxonomy":"product_cat","embeddable":true,"href":"https:\/\/araratfinland.com\/en\/wp-json\/wp\/v2\/product_cat?post=91853"},{"taxonomy":"product_tag","embeddable":true,"href":"https:\/\/araratfinland.com\/en\/wp-json\/wp\/v2\/product_tag?post=91853"}],"curies":[{"name":"wp","href":"https:\/\/api.w.org\/{rel}","templated":true}]}}