{"id":84565,"date":"2025-08-18T12:49:36","date_gmt":"2025-08-18T09:49:36","guid":{"rendered":"https:\/\/araratfinland.com\/product\/nuri-toplar-turkish-coffee-500g-2\/"},"modified":"2025-09-18T15:52:06","modified_gmt":"2025-09-18T12:52:06","slug":"nuri-toplar-turkish-coffee-500g-2","status":"publish","type":"product","link":"https:\/\/araratfinland.com\/en\/product\/nuri-toplar-turkish-coffee-500g-2\/","title":{"rendered":"Nuri Toplar Turkish Coffee 500g"},"content":{"rendered":"<p data-start=\"128\" data-end=\"158\"><strong data-start=\"128\" data-end=\"156\">Turkkilainen kahvi 500 g<\/strong><\/p>\n<p data-start=\"160\" data-end=\"198\"><strong data-start=\"160\" data-end=\"174\">Ainesosat:<\/strong> 100 % jauhettu kahvi.<\/p>\n<p data-start=\"200\" data-end=\"385\"><strong data-start=\"200\" data-end=\"218\">Valmistusohje:<\/strong> Lis\u00e4\u00e4 65 ml vett\u00e4 ja 5\u20136 g kahvia pieneen kahvipannuun. Halutessasi lis\u00e4\u00e4 sokeria. Kuumenna hitaasti ja anna vaahdota, mutta \u00e4l\u00e4 keit\u00e4. Kaada kuppeihin ja tarjoile.<\/p>\n<p data-start=\"387\" data-end=\"445\"><strong data-start=\"387\" data-end=\"400\">S\u00e4ilytys:<\/strong> Viile\u00e4ss\u00e4 ja kuivassa, valolta suojattuna.<\/p>\n","protected":false},"excerpt":{"rendered":"<p>Turkkilainen kahvi 500 g Ainesosat: 100 % jauhettu kahvi. Valmistusohje: Lis\u00e4\u00e4 65 ml vett\u00e4 ja 5\u20136 g kahvia pieneen kahvipannuun.<\/p>\n","protected":false},"featured_media":92353,"template":"","meta":{"om_disable_all_campaigns":false,"_monsterinsights_skip_tracking":false,"_monsterinsights_sitenote_active":false,"_monsterinsights_sitenote_note":"","_monsterinsights_sitenote_category":0},"location":[1422],"product_brand":[],"product_cat":[1453],"product_tag":[],"class_list":{"0":"post-84565","1":"product","2":"type-product","3":"status-publish","4":"has-post-thumbnail","6":"location-v","7":"product_cat-teet-kahvit-en-mehut-nesteet-etikka-fi","8":"stock_type-pcs-en","10":"first","11":"instock","12":"taxable","13":"shipping-taxable","14":"purchasable","15":"product-type-simple"},"aioseo_notices":[],"locations":[{"id":1422,"name":"v","slug":"v","quantity":"0"}],"_links":{"self":[{"href":"https:\/\/araratfinland.com\/en\/wp-json\/wp\/v2\/product\/84565","targetHints":{"allow":["GET"]}}],"collection":[{"href":"https:\/\/araratfinland.com\/en\/wp-json\/wp\/v2\/product"}],"about":[{"href":"https:\/\/araratfinland.com\/en\/wp-json\/wp\/v2\/types\/product"}],"version-history":[{"count":1,"href":"https:\/\/araratfinland.com\/en\/wp-json\/wp\/v2\/product\/84565\/revisions"}],"predecessor-version":[{"id":84582,"href":"https:\/\/araratfinland.com\/en\/wp-json\/wp\/v2\/product\/84565\/revisions\/84582"}],"wp:featuredmedia":[{"embeddable":true,"href":"https:\/\/araratfinland.com\/en\/wp-json\/wp\/v2\/media\/92353"}],"wp:attachment":[{"href":"https:\/\/araratfinland.com\/en\/wp-json\/wp\/v2\/media?parent=84565"}],"wp:term":[{"taxonomy":"location","embeddable":true,"href":"https:\/\/araratfinland.com\/en\/wp-json\/wp\/v2\/location?post=84565"},{"taxonomy":"product_brand","embeddable":true,"href":"https:\/\/araratfinland.com\/en\/wp-json\/wp\/v2\/product_brand?post=84565"},{"taxonomy":"product_cat","embeddable":true,"href":"https:\/\/araratfinland.com\/en\/wp-json\/wp\/v2\/product_cat?post=84565"},{"taxonomy":"product_tag","embeddable":true,"href":"https:\/\/araratfinland.com\/en\/wp-json\/wp\/v2\/product_tag?post=84565"}],"curies":[{"name":"wp","href":"https:\/\/api.w.org\/{rel}","templated":true}]}}