{"id":84188,"date":"2025-08-08T14:18:12","date_gmt":"2025-08-08T11:18:12","guid":{"rendered":"https:\/\/araratfinland.com\/product\/lebsan-paistettu-vermicelli-20x450g\/"},"modified":"2025-11-17T15:26:40","modified_gmt":"2025-11-17T13:26:40","slug":"lebsan-paistettu-vermicelli-20x450g","status":"publish","type":"product","link":"https:\/\/araratfinland.com\/en\/product\/lebsan-paistettu-vermicelli-20x450g\/","title":{"rendered":"Lebsan paistettu vermicelli (20x450g)"},"content":{"rendered":"<p><span style=\"font-size: 18px;color: #000000\"><span style=\"font-size: 18px\"><span style=\"font-size: 18px\"><strong>Paahdettua vermicelli-pastaa.<\/p>\n<p><\/strong><\/span><strong style=\"font-size: 18px\">Ainesosat:\u00a0<\/strong><span style=\"font-size: 18px\"><strong>Durumvehn\u00e4n<\/strong> mannasuurimoa.<\/p>\n<p><strong>S\u00e4ilytys:<\/strong> Kuivassa ja viile\u00e4ss\u00e4 paikassa.<\/p>\n<p><strong>Saattaa sis\u00e4lt\u00e4\u00e4: Seesami ja selleri.<\/strong><\/p>\n<p><\/span><\/span><\/span> <\/p>\n<table style=\"width: 328px\">\n<tbody>\n<tr style=\"height: 23px\">\n<td style=\"width: 315px;height: 23px\" colspan=\"2\"><span style=\"font-size: 19px;color: #000000\"><strong>Ravintosis\u00e4lt\u00f6 per 100g<\/strong><\/span><\/td>\n<\/tr>\n<\/tbody>\n<tbody>\n<tr style=\"height: 23px\">\n<td style=\"width: 176.031px;height: 23px\"><span style=\"font-size: 19px;color: #000000\">Energia<\/span><\/td>\n<td style=\"width: 138.969px;height: 23px\"><span style=\"font-size: 19px;color: #000000\">353 kcal<\/span><\/td>\n<\/tr>\n<tr style=\"height: 23px\">\n<td style=\"width: 176.031px;height: 23px\"><span style=\"font-size: 19px;color: #000000\">Rasva<\/span><\/td>\n<td style=\"width: 138.969px;height: 23px\"><span style=\"font-size: 19px;color: #000000\">1,7 g<\/span><\/td>\n<\/tr>\n<tr style=\"height: 20px\">\n<td style=\"width: 176.031px;height: 20px\"><span style=\"font-size: 19px;color: #000000\">Hiilihydraatit<\/span><\/td>\n<td style=\"width: 138.969px;height: 20px\"><span style=\"font-size: 19px;color: #000000\">76,9 g<\/span><\/td>\n<\/tr>\n<tr style=\"height: 23px\">\n<td style=\"width: 176.031px;height: 23px\"><span style=\"font-size: 19px;color: #000000\">Kuitu<\/span><\/td>\n<td style=\"width: 138.969px;height: 23px\"><span style=\"font-size: 19px;color: #000000\">3 g<\/span><\/td>\n<\/tr>\n<tr style=\"height: 9px\">\n<td style=\"width: 176.031px;height: 9px\">\n<p><span style=\"font-size: 19px;color: #000000\">Proteiini<\/span><\/p>\n<\/td>\n<td style=\"width: 138.969px;height: 9px\">\n<p><span style=\"font-size: 19px;color: #000000\">11 g<\/span><\/p>\n<\/td>\n<\/tr>\n<tr style=\"height: 23px\">\n<td style=\"width: 176.031px;height: 23px\"><span style=\"font-size: 19px;color: #000000\">Natrium<\/span><\/td>\n<td style=\"width: 138.969px;height: 23px\"><span style=\"font-size: 19px;color: #000000\">10,0 mg<\/span><\/td>\n<\/tr>\n<tr style=\"height: 23px\">\n<td style=\"width: 176.031px;height: 23px\"><span style=\"color: #000000\">\u00a0<\/span><\/td>\n<td style=\"width: 138.969px;height: 23px\"><span style=\"color: #000000\">\u00a0<\/span><\/td>\n<\/tr>\n<\/tbody>\n<\/table>\n","protected":false},"excerpt":{"rendered":"<p>Paahdettua vermicelli-pastaa. Ainesosat:\u00a0Durumvehn\u00e4n mannasuurimoa. S\u00e4ilytys: Kuivassa ja viile\u00e4ss\u00e4 paikassa. Saattaa sis\u00e4lt\u00e4\u00e4: Seesami ja selleri. Ravintosis\u00e4lt\u00f6 per 100g Energia 353 kcal<\/p>\n","protected":false},"featured_media":100735,"template":"","meta":{"om_disable_all_campaigns":false,"_monsterinsights_skip_tracking":false,"_monsterinsights_sitenote_active":false,"_monsterinsights_sitenote_note":"","_monsterinsights_sitenote_category":0},"location":[1422],"product_brand":[],"product_cat":[1448],"product_tag":[],"class_list":{"0":"post-84188","1":"product","2":"type-product","3":"status-publish","4":"has-post-thumbnail","6":"location-v","7":"product_cat-kuiva-tuotteet-en-2","8":"stock_type-pcs-en","10":"first","11":"instock","12":"taxable","13":"shipping-taxable","14":"purchasable","15":"product-type-simple"},"aioseo_notices":[],"locations":[{"id":1422,"name":"v","slug":"v","quantity":"200"}],"_links":{"self":[{"href":"https:\/\/araratfinland.com\/en\/wp-json\/wp\/v2\/product\/84188","targetHints":{"allow":["GET"]}}],"collection":[{"href":"https:\/\/araratfinland.com\/en\/wp-json\/wp\/v2\/product"}],"about":[{"href":"https:\/\/araratfinland.com\/en\/wp-json\/wp\/v2\/types\/product"}],"version-history":[{"count":1,"href":"https:\/\/araratfinland.com\/en\/wp-json\/wp\/v2\/product\/84188\/revisions"}],"predecessor-version":[{"id":84334,"href":"https:\/\/araratfinland.com\/en\/wp-json\/wp\/v2\/product\/84188\/revisions\/84334"}],"wp:featuredmedia":[{"embeddable":true,"href":"https:\/\/araratfinland.com\/en\/wp-json\/wp\/v2\/media\/100735"}],"wp:attachment":[{"href":"https:\/\/araratfinland.com\/en\/wp-json\/wp\/v2\/media?parent=84188"}],"wp:term":[{"taxonomy":"location","embeddable":true,"href":"https:\/\/araratfinland.com\/en\/wp-json\/wp\/v2\/location?post=84188"},{"taxonomy":"product_brand","embeddable":true,"href":"https:\/\/araratfinland.com\/en\/wp-json\/wp\/v2\/product_brand?post=84188"},{"taxonomy":"product_cat","embeddable":true,"href":"https:\/\/araratfinland.com\/en\/wp-json\/wp\/v2\/product_cat?post=84188"},{"taxonomy":"product_tag","embeddable":true,"href":"https:\/\/araratfinland.com\/en\/wp-json\/wp\/v2\/product_tag?post=84188"}],"curies":[{"name":"wp","href":"https:\/\/api.w.org\/{rel}","templated":true}]}}