{"id":83705,"date":"2025-08-01T12:09:31","date_gmt":"2025-08-01T09:09:31","guid":{"rendered":"https:\/\/araratfinland.com\/product\/harissa-la-femme-tunisia-760-g\/"},"modified":"2025-08-01T12:26:40","modified_gmt":"2025-08-01T09:26:40","slug":"harissa-la-femme-tunisia-760-g","status":"publish","type":"product","link":"https:\/\/araratfinland.com\/en\/product\/harissa-la-femme-tunisia-760-g\/","title":{"rendered":"Harissa la femme tunisia 760 g"},"content":{"rendered":"<div><span style=\"font-size: 18px;color: #000000\"><strong>Ainesosat:<\/strong>\u00a0Voimakas punainen paprika 87%, valkosipuli,<\/span><\/div>\n<div><span style=\"font-size: 18px;color: #000000\">korianteri, kumina, suola, sitruunahappo: E330.<\/p>\n<p><\/span><\/div>\n<div><span style=\"font-size: 18px;color: #000000\"><strong>Alkuper\u00e4maa:<\/strong>\u00a0Tunisia.<\/p>\n<p><\/span><\/div>\n<div><span style=\"font-size: 18px;color: #000000\"><strong>S\u00e4ilytys:\u00a0<\/strong>Kuivassa ja viile\u00e4ss\u00e4 paikassa.<\/span><\/div>\n<div><span style=\"font-size: 18px;color: #000000\">Avaamisen j\u00e4lkeen s\u00e4ilyt\u00e4 j\u00e4\u00e4kaapissa 4-6\u2103<\/span><\/div>\n<div><span style=\"font-size: 18px;color: #000000\">ja k\u00e4yt\u00e4 30 p\u00e4iv\u00e4n kuluessa avaamisesta.<\/p>\n<p><\/span> <\/p>\n<table style=\"width: 371px\">\n<tbody>\n<tr style=\"height: 22px\">\n<td style=\"width: 330px;height: 22px\" colspan=\"2\"><span style=\"font-size: 18px;color: #000000\"><strong>Ravintosis\u00e4lt\u00f6 per 100g<\/strong><\/span><\/td>\n<\/tr>\n<\/tbody>\n<tbody>\n<tr style=\"height: 22px\">\n<td style=\"width: 188.156px;height: 22px\"><span style=\"font-size: 18px;color: #000000\">Energia<\/span><\/td>\n<td style=\"width: 141.844px;height: 22px\"><span style=\"font-size: 18px;color: #000000\">302 \/ 72 kcal<\/span><\/td>\n<\/tr>\n<tr style=\"height: 22px\">\n<td style=\"width: 188.156px;height: 22px\"><span style=\"font-size: 18px;color: #000000\">Rasva<\/span><\/td>\n<td style=\"width: 141.844px;height: 22px\"><span style=\"font-size: 18px;color: #000000\">1 g<\/span><\/td>\n<\/tr>\n<tr style=\"height: 22px\">\n<td style=\"width: 188.156px;height: 22px\"><span style=\"font-size: 18px;color: #000000\">joista tyydyttyneit\u00e4<\/span><\/td>\n<td style=\"width: 141.844px;height: 22px\"><span style=\"font-size: 18px;color: #000000\">0,5 g<\/span><\/td>\n<\/tr>\n<tr style=\"height: 22px\">\n<td style=\"width: 188.156px;height: 22px\"><span style=\"font-size: 18px;color: #000000\">Hiilihydraatti<\/span><\/td>\n<td style=\"width: 141.844px;height: 22px\"><span style=\"font-size: 18px;color: #000000\">11 g<\/span><\/td>\n<\/tr>\n<tr style=\"height: 22px\">\n<td style=\"width: 188.156px;height: 22px\"><span style=\"font-size: 18px;color: #000000\">josta sokereita<\/span><\/td>\n<td style=\"width: 141.844px;height: 22px\"><span style=\"font-size: 18px;color: #000000\">6,9 g<\/span><\/td>\n<\/tr>\n<tr style=\"height: 22px\">\n<td style=\"width: 188.156px;height: 22px\"><span style=\"font-size: 18px;color: #000000\">Proteiini<\/span><\/td>\n<td style=\"width: 141.844px;height: 22px\"><span style=\"font-size: 18px;color: #000000\">2,9 g<\/span><\/td>\n<\/tr>\n<tr style=\"height: 22px\">\n<td style=\"width: 188.156px;height: 22px\"><span style=\"font-size: 18px;color: #000000\">Kuitu<\/span><\/td>\n<td style=\"width: 141.844px;height: 22px\"><span style=\"font-size: 18px;color: #000000\">2,5 g<\/span><\/td>\n<\/tr>\n<tr style=\"height: 22px\">\n<td style=\"width: 188.156px;height: 22px\"><span style=\"font-size: 18px;color: #000000\">Suola<\/span><\/td>\n<td style=\"width: 141.844px;height: 22px\"><span style=\"font-size: 18px;color: #000000\">1,7 g<br \/><\/span><\/td>\n<\/tr>\n<\/tbody>\n<\/table><\/div>\n","protected":false},"excerpt":{"rendered":"<p>Ainesosat:\u00a0Voimakas punainen paprika 87%, valkosipuli, korianteri, kumina, suola, sitruunahappo: E330. Alkuper\u00e4maa:\u00a0Tunisia. S\u00e4ilytys:\u00a0Kuivassa ja viile\u00e4ss\u00e4 paikassa. Avaamisen j\u00e4lkeen s\u00e4ilyt\u00e4 j\u00e4\u00e4kaapissa 4-6\u2103<\/p>\n","protected":false},"featured_media":83723,"template":"","meta":{"om_disable_all_campaigns":false,"_monsterinsights_skip_tracking":false,"_monsterinsights_sitenote_active":false,"_monsterinsights_sitenote_note":"","_monsterinsights_sitenote_category":0},"location":[1422],"product_brand":[1423],"product_cat":[1447],"product_tag":[],"class_list":{"0":"post-83705","1":"product","2":"type-product","3":"status-publish","4":"has-post-thumbnail","6":"location-v","7":"product_brand-ararat-ari-food","8":"product_cat-kastikkeet-en-2","9":"stock_type-pcs-en","11":"first","12":"instock","13":"taxable","14":"shipping-taxable","15":"purchasable","16":"product-type-simple"},"aioseo_notices":[],"locations":[{"id":1422,"name":"v","slug":"v","quantity":"144"}],"_links":{"self":[{"href":"https:\/\/araratfinland.com\/en\/wp-json\/wp\/v2\/product\/83705","targetHints":{"allow":["GET"]}}],"collection":[{"href":"https:\/\/araratfinland.com\/en\/wp-json\/wp\/v2\/product"}],"about":[{"href":"https:\/\/araratfinland.com\/en\/wp-json\/wp\/v2\/types\/product"}],"version-history":[{"count":1,"href":"https:\/\/araratfinland.com\/en\/wp-json\/wp\/v2\/product\/83705\/revisions"}],"predecessor-version":[{"id":83725,"href":"https:\/\/araratfinland.com\/en\/wp-json\/wp\/v2\/product\/83705\/revisions\/83725"}],"wp:featuredmedia":[{"embeddable":true,"href":"https:\/\/araratfinland.com\/en\/wp-json\/wp\/v2\/media\/83723"}],"wp:attachment":[{"href":"https:\/\/araratfinland.com\/en\/wp-json\/wp\/v2\/media?parent=83705"}],"wp:term":[{"taxonomy":"location","embeddable":true,"href":"https:\/\/araratfinland.com\/en\/wp-json\/wp\/v2\/location?post=83705"},{"taxonomy":"product_brand","embeddable":true,"href":"https:\/\/araratfinland.com\/en\/wp-json\/wp\/v2\/product_brand?post=83705"},{"taxonomy":"product_cat","embeddable":true,"href":"https:\/\/araratfinland.com\/en\/wp-json\/wp\/v2\/product_cat?post=83705"},{"taxonomy":"product_tag","embeddable":true,"href":"https:\/\/araratfinland.com\/en\/wp-json\/wp\/v2\/product_tag?post=83705"}],"curies":[{"name":"wp","href":"https:\/\/api.w.org\/{rel}","templated":true}]}}