{"id":83547,"date":"2025-07-31T12:52:28","date_gmt":"2025-07-31T09:52:28","guid":{"rendered":"https:\/\/araratfinland.com\/product\/sebahat-lokum-ruusu-360-g\/"},"modified":"2025-10-20T11:19:16","modified_gmt":"2025-10-20T08:19:16","slug":"sebahat-lokum-ruusu-360-g","status":"publish","type":"product","link":"https:\/\/araratfinland.com\/en\/product\/sebahat-lokum-ruusu-360-g\/","title":{"rendered":"Sebahat lokum ruusu 360 g"},"content":{"rendered":"<h4><span style=\"font-size: 18px;color: #000000\"><strong>Turkkilainen lokum ruusun maulla.<\/strong><\/span><\/h4>\n<h4><span style=\"font-size: 18px;color: #000000\"><strong>Ainesosat: <\/strong>Sokeri, vesi,\u00a0<strong>vehn\u00e4t\u00e4rkkelys,\u00a0<\/strong>aromit,<br \/>v\u00e4riaineta:E163, happamuudens\u00e4\u00e4t\u00f6aine: sitruunahappo.<\/span><\/h4>\n<h4><span style=\"font-size: 18px;color: #000000\"><strong>Saattaa sis\u00e4lt\u00e4\u00e4 pienia m\u00e4\u00e4ri\u00e4 p\u00e4hkin\u00f6it\u00e4 ja maissia.<\/strong><\/span><\/h4>\n<h4><span style=\"font-size: 18px;color: #000000\"><strong>S\u00e4ilytys: <\/strong>Kuivassa ja viile\u00e4ss\u00e4 paikassa.<\/span><\/h4>\n<table style=\"width: 410.406px\">\n<tbody>\n<tr style=\"height: 22px\">\n<td style=\"width: 401.753px;height: 22px\" colspan=\"2\"><span style=\"font-size: 18px;color: #000000\"><strong>Ravintosis\u00e4lt\u00f6 per 100g<\/strong><\/span><\/td>\n<\/tr>\n<\/tbody>\n<tbody>\n<tr style=\"height: 35.7656px\">\n<td style=\"width: 229.167px;height: 35.7656px\"><span style=\"font-size: 18px;color: #000000\">Energia<\/span><\/td>\n<td style=\"width: 167.274px;height: 35.7656px\"><span style=\"font-size: 18px;color: #000000\">1479 kJ \/348 kcal<\/span><\/td>\n<\/tr>\n<tr style=\"height: 22px\">\n<td style=\"width: 229.167px;height: 22px\"><span style=\"font-size: 18px;color: #000000\">Rasva<\/span><\/td>\n<td style=\"width: 167.274px;height: 22px\">\u00a0<\/td>\n<\/tr>\n<\/tbody>\n<\/table>\n","protected":false},"excerpt":{"rendered":"<p>Turkkilainen lokum ruusun maulla. Ainesosat: Sokeri, vesi,\u00a0vehn\u00e4t\u00e4rkkelys,\u00a0aromit,v\u00e4riaineta:E163, happamuudens\u00e4\u00e4t\u00f6aine: sitruunahappo. Saattaa sis\u00e4lt\u00e4\u00e4 pienia m\u00e4\u00e4ri\u00e4 p\u00e4hkin\u00f6it\u00e4 ja maissia. S\u00e4ilytys: Kuivassa ja viile\u00e4ss\u00e4<\/p>\n","protected":false},"featured_media":97673,"template":"","meta":{"om_disable_all_campaigns":false,"_monsterinsights_skip_tracking":false,"_monsterinsights_sitenote_active":false,"_monsterinsights_sitenote_note":"","_monsterinsights_sitenote_category":0},"location":[1422],"product_brand":[1423],"product_cat":[1442],"product_tag":[],"class_list":{"0":"post-83547","1":"product","2":"type-product","3":"status-publish","4":"has-post-thumbnail","6":"location-v","7":"product_brand-ararat-ari-food","8":"product_cat-makeiset-en-2","9":"stock_type-pcs-en","11":"first","12":"instock","13":"taxable","14":"shipping-taxable","15":"purchasable","16":"product-type-simple"},"aioseo_notices":[],"locations":[{"id":1422,"name":"v","slug":"v","quantity":"0"}],"_links":{"self":[{"href":"https:\/\/araratfinland.com\/en\/wp-json\/wp\/v2\/product\/83547","targetHints":{"allow":["GET"]}}],"collection":[{"href":"https:\/\/araratfinland.com\/en\/wp-json\/wp\/v2\/product"}],"about":[{"href":"https:\/\/araratfinland.com\/en\/wp-json\/wp\/v2\/types\/product"}],"version-history":[{"count":1,"href":"https:\/\/araratfinland.com\/en\/wp-json\/wp\/v2\/product\/83547\/revisions"}],"predecessor-version":[{"id":83773,"href":"https:\/\/araratfinland.com\/en\/wp-json\/wp\/v2\/product\/83547\/revisions\/83773"}],"wp:featuredmedia":[{"embeddable":true,"href":"https:\/\/araratfinland.com\/en\/wp-json\/wp\/v2\/media\/97673"}],"wp:attachment":[{"href":"https:\/\/araratfinland.com\/en\/wp-json\/wp\/v2\/media?parent=83547"}],"wp:term":[{"taxonomy":"location","embeddable":true,"href":"https:\/\/araratfinland.com\/en\/wp-json\/wp\/v2\/location?post=83547"},{"taxonomy":"product_brand","embeddable":true,"href":"https:\/\/araratfinland.com\/en\/wp-json\/wp\/v2\/product_brand?post=83547"},{"taxonomy":"product_cat","embeddable":true,"href":"https:\/\/araratfinland.com\/en\/wp-json\/wp\/v2\/product_cat?post=83547"},{"taxonomy":"product_tag","embeddable":true,"href":"https:\/\/araratfinland.com\/en\/wp-json\/wp\/v2\/product_tag?post=83547"}],"curies":[{"name":"wp","href":"https:\/\/api.w.org\/{rel}","templated":true}]}}