{"id":83543,"date":"2025-07-31T12:52:27","date_gmt":"2025-07-31T09:52:27","guid":{"rendered":"https:\/\/araratfinland.com\/product\/sebahat-lokum-granaattiomena-400-g-2\/"},"modified":"2025-09-05T15:55:18","modified_gmt":"2025-09-05T12:55:18","slug":"sebahat-lokum-granaattiomena-400-g-2","status":"publish","type":"product","link":"https:\/\/araratfinland.com\/en\/product\/sebahat-lokum-granaattiomena-400-g-2\/","title":{"rendered":"Sebahat lokum granaattiomena 400 g"},"content":{"rendered":"<p><span style=\"font-size: 18px;color: #000000\"><span style=\"font-size: 18px\"><strong>Ainesosat:\u00a0<\/strong>Sokeri, vesi, <strong>vehn\u00e4<\/strong>t\u00e4rkkelys,<br \/>sitruunahappo E330, aromi, v\u00e4ri: E163.<\/p>\n<p><strong>S\u00e4ilytys:\u00a0<\/strong>Kuivassa ja viile\u00e4ss\u00e4 paikassa.<br \/><\/span><\/span> <\/p>\n<h4><span style=\"font-size: 18px;color: #000000\"><strong>Saattaa sis\u00e4lt\u00e4\u00e4 pienia m\u00e4\u00e4ri\u00e4 p\u00e4hkin\u00f6it\u00e4.<br \/><\/strong><\/span><\/h4>\n","protected":false},"excerpt":{"rendered":"<p>Ainesosat:\u00a0Sokeri, vesi, vehn\u00e4t\u00e4rkkelys,sitruunahappo E330, aromi, v\u00e4ri: E163. S\u00e4ilytys:\u00a0Kuivassa ja viile\u00e4ss\u00e4 paikassa. Saattaa sis\u00e4lt\u00e4\u00e4 pienia m\u00e4\u00e4ri\u00e4 p\u00e4hkin\u00f6it\u00e4.<\/p>\n","protected":false},"featured_media":88819,"template":"","meta":{"om_disable_all_campaigns":false,"_monsterinsights_skip_tracking":false,"_monsterinsights_sitenote_active":false,"_monsterinsights_sitenote_note":"","_monsterinsights_sitenote_category":0},"location":[1422],"product_brand":[1423],"product_cat":[1442],"product_tag":[],"class_list":{"0":"post-83543","1":"product","2":"type-product","3":"status-publish","4":"has-post-thumbnail","6":"location-v","7":"product_brand-ararat-ari-food","8":"product_cat-makeiset-en-2","9":"stock_type-pcs-en","11":"first","12":"instock","13":"taxable","14":"shipping-taxable","15":"purchasable","16":"product-type-simple"},"aioseo_notices":[],"locations":[{"id":1422,"name":"v","slug":"v","quantity":"77"}],"_links":{"self":[{"href":"https:\/\/araratfinland.com\/en\/wp-json\/wp\/v2\/product\/83543","targetHints":{"allow":["GET"]}}],"collection":[{"href":"https:\/\/araratfinland.com\/en\/wp-json\/wp\/v2\/product"}],"about":[{"href":"https:\/\/araratfinland.com\/en\/wp-json\/wp\/v2\/types\/product"}],"version-history":[{"count":1,"href":"https:\/\/araratfinland.com\/en\/wp-json\/wp\/v2\/product\/83543\/revisions"}],"predecessor-version":[{"id":83769,"href":"https:\/\/araratfinland.com\/en\/wp-json\/wp\/v2\/product\/83543\/revisions\/83769"}],"wp:featuredmedia":[{"embeddable":true,"href":"https:\/\/araratfinland.com\/en\/wp-json\/wp\/v2\/media\/88819"}],"wp:attachment":[{"href":"https:\/\/araratfinland.com\/en\/wp-json\/wp\/v2\/media?parent=83543"}],"wp:term":[{"taxonomy":"location","embeddable":true,"href":"https:\/\/araratfinland.com\/en\/wp-json\/wp\/v2\/location?post=83543"},{"taxonomy":"product_brand","embeddable":true,"href":"https:\/\/araratfinland.com\/en\/wp-json\/wp\/v2\/product_brand?post=83543"},{"taxonomy":"product_cat","embeddable":true,"href":"https:\/\/araratfinland.com\/en\/wp-json\/wp\/v2\/product_cat?post=83543"},{"taxonomy":"product_tag","embeddable":true,"href":"https:\/\/araratfinland.com\/en\/wp-json\/wp\/v2\/product_tag?post=83543"}],"curies":[{"name":"wp","href":"https:\/\/api.w.org\/{rel}","templated":true}]}}