{"id":78006,"date":"2025-05-05T13:06:12","date_gmt":"2025-05-05T10:06:12","guid":{"rendered":"https:\/\/araratfinland.com\/product\/anabtawi-dubai-chocolate-200g-2\/"},"modified":"2025-11-06T10:43:22","modified_gmt":"2025-11-06T08:43:22","slug":"anabtawi-dubai-chocolate-200g-2","status":"publish","type":"product","link":"https:\/\/araratfinland.com\/en\/product\/anabtawi-dubai-chocolate-200g-2\/","title":{"rendered":"Anabtawi Dubai Chocolate 200g"},"content":{"rendered":"<p data-start=\"58\" data-end=\"95\"><strong data-start=\"58\" data-end=\"93\">Maitosuklaa pistaasipralineella<\/strong><\/p>\n<p data-start=\"97\" data-end=\"249\"><strong data-start=\"97\" data-end=\"111\">Ainesosat:<\/strong> Maitosuklaa, pistaasipraline, palmu\u00f6ljy, vanilja.<br data-start=\"161\" data-end=\"164\" \/> <strong data-start=\"164\" data-end=\"180\">Allergeenit:<\/strong> Sis\u00e4lt\u00e4\u00e4 maitoa, pistaasia ja soijaa. Saattaa sis\u00e4lt\u00e4\u00e4 p\u00e4hkin\u00f6it\u00e4.<\/p>\n<p data-start=\"251\" data-end=\"345\"><strong data-start=\"251\" data-end=\"277\">Ravintosis\u00e4lt\u00f6 \/ 40 g:<\/strong> Energia 190 kcal, rasva 11 g, hiilihydraatit 24 g, proteiini 3 g.<\/p>\n<p data-start=\"130\" data-end=\"167\">\u00a0<\/p>\n<p data-start=\"347\" data-end=\"385\"><strong data-start=\"347\" data-end=\"360\">S\u00e4ilytys:<\/strong> Kuivassa ja viile\u00e4ss\u00e4.<\/p>\n","protected":false},"excerpt":{"rendered":"<p>Maitosuklaa pistaasipralineella Ainesosat: Maitosuklaa, pistaasipraline, palmu\u00f6ljy, vanilja. Allergeenit: Sis\u00e4lt\u00e4\u00e4 maitoa, pistaasia ja soijaa. Saattaa sis\u00e4lt\u00e4\u00e4 p\u00e4hkin\u00f6it\u00e4. Ravintosis\u00e4lt\u00f6 \/ 40 g:<\/p>\n","protected":false},"featured_media":98778,"template":"","meta":{"om_disable_all_campaigns":false,"_monsterinsights_skip_tracking":false,"_monsterinsights_sitenote_active":false,"_monsterinsights_sitenote_note":"","_monsterinsights_sitenote_category":0},"location":[1422],"product_brand":[],"product_cat":[1442],"product_tag":[],"class_list":{"0":"post-78006","1":"product","2":"type-product","3":"status-publish","4":"has-post-thumbnail","6":"location-v","7":"product_cat-makeiset-en-2","8":"stock_type-pcs-en","10":"first","11":"instock","12":"taxable","13":"shipping-taxable","14":"purchasable","15":"product-type-simple"},"aioseo_notices":[],"locations":[{"id":1422,"name":"v","slug":"v","quantity":"0"}],"_links":{"self":[{"href":"https:\/\/araratfinland.com\/en\/wp-json\/wp\/v2\/product\/78006","targetHints":{"allow":["GET"]}}],"collection":[{"href":"https:\/\/araratfinland.com\/en\/wp-json\/wp\/v2\/product"}],"about":[{"href":"https:\/\/araratfinland.com\/en\/wp-json\/wp\/v2\/types\/product"}],"version-history":[{"count":1,"href":"https:\/\/araratfinland.com\/en\/wp-json\/wp\/v2\/product\/78006\/revisions"}],"predecessor-version":[{"id":97050,"href":"https:\/\/araratfinland.com\/en\/wp-json\/wp\/v2\/product\/78006\/revisions\/97050"}],"wp:featuredmedia":[{"embeddable":true,"href":"https:\/\/araratfinland.com\/en\/wp-json\/wp\/v2\/media\/98778"}],"wp:attachment":[{"href":"https:\/\/araratfinland.com\/en\/wp-json\/wp\/v2\/media?parent=78006"}],"wp:term":[{"taxonomy":"location","embeddable":true,"href":"https:\/\/araratfinland.com\/en\/wp-json\/wp\/v2\/location?post=78006"},{"taxonomy":"product_brand","embeddable":true,"href":"https:\/\/araratfinland.com\/en\/wp-json\/wp\/v2\/product_brand?post=78006"},{"taxonomy":"product_cat","embeddable":true,"href":"https:\/\/araratfinland.com\/en\/wp-json\/wp\/v2\/product_cat?post=78006"},{"taxonomy":"product_tag","embeddable":true,"href":"https:\/\/araratfinland.com\/en\/wp-json\/wp\/v2\/product_tag?post=78006"}],"curies":[{"name":"wp","href":"https:\/\/api.w.org\/{rel}","templated":true}]}}