{"id":77975,"date":"2025-05-02T15:51:31","date_gmt":"2025-05-02T12:51:31","guid":{"rendered":"https:\/\/araratfinland.com\/product\/al-raii-corned-beef-340-g-2\/"},"modified":"2025-05-05T13:11:23","modified_gmt":"2025-05-05T10:11:23","slug":"al-raii-corned-beef-340-g-2","status":"publish","type":"product","link":"https:\/\/araratfinland.com\/en\/product\/al-raii-corned-beef-340-g-2\/","title":{"rendered":"Al-Raii corned beef 340 g"},"content":{"rendered":"<div><span style=\"font-size: 18px;color: #000000\"><strong>Ainesosat:<\/strong>\u00a0Mekaanisesti erotettu kananliha 48%,<\/span><\/div>\n<div><span style=\"color: #000000\"><span style=\"font-size: 18px\">naudanliha 19%, vesi,\u00a0<strong>vehn\u00e4jauho<\/strong>,<br \/>naudanrasva 75%,\u00a0<\/span><span style=\"font-size: 18px\">suola, naudanliha 1%,<br \/>yrtit ja mausteet (korianteri),\u00a0<\/span><span style=\"font-size: 18px\">valkosipulijauhe,<br \/>maltodekstriini, dekstroosi,\u00a0<\/span><span style=\"font-size: 18px\">yrttiuute,\u00a0<strong>soija<\/strong>, proteiini,<br \/>stabilointiaine E450, s\u00e4il\u00f6nt\u00e4aine E250.<\/p>\n<p><\/span><\/span><\/div>\n<div><span style=\"font-size: 18px;color: #000000\"><strong>Alkuper\u00e4maa:<\/strong>\u00a0Brasilia.<\/p>\n<p><\/span><\/div>\n<div><span style=\"color: #000000\"><span style=\"font-size: 18px\"><strong>S\u00e4ilytys:\u00a0<\/strong>K<\/span><span style=\"font-size: 18px\">uivassa ja huoneenl\u00e4mm\u00f6ss\u00e4.<br \/><\/span><span style=\"font-size: 18px\">Avaamisen j\u00e4lkeen kylm\u00e4ss\u00e4\u00a0<\/span><\/span><span style=\"color: #000000\"><span style=\"font-size: 18px\">7\u2103 enint\u00e4\u00e4n<br \/>3 p\u00e4iv\u00e4\u00e4.\u00a0<strong>\u00c4l\u00e4 pid\u00e4 aukossa.<br \/><\/strong><\/span><span style=\"font-size: 18px\"><br \/><\/span><\/span> <\/p>\n<table style=\"height: 361px;width: 417.453px\">\n<tbody>\n<tr style=\"height: 6px\">\n<td style=\"width: 404.453px;height: 6px\" colspan=\"2\"><span style=\"font-size: 18px;color: #000000\"><strong>Ravintosis\u00e4lt\u00f6 per 100g<\/strong><\/span><\/td>\n<\/tr>\n<\/tbody>\n<tbody>\n<tr style=\"height: 1px\">\n<td style=\"width: 218px;height: 1px\"><span style=\"font-size: 18px;color: #000000\">Energiaa<\/span><\/td>\n<td style=\"width: 186.453px;height: 1px\"><span style=\"font-size: 18px;color: #000000\">1413 kj \/ 341 kcal<\/span><\/td>\n<\/tr>\n<tr style=\"height: 13px\">\n<td style=\"width: 218px;height: 13px\"><span style=\"font-size: 18px;color: #000000\">Rasva<\/span><\/td>\n<td style=\"width: 186.453px;height: 13px\"><span style=\"font-size: 18px;color: #000000\">29 g<\/span><\/td>\n<\/tr>\n<tr style=\"height: 14px\">\n<td style=\"width: 218px;height: 14px\"><span style=\"font-size: 18px;color: #000000\">josta tyydyttynytt\u00e4<\/span><\/td>\n<td style=\"width: 186.453px;height: 14px\"><span style=\"font-size: 18px;color: #000000\">10,4 g<\/span><\/td>\n<\/tr>\n<tr style=\"height: 7px\">\n<td style=\"width: 218px;height: 7px\"><span style=\"font-size: 18px;color: #000000\">Hiilihydraatit<\/span><\/td>\n<td style=\"width: 186.453px;height: 7px\"><span style=\"font-size: 18px;color: #000000\">1,9 g<\/span><\/td>\n<\/tr>\n<tr style=\"height: 1px\">\n<td style=\"width: 218px;height: 1px\"><span style=\"font-size: 18px;color: #000000\">josta sokereta<\/span><\/td>\n<td style=\"width: 186.453px;height: 1px\"><span style=\"font-size: 18px;color: #000000\"><\/p>\n","protected":false},"excerpt":{"rendered":"<p>Ainesosat:\u00a0Mekaanisesti erotettu kananliha 48%, naudanliha 19%, vesi,\u00a0vehn\u00e4jauho,naudanrasva 75%,\u00a0suola, naudanliha 1%,yrtit ja mausteet (korianteri),\u00a0valkosipulijauhe,maltodekstriini, dekstroosi,\u00a0yrttiuute,\u00a0soija, proteiini,stabilointiaine E450, s\u00e4il\u00f6nt\u00e4aine E250. Alkuper\u00e4maa:\u00a0Brasilia. S\u00e4ilytys:\u00a0Kuivassa<\/p>\n","protected":false},"featured_media":78018,"template":"","meta":{"om_disable_all_campaigns":false,"_monsterinsights_skip_tracking":false,"_monsterinsights_sitenote_active":false,"_monsterinsights_sitenote_note":"","_monsterinsights_sitenote_category":0},"location":[1422],"product_brand":[1423],"product_cat":[1644],"product_tag":[],"class_list":{"0":"post-77975","1":"product","2":"type-product","3":"status-publish","4":"has-post-thumbnail","6":"location-v","7":"product_brand-ararat-ari-food","8":"product_cat-1silykkeetvihannekset-en","9":"stock_type-pcs-en","11":"first","12":"instock","13":"taxable","14":"shipping-taxable","15":"purchasable","16":"product-type-simple"},"aioseo_notices":[],"locations":[{"id":1422,"name":"v","slug":"v","quantity":"240"}],"_links":{"self":[{"href":"https:\/\/araratfinland.com\/en\/wp-json\/wp\/v2\/product\/77975","targetHints":{"allow":["GET"]}}],"collection":[{"href":"https:\/\/araratfinland.com\/en\/wp-json\/wp\/v2\/product"}],"about":[{"href":"https:\/\/araratfinland.com\/en\/wp-json\/wp\/v2\/types\/product"}],"version-history":[{"count":1,"href":"https:\/\/araratfinland.com\/en\/wp-json\/wp\/v2\/product\/77975\/revisions"}],"predecessor-version":[{"id":77999,"href":"https:\/\/araratfinland.com\/en\/wp-json\/wp\/v2\/product\/77975\/revisions\/77999"}],"wp:featuredmedia":[{"embeddable":true,"href":"https:\/\/araratfinland.com\/en\/wp-json\/wp\/v2\/media\/78018"}],"wp:attachment":[{"href":"https:\/\/araratfinland.com\/en\/wp-json\/wp\/v2\/media?parent=77975"}],"wp:term":[{"taxonomy":"location","embeddable":true,"href":"https:\/\/araratfinland.com\/en\/wp-json\/wp\/v2\/location?post=77975"},{"taxonomy":"product_brand","embeddable":true,"href":"https:\/\/araratfinland.com\/en\/wp-json\/wp\/v2\/product_brand?post=77975"},{"taxonomy":"product_cat","embeddable":true,"href":"https:\/\/araratfinland.com\/en\/wp-json\/wp\/v2\/product_cat?post=77975"},{"taxonomy":"product_tag","embeddable":true,"href":"https:\/\/araratfinland.com\/en\/wp-json\/wp\/v2\/product_tag?post=77975"}],"curies":[{"name":"wp","href":"https:\/\/api.w.org\/{rel}","templated":true}]}}