{"id":77971,"date":"2025-05-02T15:51:30","date_gmt":"2025-05-02T12:51:30","guid":{"rendered":"https:\/\/araratfinland.com\/product\/aseel-vegetable-oil-500-g\/"},"modified":"2025-11-13T11:50:52","modified_gmt":"2025-11-13T09:50:52","slug":"aseel-vegetable-oil-500-g","status":"publish","type":"product","link":"https:\/\/araratfinland.com\/en\/product\/aseel-vegetable-oil-500-g\/","title":{"rendered":"Aseel vegetable oil 500 g"},"content":{"rendered":"<div><span style=\"color: #000000\"><span style=\"font-size: 18px\"><strong>Kasvi\u00f6ljy.<\/p>\n<p>Ainesosat:<\/strong>\u00a0Kasvi\u00f6ljyt (palmu\u00f6ljy,\u00a0<\/span><span style=\"font-size: 18px\">palmu-MID-fraktio,<\/span><\/span><\/div>\n<div><span style=\"font-size: 18px;color: #000000\"><strong>soija<\/strong>\u00f6ljy) luonteeltaan itsen\u00e4inen\u00a0<\/span><span style=\"font-size: 18px\"><span style=\"color: #000000\">voinmaku<\/span><br \/><span style=\"color: #000000\">beetakaroteeni (E160a).<\/span><\/p>\n<p><span style=\"color: #000000\"><strong>S\u00e4ilytys:<\/strong> Viile\u00e4ss\u00e4 ja kuivassa paikassa.<\/span><br \/><\/span><\/div>\n","protected":false},"excerpt":{"rendered":"<p>Kasvi\u00f6ljy. Ainesosat:\u00a0Kasvi\u00f6ljyt (palmu\u00f6ljy,\u00a0palmu-MID-fraktio, soija\u00f6ljy) luonteeltaan itsen\u00e4inen\u00a0voinmakubeetakaroteeni (E160a). S\u00e4ilytys: Viile\u00e4ss\u00e4 ja kuivassa paikassa.<\/p>\n","protected":false},"featured_media":100285,"template":"","meta":{"om_disable_all_campaigns":false,"_monsterinsights_skip_tracking":false,"_monsterinsights_sitenote_active":false,"_monsterinsights_sitenote_note":"","_monsterinsights_sitenote_category":0},"location":[1422],"product_brand":[1423],"product_cat":[1323],"product_tag":[],"class_list":{"0":"post-77971","1":"product","2":"type-product","3":"status-publish","4":"has-post-thumbnail","6":"location-v","7":"product_brand-ararat-ari-food","8":"product_cat-ljyt-en","9":"stock_type-prk-en","11":"first","12":"instock","13":"taxable","14":"shipping-taxable","15":"purchasable","16":"product-type-simple"},"aioseo_notices":[],"locations":[{"id":1422,"name":"v","slug":"v","quantity":"0"}],"_links":{"self":[{"href":"https:\/\/araratfinland.com\/en\/wp-json\/wp\/v2\/product\/77971","targetHints":{"allow":["GET"]}}],"collection":[{"href":"https:\/\/araratfinland.com\/en\/wp-json\/wp\/v2\/product"}],"about":[{"href":"https:\/\/araratfinland.com\/en\/wp-json\/wp\/v2\/types\/product"}],"version-history":[{"count":1,"href":"https:\/\/araratfinland.com\/en\/wp-json\/wp\/v2\/product\/77971\/revisions"}],"predecessor-version":[{"id":85819,"href":"https:\/\/araratfinland.com\/en\/wp-json\/wp\/v2\/product\/77971\/revisions\/85819"}],"wp:featuredmedia":[{"embeddable":true,"href":"https:\/\/araratfinland.com\/en\/wp-json\/wp\/v2\/media\/100285"}],"wp:attachment":[{"href":"https:\/\/araratfinland.com\/en\/wp-json\/wp\/v2\/media?parent=77971"}],"wp:term":[{"taxonomy":"location","embeddable":true,"href":"https:\/\/araratfinland.com\/en\/wp-json\/wp\/v2\/location?post=77971"},{"taxonomy":"product_brand","embeddable":true,"href":"https:\/\/araratfinland.com\/en\/wp-json\/wp\/v2\/product_brand?post=77971"},{"taxonomy":"product_cat","embeddable":true,"href":"https:\/\/araratfinland.com\/en\/wp-json\/wp\/v2\/product_cat?post=77971"},{"taxonomy":"product_tag","embeddable":true,"href":"https:\/\/araratfinland.com\/en\/wp-json\/wp\/v2\/product_tag?post=77971"}],"curies":[{"name":"wp","href":"https:\/\/api.w.org\/{rel}","templated":true}]}}