{"id":77965,"date":"2025-05-02T15:51:29","date_gmt":"2025-05-02T12:51:29","guid":{"rendered":"https:\/\/araratfinland.com\/product\/durra-zaatar-punainen-400-g\/"},"modified":"2025-05-02T15:51:29","modified_gmt":"2025-05-02T12:51:29","slug":"durra-zaatar-punainen-400-g","status":"publish","type":"product","link":"https:\/\/araratfinland.com\/en\/product\/durra-zaatar-punainen-400-g\/","title":{"rendered":"Durra Zaatar punainen 400 g"},"content":{"rendered":"<p>Ainesosat: vehn\u00e4 44%, Seesami 42,9%, Sumakki 3,6%,fenkoli 3,5%,auringonkukka\u00f6ljy 2%, suola 2%, korianteri 1%, Anis 1% S\u00e4ilytys: Viile\u00e4ss\u00e4 ja kuivassa paikassa. Alkuper\u00e4maa: Jordania \u00a0 Ravintosis\u00e4lt\u00f6 per 100g Energia 1494 kj \/ 357 kcal Rasva 9,0 g josta tyydyttyneitt\u00e4 1,0 g Hiilihydraatit 54 g josta sokereita 0 g Proteiini 23 g Suola 2,0 g<\/p>\n","protected":false},"excerpt":{"rendered":"<p>Ainesosat: vehn\u00e4 44%, Seesami 42,9%, Sumakki 3,6%,fenkoli 3,5%,auringonkukka\u00f6ljy 2%, suola 2%, korianteri 1%, Anis 1% S\u00e4ilytys: Viile\u00e4ss\u00e4 ja kuivassa paikassa.<\/p>\n","protected":false},"featured_media":77962,"template":"","meta":{"om_disable_all_campaigns":false,"_monsterinsights_skip_tracking":false,"_monsterinsights_sitenote_active":false,"_monsterinsights_sitenote_note":"","_monsterinsights_sitenote_category":0},"location":[1422],"product_brand":[1423],"product_cat":[1477],"product_tag":[],"class_list":{"0":"post-77965","1":"product","2":"type-product","3":"status-publish","4":"has-post-thumbnail","6":"location-v","7":"product_brand-ararat-ari-food","8":"product_cat-mausteet-en-2","9":"stock_type-pss-en","11":"first","12":"instock","13":"taxable","14":"shipping-taxable","15":"purchasable","16":"product-type-simple"},"aioseo_notices":[],"locations":[{"id":1422,"name":"v","slug":"v","quantity":"144"}],"_links":{"self":[{"href":"https:\/\/araratfinland.com\/en\/wp-json\/wp\/v2\/product\/77965","targetHints":{"allow":["GET"]}}],"collection":[{"href":"https:\/\/araratfinland.com\/en\/wp-json\/wp\/v2\/product"}],"about":[{"href":"https:\/\/araratfinland.com\/en\/wp-json\/wp\/v2\/types\/product"}],"version-history":[{"count":0,"href":"https:\/\/araratfinland.com\/en\/wp-json\/wp\/v2\/product\/77965\/revisions"}],"wp:featuredmedia":[{"embeddable":true,"href":"https:\/\/araratfinland.com\/en\/wp-json\/wp\/v2\/media\/77962"}],"wp:attachment":[{"href":"https:\/\/araratfinland.com\/en\/wp-json\/wp\/v2\/media?parent=77965"}],"wp:term":[{"taxonomy":"location","embeddable":true,"href":"https:\/\/araratfinland.com\/en\/wp-json\/wp\/v2\/location?post=77965"},{"taxonomy":"product_brand","embeddable":true,"href":"https:\/\/araratfinland.com\/en\/wp-json\/wp\/v2\/product_brand?post=77965"},{"taxonomy":"product_cat","embeddable":true,"href":"https:\/\/araratfinland.com\/en\/wp-json\/wp\/v2\/product_cat?post=77965"},{"taxonomy":"product_tag","embeddable":true,"href":"https:\/\/araratfinland.com\/en\/wp-json\/wp\/v2\/product_tag?post=77965"}],"curies":[{"name":"wp","href":"https:\/\/api.w.org\/{rel}","templated":true}]}}