{"id":76485,"date":"2025-04-17T12:54:48","date_gmt":"2025-04-17T09:54:48","guid":{"rendered":"https:\/\/araratfinland.com\/product\/tayas-damla-cola-12x80g-2\/"},"modified":"2025-11-16T15:41:13","modified_gmt":"2025-11-16T13:41:13","slug":"tayas-damla-cola-12x80g-2","status":"publish","type":"product","link":"https:\/\/araratfinland.com\/en\/product\/tayas-damla-cola-12x80g-2\/","title":{"rendered":"Tayas Damla Cola 12x80g"},"content":{"rendered":"<p class=\"\" data-start=\"77\" data-end=\"326\"><strong data-start=\"77\" data-end=\"111\">Kolanmakuinen pehme\u00e4 karamelli<\/strong><br data-start=\"111\" data-end=\"114\" \/> Ainesosat: Glukoosisiirappi, sokeri, vesi, naudan liivate, karamellisoitu sokerisiirappi, kasvi\u00f6ljy (palmu), happamuudens\u00e4\u00e4t\u00f6aineet (sitruuna- ja omenahappo), aromit (kola), v\u00e4ri (kurkumiini), kiillotusainetta.<\/p>\n<p class=\"\" data-start=\"328\" data-end=\"398\"><strong data-start=\"328\" data-end=\"353\">Ravintoarvot \/ 100 g:<\/strong><br data-start=\"353\" data-end=\"356\" \/> Energia: 1246 kJ \/ 341 kcal<br data-start=\"383\" data-end=\"386\" \/> Rasva: 0 g<\/p>\n<p class=\"\" data-start=\"401\" data-end=\"450\">josta tyydyttynytt\u00e4: 0 g<br data-start=\"425\" data-end=\"428\" \/> Hiilihydraatit: 83 g<\/p>\n<p class=\"\" data-start=\"453\" data-end=\"509\">josta sokeria: 63 g<br data-start=\"472\" data-end=\"475\" \/> Proteiini: 4,7 g<br data-start=\"491\" data-end=\"494\" \/> Suola: 0,03 g<\/p>\n","protected":false},"excerpt":{"rendered":"<p>Kolanmakuinen pehme\u00e4 karamelli Ainesosat: Glukoosisiirappi, sokeri, vesi, naudan liivate, karamellisoitu sokerisiirappi, kasvi\u00f6ljy (palmu), happamuudens\u00e4\u00e4t\u00f6aineet (sitruuna- ja omenahappo), aromit (kola), v\u00e4ri<\/p>\n","protected":false},"featured_media":100487,"template":"","meta":{"om_disable_all_campaigns":false,"_monsterinsights_skip_tracking":false,"_monsterinsights_sitenote_active":false,"_monsterinsights_sitenote_note":"","_monsterinsights_sitenote_category":0},"location":[1422],"product_brand":[],"product_cat":[1442],"product_tag":[],"class_list":{"0":"post-76485","1":"product","2":"type-product","3":"status-publish","4":"has-post-thumbnail","6":"location-v","7":"product_cat-makeiset-en-2","8":"stock_type-pcs-en","10":"first","11":"instock","12":"taxable","13":"shipping-taxable","14":"purchasable","15":"product-type-simple"},"aioseo_notices":[],"locations":[{"id":1422,"name":"v","slug":"v","quantity":"144"}],"_links":{"self":[{"href":"https:\/\/araratfinland.com\/en\/wp-json\/wp\/v2\/product\/76485","targetHints":{"allow":["GET"]}}],"collection":[{"href":"https:\/\/araratfinland.com\/en\/wp-json\/wp\/v2\/product"}],"about":[{"href":"https:\/\/araratfinland.com\/en\/wp-json\/wp\/v2\/types\/product"}],"version-history":[{"count":1,"href":"https:\/\/araratfinland.com\/en\/wp-json\/wp\/v2\/product\/76485\/revisions"}],"predecessor-version":[{"id":78461,"href":"https:\/\/araratfinland.com\/en\/wp-json\/wp\/v2\/product\/76485\/revisions\/78461"}],"wp:featuredmedia":[{"embeddable":true,"href":"https:\/\/araratfinland.com\/en\/wp-json\/wp\/v2\/media\/100487"}],"wp:attachment":[{"href":"https:\/\/araratfinland.com\/en\/wp-json\/wp\/v2\/media?parent=76485"}],"wp:term":[{"taxonomy":"location","embeddable":true,"href":"https:\/\/araratfinland.com\/en\/wp-json\/wp\/v2\/location?post=76485"},{"taxonomy":"product_brand","embeddable":true,"href":"https:\/\/araratfinland.com\/en\/wp-json\/wp\/v2\/product_brand?post=76485"},{"taxonomy":"product_cat","embeddable":true,"href":"https:\/\/araratfinland.com\/en\/wp-json\/wp\/v2\/product_cat?post=76485"},{"taxonomy":"product_tag","embeddable":true,"href":"https:\/\/araratfinland.com\/en\/wp-json\/wp\/v2\/product_tag?post=76485"}],"curies":[{"name":"wp","href":"https:\/\/api.w.org\/{rel}","templated":true}]}}