{"id":75794,"date":"2025-04-03T15:22:08","date_gmt":"2025-04-03T12:22:08","guid":{"rendered":"https:\/\/araratfinland.com\/product\/aurinkokukka-oljy-5l-2\/"},"modified":"2025-11-19T15:03:55","modified_gmt":"2025-11-19T13:03:55","slug":"aurinkokukka-oljy-5l-2","status":"publish","type":"product","link":"https:\/\/araratfinland.com\/en\/product\/aurinkokukka-oljy-5l-2\/","title":{"rendered":"Aurinkokukka \u00d6ljy 5L"},"content":{"rendered":"<h3 data-start=\"204\" data-end=\"234\"><strong data-start=\"208\" data-end=\"234\">Ravintosis\u00e4lt\u00f6 \/ 100 g<\/strong><\/h3>\n<p data-start=\"235\" data-end=\"459\">Energia: 3761 kJ \/ 899 kcal<br data-start=\"262\" data-end=\"265\" \/> Rasva: 99,93 g<br data-start=\"279\" data-end=\"282\" \/> \u2013 josta tyydyttyneit\u00e4: 12,8 g<br data-start=\"311\" data-end=\"314\" \/> \u2013 kertatyydyttym\u00e4tt\u00f6mi\u00e4: 14\u201335 g<br data-start=\"346\" data-end=\"349\" \/> \u2013 monityydyttym\u00e4tt\u00f6mi\u00e4: 50\u201375 g<br data-start=\"380\" data-end=\"383\" \/> Hiilihydraatit: 0 g<br data-start=\"402\" data-end=\"405\" \/> \u2013 josta sokereita: 0 g<br data-start=\"427\" data-end=\"430\" \/> Proteiini: 0 g<br data-start=\"444\" data-end=\"447\" \/> Suola: 0 g<\/p>\n<h3 data-start=\"461\" data-end=\"481\">\u00a0<\/h3>\n<h3 data-start=\"487\" data-end=\"506\"><strong data-start=\"491\" data-end=\"506\">Alkuper\u00e4maa<\/strong><\/h3>\n<p data-start=\"507\" data-end=\"514\">Ukraina<\/p>\n<h3 data-start=\"516\" data-end=\"532\"><strong data-start=\"520\" data-end=\"532\">S\u00e4ilytys<\/strong><\/h3>\n<p data-start=\"533\" data-end=\"653\">S\u00e4ilyt\u00e4 suljetussa ja pime\u00e4ss\u00e4 paikassa l\u00e4mp\u00f6tilassa<br data-start=\"585\" data-end=\"588\" \/> 0\u201330 \u00b0C.<br data-start=\"596\" data-end=\"599\" \/> Parasta ennen -p\u00e4iv\u00e4 ja er\u00e4numero: katso pakkauksesta.<\/p>\n","protected":false},"excerpt":{"rendered":"<p>Ravintosis\u00e4lt\u00f6 \/ 100 g Energia: 3761 kJ \/ 899 kcal Rasva: 99,93 g \u2013 josta tyydyttyneit\u00e4: 12,8 g \u2013 kertatyydyttym\u00e4tt\u00f6mi\u00e4:<\/p>\n","protected":false},"featured_media":100903,"template":"","meta":{"om_disable_all_campaigns":false,"_monsterinsights_skip_tracking":false,"_monsterinsights_sitenote_active":false,"_monsterinsights_sitenote_note":"","_monsterinsights_sitenote_category":0},"location":[1422],"product_brand":[],"product_cat":[1323],"product_tag":[],"class_list":{"0":"post-75794","1":"product","2":"type-product","3":"status-publish","4":"has-post-thumbnail","6":"location-v","7":"product_cat-ljyt-en","8":"stock_type-pcs-en","10":"first","11":"instock","12":"taxable","13":"shipping-taxable","14":"purchasable","15":"product-type-simple"},"aioseo_notices":[],"locations":[{"id":1422,"name":"v","slug":"v","quantity":"50"}],"_links":{"self":[{"href":"https:\/\/araratfinland.com\/en\/wp-json\/wp\/v2\/product\/75794","targetHints":{"allow":["GET"]}}],"collection":[{"href":"https:\/\/araratfinland.com\/en\/wp-json\/wp\/v2\/product"}],"about":[{"href":"https:\/\/araratfinland.com\/en\/wp-json\/wp\/v2\/types\/product"}],"version-history":[{"count":1,"href":"https:\/\/araratfinland.com\/en\/wp-json\/wp\/v2\/product\/75794\/revisions"}],"predecessor-version":[{"id":100074,"href":"https:\/\/araratfinland.com\/en\/wp-json\/wp\/v2\/product\/75794\/revisions\/100074"}],"wp:featuredmedia":[{"embeddable":true,"href":"https:\/\/araratfinland.com\/en\/wp-json\/wp\/v2\/media\/100903"}],"wp:attachment":[{"href":"https:\/\/araratfinland.com\/en\/wp-json\/wp\/v2\/media?parent=75794"}],"wp:term":[{"taxonomy":"location","embeddable":true,"href":"https:\/\/araratfinland.com\/en\/wp-json\/wp\/v2\/location?post=75794"},{"taxonomy":"product_brand","embeddable":true,"href":"https:\/\/araratfinland.com\/en\/wp-json\/wp\/v2\/product_brand?post=75794"},{"taxonomy":"product_cat","embeddable":true,"href":"https:\/\/araratfinland.com\/en\/wp-json\/wp\/v2\/product_cat?post=75794"},{"taxonomy":"product_tag","embeddable":true,"href":"https:\/\/araratfinland.com\/en\/wp-json\/wp\/v2\/product_tag?post=75794"}],"curies":[{"name":"wp","href":"https:\/\/api.w.org\/{rel}","templated":true}]}}