{"id":75094,"date":"2025-03-21T12:53:28","date_gmt":"2025-03-21T10:53:28","guid":{"rendered":"https:\/\/araratfinland.com\/product\/shlomo-punainen-linssi-800g-2\/"},"modified":"2025-11-07T14:37:35","modified_gmt":"2025-11-07T12:37:35","slug":"shlomo-punainen-linssi-800g-2","status":"publish","type":"product","link":"https:\/\/araratfinland.com\/en\/product\/shlomo-punainen-linssi-800g-2\/","title":{"rendered":"Shlomo punainen linssi 800g"},"content":{"rendered":"<h4><span style=\"font-size: 18px\"><strong>Punainen linssi.<\/strong><\/span><\/h4>\n<h4><span style=\"font-size: 18px\"><strong>S\u00e4ilytys: <\/strong>Kuivassa ja viile\u00e4ss\u00e4 paikassa.<\/span><\/h4>\n<h4><span style=\"font-size: 18px\"><strong>Linssej\u00e4 ei saa sy\u00f6d\u00e4 k\u00e4sittelem\u00e4tt\u00f6min\u00e4.<br \/>Ne on liotettava yli y\u00f6n,huuhdeltava\u00a0<\/strong><\/span><span style=\"font-size: 18px\"><strong>sek\u00e4<br \/>keitett\u00e4v\u00e4 v\u00e4hint\u00e4\u00e4n 20-30 min ajan.<\/strong><\/span><\/h4>\n<table width=\"248\">\n<tbody>\n<tr>\n<td colspan=\"2\"><span style=\"font-size: 18px\"><strong>Ravintosis\u00e4lt\u00f6 per 100g<\/strong><\/span><\/td>\n<\/tr>\n<\/tbody>\n<tbody>\n<tr>\n<td><span style=\"font-size: 18px\">Energia<\/span><\/td>\n<td><span style=\"font-size: 18px\">\u00a01500kJ \/ 350 kcal<\/span><\/td>\n<\/tr>\n<tr>\n<td><span style=\"font-size: 18px\">Rasva<\/span><\/td>\n<td><span style=\"font-size: 18px\">1,0 g<\/span><\/td>\n<\/tr>\n<tr>\n<td><span style=\"font-size: 18px\">josta tyydyttynytt\u00e4<\/span><\/td>\n<td><span style=\"font-size: 18px\">0,1 g<\/span><\/td>\n<\/tr>\n<tr>\n<td><span style=\"font-size: 18px\">Hiilihydraatit<\/span><\/td>\n<td><span style=\"font-size: 18px\">50 g<\/span><\/td>\n<\/tr>\n<tr>\n<td><span style=\"font-size: 18px\">josta sokereita<\/span><\/td>\n<td><span style=\"font-size: 18px\">3 g<\/span><\/td>\n<\/tr>\n<tr>\n<td><span style=\"font-size: 18px\">Proteiini<\/span><\/td>\n<td><span style=\"font-size: 18px\">10 g<\/span><\/td>\n<\/tr>\n<tr>\n<td><span style=\"font-size: 18px\">Fiber<\/span><\/td>\n<td><span style=\"font-size: 18px\">10 g<\/span><\/td>\n<\/tr>\n<tr>\n<td><span style=\"font-size: 18px\">Natriumia<\/span><\/td>\n<td><span style=\"font-size: 18px\">216 g<\/span><\/td>\n<\/tr>\n<tr>\n<td><span style=\"font-size: 18px\">Vitamiia B2\/B1<\/span><\/td>\n<td><span style=\"font-size: 18px\">0,24 mg<\/span><\/td>\n<\/tr>\n<tr>\n<td><span style=\"font-size: 18px\">Vitamiia B2\/B2<\/span><\/td>\n<td><span style=\"font-size: 18px\">0,06 mg<\/span><\/td>\n<\/tr>\n<tr>\n<td><span style=\"font-size: 18px\">Vitamiia B6\/B6<\/span><\/td>\n<td><span style=\"font-size: 18px\">0,2 mg<\/span><\/td>\n<\/tr>\n<tr>\n<td><span style=\"font-size: 18px\">Vitamiia E<\/span><\/td>\n<td><span style=\"font-size: 18px\">0,2 mg<\/span><\/td>\n<\/tr>\n<tr>\n<td><span style=\"font-size: 18px\">Fosforia<\/span><\/td>\n<td><span style=\"font-size: 18px\">247 mg<\/span><\/td>\n<\/tr>\n<tr>\n<td><span style=\"font-size: 18px\">Silitysrauta<\/span><\/td>\n<td><span style=\"font-size: 18px\">7 mg<\/span><\/td>\n<\/tr>\n<tr>\n<td><span style=\"font-size: 18px\">Kalsium<\/span><\/td>\n<td><span style=\"font-size: 18px\">10 mg<\/span><\/td>\n<\/tr>\n<tr>\n<td><span style=\"font-size: 18px\">Magnesiumia<\/span><\/td>\n<td><span style=\"font-size: 18px\">30 mg<\/span><\/td>\n<\/tr>\n<tr>\n<td><span style=\"font-size: 18px\">Seleenia<\/span><\/td>\n<td><span style=\"font-size: 18px\">0,007 mg<\/span><\/td>\n<\/tr>\n<\/tbody>\n<\/table>\n","protected":false},"excerpt":{"rendered":"<p>Punainen linssi. S\u00e4ilytys: Kuivassa ja viile\u00e4ss\u00e4 paikassa. Linssej\u00e4 ei saa sy\u00f6d\u00e4 k\u00e4sittelem\u00e4tt\u00f6min\u00e4.Ne on liotettava yli y\u00f6n,huuhdeltava\u00a0sek\u00e4keitett\u00e4v\u00e4 v\u00e4hint\u00e4\u00e4n 20-30 min ajan.<\/p>\n","protected":false},"featured_media":99207,"template":"","meta":{"om_disable_all_campaigns":false,"_monsterinsights_skip_tracking":false,"_monsterinsights_sitenote_active":false,"_monsterinsights_sitenote_note":"","_monsterinsights_sitenote_category":0},"location":[1422],"product_brand":[1423],"product_cat":[1448],"product_tag":[],"class_list":{"0":"post-75094","1":"product","2":"type-product","3":"status-publish","4":"has-post-thumbnail","6":"location-v","7":"product_brand-ararat-ari-food","8":"product_cat-kuiva-tuotteet-en-2","9":"stock_type-pcs-en","11":"first","12":"instock","13":"taxable","14":"shipping-taxable","15":"purchasable","16":"product-type-simple"},"aioseo_notices":[],"locations":[{"id":1422,"name":"v","slug":"v","quantity":"825"}],"_links":{"self":[{"href":"https:\/\/araratfinland.com\/en\/wp-json\/wp\/v2\/product\/75094","targetHints":{"allow":["GET"]}}],"collection":[{"href":"https:\/\/araratfinland.com\/en\/wp-json\/wp\/v2\/product"}],"about":[{"href":"https:\/\/araratfinland.com\/en\/wp-json\/wp\/v2\/types\/product"}],"version-history":[{"count":1,"href":"https:\/\/araratfinland.com\/en\/wp-json\/wp\/v2\/product\/75094\/revisions"}],"predecessor-version":[{"id":83135,"href":"https:\/\/araratfinland.com\/en\/wp-json\/wp\/v2\/product\/75094\/revisions\/83135"}],"wp:featuredmedia":[{"embeddable":true,"href":"https:\/\/araratfinland.com\/en\/wp-json\/wp\/v2\/media\/99207"}],"wp:attachment":[{"href":"https:\/\/araratfinland.com\/en\/wp-json\/wp\/v2\/media?parent=75094"}],"wp:term":[{"taxonomy":"location","embeddable":true,"href":"https:\/\/araratfinland.com\/en\/wp-json\/wp\/v2\/location?post=75094"},{"taxonomy":"product_brand","embeddable":true,"href":"https:\/\/araratfinland.com\/en\/wp-json\/wp\/v2\/product_brand?post=75094"},{"taxonomy":"product_cat","embeddable":true,"href":"https:\/\/araratfinland.com\/en\/wp-json\/wp\/v2\/product_cat?post=75094"},{"taxonomy":"product_tag","embeddable":true,"href":"https:\/\/araratfinland.com\/en\/wp-json\/wp\/v2\/product_tag?post=75094"}],"curies":[{"name":"wp","href":"https:\/\/api.w.org\/{rel}","templated":true}]}}