{"id":73535,"date":"2025-03-10T11:53:11","date_gmt":"2025-03-10T09:53:11","guid":{"rendered":"https:\/\/araratfinland.com\/product\/durra-amba-mixed-pickles-2800-g-2\/"},"modified":"2025-04-03T15:04:20","modified_gmt":"2025-04-03T12:04:20","slug":"durra-amba-mixed-pickles-2800-g-2","status":"publish","type":"product","link":"https:\/\/araratfinland.com\/en\/product\/durra-amba-mixed-pickles-2800-g-2\/","title":{"rendered":"Durra Amba Mixed Pickles 2800 g"},"content":{"rendered":"<p><span style=\"color: #000000\"><strong style=\"font-size: 18px\">Ainesosat:<\/strong><span style=\"font-size: 18px\">\u00a0Kasvikset vaihtelevissa suhteissa (56%),<\/span><\/span><br style=\"font-size: 18px\" \/><span style=\"font-size: 18px;color: #000000\">vesi 23%, omenaetikka 15%, ambamausteet 3,5%,<\/span><br style=\"font-size: 18px\" \/><span style=\"font-size: 18px;color: #000000\">suola 2%, happamuudens\u00e4\u00e4t\u00f6aine: E330 (0,45%),<\/span><br style=\"font-size: 18px\" \/><span style=\"font-size: 18px;color: #000000\">s\u00e4il\u00f6nt\u00e4aine: E202 (0,05%).<\/span><br style=\"font-size: 18px\" \/><span style=\"color: #000000\"><strong style=\"font-size: 18px\">S\u00e4ilytys:<\/strong><span style=\"font-size: 18px\">\u00a0Kuivassa ja viile\u00e4ss\u00e4 paikassa.<\/span><\/span><br style=\"font-size: 18px\" \/><span style=\"font-size: 18px;color: #000000\">S\u00e4ilyt\u00e4 j\u00e4\u00e4kaapissa avaamisen j\u00e4lkeen.<br \/><\/span> <\/p>\n<div>\n<table style=\"width: 379.438px;height: 224px\">\n<tbody>\n<tr style=\"height: 22px\">\n<td style=\"width: 362.438px;height: 22px\" colspan=\"2\"><span style=\"font-size: 18px;color: #000000\"><strong>Ravintosis\u00e4lt\u00f6 per 100g<\/strong><\/span><\/td>\n<\/tr>\n<\/tbody>\n<tbody>\n<tr style=\"height: 22px\">\n<td style=\"width: 193px;height: 22px\"><span style=\"font-size: 18px;color: #000000\">Energia<\/span><\/td>\n<td style=\"width: 169.438px;height: 22px\"><span style=\"font-size: 18px;color: #000000\">84 kJ \/ 20 kcal<\/span><\/td>\n<\/tr>\n<tr style=\"height: 22px\">\n<td style=\"width: 193px;height: 22px\"><span style=\"font-size: 18px;color: #000000\">Rasva<\/span><\/td>\n<td style=\"width: 169.438px;height: 22px\"><span style=\"font-size: 18px;color: #000000\">0 g<\/span><\/td>\n<\/tr>\n<tr style=\"height: 22px\">\n<td style=\"width: 193px;height: 22px\"><span style=\"font-size: 18px;color: #000000\">josta tyydyttynytt\u00e4<\/span><\/td>\n<td style=\"width: 169.438px;height: 22px\"><span style=\"font-size: 18px;color: #000000\">0 g<\/span><\/td>\n<\/tr>\n<tr style=\"height: 22px\">\n<td style=\"width: 193px;height: 22px\"><span style=\"font-size: 18px;color: #000000\">Hiilihydraatit<\/span><\/td>\n<td style=\"width: 169.438px;height: 22px\"><span style=\"font-size: 18px;color: #000000\">5,0 g<\/span><\/td>\n<\/tr>\n<tr style=\"height: 22px\">\n<td style=\"width: 193px;height: 22px\"><span style=\"font-size: 18px;color: #000000\">josta sokereita<\/span><\/td>\n<td style=\"width: 169.438px;height: 22px\"><span style=\"font-size: 18px;color: #000000\">0 g<\/span><\/td>\n<\/tr>\n<tr style=\"height: 22px\">\n<td style=\"width: 193px;height: 22px\"><span style=\"font-size: 18px;color: #000000\">Proteiini<\/span><\/td>\n<td style=\"width: 169.438px;height: 22px\"><span style=\"font-size: 18px;color: #000000\">0 g<\/span><\/td>\n<\/tr>\n<tr style=\"height: 22px\">\n<td style=\"width: 193px;height: 22px\"><span style=\"font-size: 18px;color: #000000\">Suola<\/span><\/td>\n<td style=\"width: 169.438px;height: 22px\"><span style=\"font-size: 18px;color: #000000\">2,0 g<br \/><\/span><\/td>\n<\/tr>\n<\/tbody>\n<\/table><\/div>\n","protected":false},"excerpt":{"rendered":"<p>Ainesosat:\u00a0Kasvikset vaihtelevissa suhteissa (56%),vesi 23%, omenaetikka 15%, ambamausteet 3,5%,suola 2%, happamuudens\u00e4\u00e4t\u00f6aine: E330 (0,45%),s\u00e4il\u00f6nt\u00e4aine: E202 (0,05%).S\u00e4ilytys:\u00a0Kuivassa ja viile\u00e4ss\u00e4 paikassa.S\u00e4ilyt\u00e4 j\u00e4\u00e4kaapissa avaamisen<\/p>\n","protected":false},"featured_media":75784,"template":"","meta":{"om_disable_all_campaigns":false,"_monsterinsights_skip_tracking":false,"_monsterinsights_sitenote_active":false,"_monsterinsights_sitenote_note":"","_monsterinsights_sitenote_category":0},"location":[1422],"product_brand":[1423],"product_cat":[1644],"product_tag":[],"class_list":{"0":"post-73535","1":"product","2":"type-product","3":"status-publish","4":"has-post-thumbnail","6":"location-v","7":"product_brand-ararat-ari-food","8":"product_cat-1silykkeetvihannekset-en","9":"stock_type-lasi-en","11":"first","12":"instock","13":"taxable","14":"shipping-taxable","15":"purchasable","16":"product-type-simple"},"aioseo_notices":[],"locations":[{"id":1422,"name":"v","slug":"v","quantity":"20"}],"_links":{"self":[{"href":"https:\/\/araratfinland.com\/en\/wp-json\/wp\/v2\/product\/73535","targetHints":{"allow":["GET"]}}],"collection":[{"href":"https:\/\/araratfinland.com\/en\/wp-json\/wp\/v2\/product"}],"about":[{"href":"https:\/\/araratfinland.com\/en\/wp-json\/wp\/v2\/types\/product"}],"version-history":[{"count":1,"href":"https:\/\/araratfinland.com\/en\/wp-json\/wp\/v2\/product\/73535\/revisions"}],"predecessor-version":[{"id":73833,"href":"https:\/\/araratfinland.com\/en\/wp-json\/wp\/v2\/product\/73535\/revisions\/73833"}],"wp:featuredmedia":[{"embeddable":true,"href":"https:\/\/araratfinland.com\/en\/wp-json\/wp\/v2\/media\/75784"}],"wp:attachment":[{"href":"https:\/\/araratfinland.com\/en\/wp-json\/wp\/v2\/media?parent=73535"}],"wp:term":[{"taxonomy":"location","embeddable":true,"href":"https:\/\/araratfinland.com\/en\/wp-json\/wp\/v2\/location?post=73535"},{"taxonomy":"product_brand","embeddable":true,"href":"https:\/\/araratfinland.com\/en\/wp-json\/wp\/v2\/product_brand?post=73535"},{"taxonomy":"product_cat","embeddable":true,"href":"https:\/\/araratfinland.com\/en\/wp-json\/wp\/v2\/product_cat?post=73535"},{"taxonomy":"product_tag","embeddable":true,"href":"https:\/\/araratfinland.com\/en\/wp-json\/wp\/v2\/product_tag?post=73535"}],"curies":[{"name":"wp","href":"https:\/\/api.w.org\/{rel}","templated":true}]}}