{"id":70646,"date":"2025-02-14T14:57:21","date_gmt":"2025-02-14T12:57:21","guid":{"rendered":"https:\/\/araratfinland.com\/product\/robert-kana-mortadella-hot-850g\/"},"modified":"2025-09-12T14:23:56","modified_gmt":"2025-09-12T11:23:56","slug":"robert-kana-mortadella-hot-850g","status":"publish","type":"product","link":"https:\/\/araratfinland.com\/en\/product\/robert-kana-mortadella-hot-850g\/","title":{"rendered":"Robert kana mortadella hot 850g"},"content":{"rendered":"<h3><span style=\"font-size: 18px\"><strong>Ainesosat:\u00a0<\/strong>Koneellisesti eroteltu broilerin liha 90%, vesi, suola,<br \/>glukoosisiirappi,\u00a0<\/span><span style=\"font-size: 18px\">paprika, pippuri, stabilointiaine (difosfaatti),<br \/>valkosipuli,\u00a0<\/span><span style=\"font-size: 18px\">antioksidantti (askorbiinihappo), s\u00e4il\u00f6nt\u00e4aine<br \/>(natriumnitriitti).<\/span><\/h3>\n<h4 style=\"background-image: initial;background-position: initial;background-size: initial;background-repeat: initial;background-attachment: initial;margin: 0cm 0cm 3.75pt\">\u00a0<\/h4>\n<h4 style=\"margin-top: 0cm;background-image: initial;background-position: initial;background-size: initial;background-repeat: initial;background-attachment: initial\"><span style=\"font-size: 18px\">S\u00e4ilytys: Kuivassa ja huoneenl\u00e4mp\u00f6tilassa.<br \/>Avattu tuote j\u00e4\u00e4kapissa\u00a0<\/span><span style=\"font-size: 18px\">ja k\u00e4yt\u00e4 3 vrk:n<br \/>kuluessa avaamisesta.<br \/><\/span><\/h4>\n<h4><span style=\"font-size: 18px\">Valmistettu Tanskassa.<\/span><\/h4>\n<div class=\"collapsible-container-content\">\n<div class=\"product-details-collapsible-padding nutritional-details\">\n<div class=\"nutritional-contents\">\n<table style=\"height: 240px\" width=\"261\">\n<tr>\n<th colspan=\"2\"><span style=\"font-size: 18px\">Ravintosis\u00e4lt\u00f6 per 100g<\/span><\/th>\n<th><span style=\"font-size: 18px\">\u00a0<\/span><\/th>\n<\/tr>\n<tbody>\n<tr>\n<td><span style=\"font-size: 18px\">Energia<\/span><\/td>\n<td><span style=\"font-size: 18px\">\u00a0735 kJ \/ 177 kcal<\/span><\/td>\n<\/tr>\n<tr>\n<td><span style=\"font-size: 18px\">Rasva<\/span><\/td>\n<td><span style=\"font-size: 18px\">13 g<\/span><\/td>\n<\/tr>\n<tr class=\"sub-content\">\n<td><span style=\"font-size: 18px\">josta tyydyttynytt\u00e4<\/span><\/td>\n<td><span style=\"font-size: 18px\">3,2 g<\/span><\/td>\n<\/tr>\n<tr>\n<td><span style=\"font-size: 18px\">Hiilihydraatit<\/span><\/td>\n<td><span style=\"font-size: 18px\">0,9\u00a0 g<\/span><\/td>\n<\/tr>\n<tr class=\"sub-content\">\n<td><span style=\"font-size: 18px\">josta sokereita<\/span><\/td>\n<td><span style=\"font-size: 18px\">0 g<\/span><\/td>\n<\/tr>\n<tr>\n<td><span style=\"font-size: 18px\">Proteiini<\/span><\/td>\n<td><span style=\"font-size: 18px\">14 g<\/span><\/td>\n<\/tr>\n<tr>\n<td><span style=\"font-size: 18px\">Suola<\/span><\/td>\n<td><span style=\"font-size: 18px\">2,1 g<\/span><\/td>\n<\/tr>\n<\/tbody>\n<\/table><\/div>\n<\/p><\/div>\n<\/p><\/div>\n","protected":false},"excerpt":{"rendered":"<p>Ainesosat:\u00a0Koneellisesti eroteltu broilerin liha 90%, vesi, suola,glukoosisiirappi,\u00a0paprika, pippuri, stabilointiaine (difosfaatti),valkosipuli,\u00a0antioksidantti (askorbiinihappo), s\u00e4il\u00f6nt\u00e4aine(natriumnitriitti). \u00a0 S\u00e4ilytys: Kuivassa ja huoneenl\u00e4mp\u00f6tilassa.Avattu tuote j\u00e4\u00e4kapissa\u00a0ja k\u00e4yt\u00e4<\/p>\n","protected":false},"featured_media":91462,"template":"","meta":{"om_disable_all_campaigns":false,"_monsterinsights_skip_tracking":false,"_monsterinsights_sitenote_active":false,"_monsterinsights_sitenote_note":"","_monsterinsights_sitenote_category":0},"location":[1422],"product_brand":[1423],"product_cat":[1454],"product_tag":[],"class_list":{"0":"post-70646","1":"product","2":"type-product","3":"status-publish","4":"has-post-thumbnail","6":"location-v","7":"product_brand-ararat-ari-food","8":"product_cat-salamit-en-2","9":"stock_type-prk-en","11":"first","12":"instock","13":"taxable","14":"shipping-taxable","15":"purchasable","16":"product-type-simple"},"aioseo_notices":[],"locations":[{"id":1422,"name":"v","slug":"v","quantity":"714"}],"_links":{"self":[{"href":"https:\/\/araratfinland.com\/en\/wp-json\/wp\/v2\/product\/70646","targetHints":{"allow":["GET"]}}],"collection":[{"href":"https:\/\/araratfinland.com\/en\/wp-json\/wp\/v2\/product"}],"about":[{"href":"https:\/\/araratfinland.com\/en\/wp-json\/wp\/v2\/types\/product"}],"version-history":[{"count":1,"href":"https:\/\/araratfinland.com\/en\/wp-json\/wp\/v2\/product\/70646\/revisions"}],"predecessor-version":[{"id":74516,"href":"https:\/\/araratfinland.com\/en\/wp-json\/wp\/v2\/product\/70646\/revisions\/74516"}],"wp:featuredmedia":[{"embeddable":true,"href":"https:\/\/araratfinland.com\/en\/wp-json\/wp\/v2\/media\/91462"}],"wp:attachment":[{"href":"https:\/\/araratfinland.com\/en\/wp-json\/wp\/v2\/media?parent=70646"}],"wp:term":[{"taxonomy":"location","embeddable":true,"href":"https:\/\/araratfinland.com\/en\/wp-json\/wp\/v2\/location?post=70646"},{"taxonomy":"product_brand","embeddable":true,"href":"https:\/\/araratfinland.com\/en\/wp-json\/wp\/v2\/product_brand?post=70646"},{"taxonomy":"product_cat","embeddable":true,"href":"https:\/\/araratfinland.com\/en\/wp-json\/wp\/v2\/product_cat?post=70646"},{"taxonomy":"product_tag","embeddable":true,"href":"https:\/\/araratfinland.com\/en\/wp-json\/wp\/v2\/product_tag?post=70646"}],"curies":[{"name":"wp","href":"https:\/\/api.w.org\/{rel}","templated":true}]}}