{"id":69097,"date":"2025-02-06T09:44:52","date_gmt":"2025-02-06T07:44:52","guid":{"rendered":"https:\/\/araratfinland.com\/product\/abido-muskottipahkina-ja-kaneli-10x40g-2\/"},"modified":"2025-10-17T12:01:50","modified_gmt":"2025-10-17T09:01:50","slug":"abido-muskottipahkina-ja-kaneli-10x40g-2","status":"publish","type":"product","link":"https:\/\/araratfinland.com\/en\/product\/abido-muskottipahkina-ja-kaneli-10x40g-2\/","title":{"rendered":"Abido Muskottip\u00e4hkin\u00e4 ja kaneli 10x40g"},"content":{"rendered":"<h4 style=\"margin: 0px 0px var(--wd-tags-mb) 0px;padding: 0px;border: 0px;vertical-align: baseline;font-weight: var(--wd-title-font-weight);line-height: 1.4;font-family: var(--wd-title-font);font-size: 18px;color: var(--wd-title-color)\"><span style=\"margin: 0px;padding: 0px;border: 0px;vertical-align: baseline;font-style: inherit;font-variant: inherit;font-weight: inherit;line-height: inherit;font-family: inherit;font-size: 19px\"><span style=\"margin: 0px;padding: 0px;border: 0px;vertical-align: baseline;font-style: inherit;font-variant: inherit;font-weight: 600;line-height: inherit;font-family: inherit\">Muskottip\u00e4hkin\u00e4 ja Kaneli<\/span><\/span><\/h4>\n<h4 style=\"margin: 0px 0px var(--wd-tags-mb) 0px;padding: 0px;border: 0px;vertical-align: baseline;font-weight: var(--wd-title-font-weight);line-height: 1.4;font-family: var(--wd-title-font);font-size: 18px;color: var(--wd-title-color)\"><span style=\"margin: 0px;padding: 0px;border: 0px;vertical-align: baseline;font-style: inherit;font-variant: inherit;font-weight: inherit;line-height: inherit;font-family: inherit;font-size: 19px\"><span style=\"margin: 0px;padding: 0px;border: 0px;vertical-align: baseline;font-style: inherit;font-variant: inherit;font-weight: 600;line-height: inherit;font-family: inherit\">Ainesosat:<\/span>\u00a0<\/span><span style=\"font-family: inherit;font-style: inherit;font-weight: 600;font-size: 19px;color: var(--wd-title-color)\">Muskottip\u00e4hkin\u00e4 (80%) ja Kaneli(20%)<\/span><\/h4>\n<h4 style=\"margin: 0px 0px var(--wd-tags-mb) 0px;padding: 0px;border: 0px;vertical-align: baseline;font-weight: var(--wd-title-font-weight);line-height: 1.4;font-family: var(--wd-title-font);font-size: 18px;color: var(--wd-title-color)\"><span style=\"margin: 0px;padding: 0px;border: 0px;vertical-align: baseline;font-style: inherit;font-variant: inherit;font-weight: inherit;line-height: inherit;font-family: inherit;font-size: 19px\"><span style=\"margin: 0px;padding: 0px;border: 0px;vertical-align: baseline;font-style: inherit;font-variant: inherit;font-weight: 600;line-height: inherit;font-family: inherit\">S\u00e4ilytys:<\/span>\u00a0Pid\u00e4 viile\u00e4ss\u00e4 ja kuivassa paikassa.<\/span><\/h4>\n","protected":false},"excerpt":{"rendered":"<p>Muskottip\u00e4hkin\u00e4 ja Kaneli Ainesosat:\u00a0Muskottip\u00e4hkin\u00e4 (80%) ja Kaneli(20%) S\u00e4ilytys:\u00a0Pid\u00e4 viile\u00e4ss\u00e4 ja kuivassa paikassa.<\/p>\n","protected":false},"featured_media":97237,"template":"","meta":{"om_disable_all_campaigns":false,"_monsterinsights_skip_tracking":false,"_monsterinsights_sitenote_active":false,"_monsterinsights_sitenote_note":"","_monsterinsights_sitenote_category":0},"location":[1422],"product_brand":[1423],"product_cat":[1477],"product_tag":[],"class_list":{"0":"post-69097","1":"product","2":"type-product","3":"status-publish","4":"has-post-thumbnail","6":"location-v","7":"product_brand-ararat-ari-food","8":"product_cat-mausteet-en-2","9":"stock_type-pcs-en","11":"first","12":"instock","13":"taxable","14":"shipping-taxable","15":"purchasable","16":"product-type-simple"},"aioseo_notices":[],"locations":[{"id":1422,"name":"v","slug":"v","quantity":"21"}],"_links":{"self":[{"href":"https:\/\/araratfinland.com\/en\/wp-json\/wp\/v2\/product\/69097","targetHints":{"allow":["GET"]}}],"collection":[{"href":"https:\/\/araratfinland.com\/en\/wp-json\/wp\/v2\/product"}],"about":[{"href":"https:\/\/araratfinland.com\/en\/wp-json\/wp\/v2\/types\/product"}],"version-history":[{"count":1,"href":"https:\/\/araratfinland.com\/en\/wp-json\/wp\/v2\/product\/69097\/revisions"}],"predecessor-version":[{"id":69200,"href":"https:\/\/araratfinland.com\/en\/wp-json\/wp\/v2\/product\/69097\/revisions\/69200"}],"wp:featuredmedia":[{"embeddable":true,"href":"https:\/\/araratfinland.com\/en\/wp-json\/wp\/v2\/media\/97237"}],"wp:attachment":[{"href":"https:\/\/araratfinland.com\/en\/wp-json\/wp\/v2\/media?parent=69097"}],"wp:term":[{"taxonomy":"location","embeddable":true,"href":"https:\/\/araratfinland.com\/en\/wp-json\/wp\/v2\/location?post=69097"},{"taxonomy":"product_brand","embeddable":true,"href":"https:\/\/araratfinland.com\/en\/wp-json\/wp\/v2\/product_brand?post=69097"},{"taxonomy":"product_cat","embeddable":true,"href":"https:\/\/araratfinland.com\/en\/wp-json\/wp\/v2\/product_cat?post=69097"},{"taxonomy":"product_tag","embeddable":true,"href":"https:\/\/araratfinland.com\/en\/wp-json\/wp\/v2\/product_tag?post=69097"}],"curies":[{"name":"wp","href":"https:\/\/api.w.org\/{rel}","templated":true}]}}