{"id":66257,"date":"2025-01-23T14:29:54","date_gmt":"2025-01-23T12:29:54","guid":{"rendered":"https:\/\/araratfinland.com\/product\/nawras-popcorn-900-g-2\/"},"modified":"2025-09-11T14:44:41","modified_gmt":"2025-09-11T11:44:41","slug":"nawras-popcorn-900-g-2","status":"publish","type":"product","link":"https:\/\/araratfinland.com\/en\/product\/nawras-popcorn-900-g-2\/","title":{"rendered":"Nawras popcorn 900 g"},"content":{"rendered":"<h4><span style=\"font-size: 18px;color: #000000\"><strong>Maissinjyv\u00e4t.<\/strong><\/span><\/h4>\n<h4><span style=\"font-size: 18px;color: #000000\"><strong>S\u00e4ilytys:<\/strong>\u00a0Viile\u00e4ss\u00e4 ja kuivassa paikassa.<\/span><\/h4>\n<h4><span style=\"font-size: 18px;color: #000000\"><strong>Alkuper\u00e4maa: <\/strong>Brasilia.<\/span><\/h4>\n<table style=\"width: 392px\">\n<tbody>\n<tr style=\"height: 22px\">\n<td style=\"width: 380px;height: 22px\" colspan=\"2\"><span style=\"font-size: 18px;color: #000000\"><strong>Ravintosis\u00e4lt\u00f6 per 100g<\/strong><\/span><\/td>\n<\/tr>\n<\/tbody>\n<tbody>\n<tr style=\"height: 22px\">\n<td style=\"width: 200.719px;height: 22px\"><span style=\"font-size: 18px;color: #000000\">Energia<\/span><\/td>\n<td style=\"width: 179.281px;height: 22px\"><span style=\"font-size: 18px;color: #000000\">1457 kj\u00a0\/ 348 kcal<\/span><\/td>\n<\/tr>\n<tr style=\"height: 22px\">\n<td style=\"width: 200.719px;height: 22px\"><span style=\"font-size: 18px;color: #000000\">Rasva<\/span><\/td>\n<td style=\"width: 179.281px;height: 22px\"><span style=\"font-size: 18px;color: #000000\">4,7 g<\/span><\/td>\n<\/tr>\n<tr style=\"height: 32.8125px\">\n<td style=\"width: 200.719px;height: 32.8125px\"><span style=\"font-size: 18px;color: #000000\">josta tyydyttyneitt\u00e4<\/span><\/td>\n<td style=\"width: 179.281px;height: 32.8125px\"><span style=\"font-size: 18px;color: #000000\">0,5 g<\/span><\/td>\n<\/tr>\n<tr style=\"height: 22px\">\n<td style=\"width: 200.719px;height: 22px\"><span style=\"font-size: 18px;color: #000000\">Hiilihydraatit<\/span><\/td>\n<td style=\"width: 179.281px;height: 22px\"><span style=\"font-size: 18px;color: #000000\">60,7 g<\/span><\/td>\n<\/tr>\n<tr style=\"height: 22px\">\n<td style=\"width: 200.719px;height: 22px\"><span style=\"font-size: 18px;color: #000000\">josta sokereita<\/span><\/td>\n<td style=\"width: 179.281px;height: 22px\"><span style=\"font-size: 18px;color: #000000\">0,1 g<\/span><\/td>\n<\/tr>\n<tr style=\"height: 22px\">\n<td style=\"width: 200.719px;height: 22px\"><span style=\"font-size: 18px;color: #000000\">Proteiini<\/span><\/td>\n<td style=\"width: 179.281px;height: 22px\"><span style=\"font-size: 18px;color: #000000\">9,9 g<\/span><\/td>\n<\/tr>\n<tr style=\"height: 22px\">\n<td style=\"width: 200.719px;height: 22px\"><span style=\"font-size: 18px;color: #000000\">Suola<\/span><\/td>\n<td style=\"width: 179.281px;height: 22px\"><span style=\"font-size: 18px;color: #000000\">7 g<\/span><\/td>\n<\/tr>\n<\/tbody>\n<\/table>\n","protected":false},"excerpt":{"rendered":"<p>Maissinjyv\u00e4t. S\u00e4ilytys:\u00a0Viile\u00e4ss\u00e4 ja kuivassa paikassa. Alkuper\u00e4maa: Brasilia. Ravintosis\u00e4lt\u00f6 per 100g Energia 1457 kj\u00a0\/ 348 kcal Rasva 4,7 g josta tyydyttyneitt\u00e4<\/p>\n","protected":false},"featured_media":90405,"template":"","meta":{"om_disable_all_campaigns":false,"_monsterinsights_skip_tracking":false,"_monsterinsights_sitenote_active":false,"_monsterinsights_sitenote_note":"","_monsterinsights_sitenote_category":0},"location":[1422],"product_brand":[1423],"product_cat":[1448],"product_tag":[],"class_list":{"0":"post-66257","1":"product","2":"type-product","3":"status-publish","4":"has-post-thumbnail","6":"location-v","7":"product_brand-ararat-ari-food","8":"product_cat-kuiva-tuotteet-en-2","9":"stock_type-pcs-en","11":"first","12":"instock","13":"taxable","14":"shipping-taxable","15":"purchasable","16":"product-type-simple"},"aioseo_notices":[],"locations":[{"id":1422,"name":"v","slug":"v","quantity":"86"}],"_links":{"self":[{"href":"https:\/\/araratfinland.com\/en\/wp-json\/wp\/v2\/product\/66257","targetHints":{"allow":["GET"]}}],"collection":[{"href":"https:\/\/araratfinland.com\/en\/wp-json\/wp\/v2\/product"}],"about":[{"href":"https:\/\/araratfinland.com\/en\/wp-json\/wp\/v2\/types\/product"}],"version-history":[{"count":1,"href":"https:\/\/araratfinland.com\/en\/wp-json\/wp\/v2\/product\/66257\/revisions"}],"predecessor-version":[{"id":66261,"href":"https:\/\/araratfinland.com\/en\/wp-json\/wp\/v2\/product\/66257\/revisions\/66261"}],"wp:featuredmedia":[{"embeddable":true,"href":"https:\/\/araratfinland.com\/en\/wp-json\/wp\/v2\/media\/90405"}],"wp:attachment":[{"href":"https:\/\/araratfinland.com\/en\/wp-json\/wp\/v2\/media?parent=66257"}],"wp:term":[{"taxonomy":"location","embeddable":true,"href":"https:\/\/araratfinland.com\/en\/wp-json\/wp\/v2\/location?post=66257"},{"taxonomy":"product_brand","embeddable":true,"href":"https:\/\/araratfinland.com\/en\/wp-json\/wp\/v2\/product_brand?post=66257"},{"taxonomy":"product_cat","embeddable":true,"href":"https:\/\/araratfinland.com\/en\/wp-json\/wp\/v2\/product_cat?post=66257"},{"taxonomy":"product_tag","embeddable":true,"href":"https:\/\/araratfinland.com\/en\/wp-json\/wp\/v2\/product_tag?post=66257"}],"curies":[{"name":"wp","href":"https:\/\/api.w.org\/{rel}","templated":true}]}}