{"id":65436,"date":"2025-01-13T15:17:25","date_gmt":"2025-01-13T13:17:25","guid":{"rendered":"https:\/\/araratfinland.com\/product\/sara-tunisia-taateleita-500g-2\/"},"modified":"2025-11-07T16:11:29","modified_gmt":"2025-11-07T14:11:29","slug":"sara-tunisia-taateleita-500g-2","status":"publish","type":"product","link":"https:\/\/araratfinland.com\/en\/product\/sara-tunisia-taateleita-500g-2\/","title":{"rendered":"Sara Tunisia Taateleita 500g"},"content":{"rendered":"<p><strong data-start=\"69\" data-end=\"105\">Deglet Nour -taatelit Tunisiasta<\/strong><br data-start=\"105\" data-end=\"108\" \/> Ainesosat: taatelit, glukoosisiirappi<br data-start=\"145\" data-end=\"148\" \/> S\u00e4ilytys: s\u00e4ilyt\u00e4 viile\u00e4ss\u00e4 ja kuivassa paikassa.<br data-start=\"197\" data-end=\"200\" \/> Nettopaino: 500 g<\/p>\n","protected":false},"excerpt":{"rendered":"<p>Deglet Nour -taatelit Tunisiasta Ainesosat: taatelit, glukoosisiirappi S\u00e4ilytys: s\u00e4ilyt\u00e4 viile\u00e4ss\u00e4 ja kuivassa paikassa. Nettopaino: 500 g<\/p>\n","protected":false},"featured_media":99317,"template":"","meta":{"om_disable_all_campaigns":false,"_monsterinsights_skip_tracking":false,"_monsterinsights_sitenote_active":false,"_monsterinsights_sitenote_note":"","_monsterinsights_sitenote_category":0},"location":[1422],"product_brand":[1423],"product_cat":[1485],"product_tag":[],"class_list":{"0":"post-65436","1":"product","2":"type-product","3":"status-publish","4":"has-post-thumbnail","6":"location-v","7":"product_brand-ararat-ari-food","8":"product_cat-taatelit-en-makeiset-fi","9":"stock_type-pcs-en","11":"first","12":"instock","13":"taxable","14":"shipping-taxable","15":"purchasable","16":"product-type-simple"},"aioseo_notices":[],"locations":[{"id":1422,"name":"v","slug":"v","quantity":"0"}],"_links":{"self":[{"href":"https:\/\/araratfinland.com\/en\/wp-json\/wp\/v2\/product\/65436","targetHints":{"allow":["GET"]}}],"collection":[{"href":"https:\/\/araratfinland.com\/en\/wp-json\/wp\/v2\/product"}],"about":[{"href":"https:\/\/araratfinland.com\/en\/wp-json\/wp\/v2\/types\/product"}],"version-history":[{"count":1,"href":"https:\/\/araratfinland.com\/en\/wp-json\/wp\/v2\/product\/65436\/revisions"}],"predecessor-version":[{"id":99319,"href":"https:\/\/araratfinland.com\/en\/wp-json\/wp\/v2\/product\/65436\/revisions\/99319"}],"wp:featuredmedia":[{"embeddable":true,"href":"https:\/\/araratfinland.com\/en\/wp-json\/wp\/v2\/media\/99317"}],"wp:attachment":[{"href":"https:\/\/araratfinland.com\/en\/wp-json\/wp\/v2\/media?parent=65436"}],"wp:term":[{"taxonomy":"location","embeddable":true,"href":"https:\/\/araratfinland.com\/en\/wp-json\/wp\/v2\/location?post=65436"},{"taxonomy":"product_brand","embeddable":true,"href":"https:\/\/araratfinland.com\/en\/wp-json\/wp\/v2\/product_brand?post=65436"},{"taxonomy":"product_cat","embeddable":true,"href":"https:\/\/araratfinland.com\/en\/wp-json\/wp\/v2\/product_cat?post=65436"},{"taxonomy":"product_tag","embeddable":true,"href":"https:\/\/araratfinland.com\/en\/wp-json\/wp\/v2\/product_tag?post=65436"}],"curies":[{"name":"wp","href":"https:\/\/api.w.org\/{rel}","templated":true}]}}