{"id":65368,"date":"2025-01-13T12:07:10","date_gmt":"2025-01-13T10:07:10","guid":{"rendered":"https:\/\/araratfinland.com\/product\/mutlu-arpa-sheria-500-g-2\/"},"modified":"2025-10-17T14:23:36","modified_gmt":"2025-10-17T11:23:36","slug":"mutlu-arpa-sheria-500-g-2","status":"publish","type":"product","link":"https:\/\/araratfinland.com\/en\/product\/mutlu-arpa-sheria-500-g-2\/","title":{"rendered":"Mutlu arpa sheria 500 g"},"content":{"rendered":"<p><span style=\"font-size: 18px;color: #000000\"><strong>Ainesosat:<\/strong>\u00a0<strong>100%<\/strong> <strong>durumvehn\u00e4\u00e4.<\/p>\n<p>S\u00e4ilytys: <\/strong>Kuivassa ja viile\u00e4ss\u00e4 paikassa.<\/p>\n<p><strong>Allergeeni:<\/strong> <strong>Sis\u00e4lt\u00e4\u00e4 gluteenia.<\/strong><\/p>\n<p><\/span> <\/p>\n<table style=\"width: 397.422px\">\n<tbody>\n<tr style=\"height: 22px\">\n<td style=\"width: 382.422px;height: 22px\" colspan=\"2\"><span style=\"font-size: 18px;color: #000000\"><strong>Ravintosis\u00e4lt\u00f6 per 100g<\/strong><\/span><\/td>\n<\/tr>\n<\/tbody>\n<tbody>\n<tr style=\"height: 22px\">\n<td style=\"width: 211px;height: 22px\"><span style=\"font-size: 18px;color: #000000\">Energia<\/span><\/td>\n<td style=\"width: 171.422px;height: 22px\"><span style=\"font-size: 18px;color: #000000\">1471 kj \/ 352 kcal<\/span><\/td>\n<\/tr>\n<tr style=\"height: 22px\">\n<td style=\"width: 211px;height: 22px\"><span style=\"font-size: 18px;color: #000000\">Rasva<\/span><\/td>\n<td style=\"width: 171.422px;height: 22px\"><span style=\"font-size: 18px;color: #000000\">1,1 g<\/span><\/td>\n<\/tr>\n<tr style=\"height: 20px\">\n<td style=\"width: 211px;height: 20px\"><span style=\"font-size: 18px;color: #000000\">josta tyydyttyneitt\u00e4<\/span><\/td>\n<td style=\"width: 171.422px;height: 20px\"><span style=\"font-size: 18px;color: #000000\">0,1 g<\/span><\/td>\n<\/tr>\n<tr style=\"height: 5px\">\n<td style=\"width: 211px;height: 5px\"><span style=\"font-size: 18px;color: #000000\">Hiilihydraatit<\/span><\/td>\n<td style=\"width: 171.422px;height: 5px\"><span style=\"font-size: 18px;color: #000000\">74,5 g<\/span><\/td>\n<\/tr>\n<tr style=\"height: 15px\">\n<td style=\"width: 211px;height: 15px\">\n<p><span style=\"font-size: 18px;color: #000000\">Sokeri<\/span><\/p>\n<p><span style=\"font-size: 18px;color: #000000\">Kuitu<\/span><\/p>\n<\/td>\n<td style=\"width: 171.422px;height: 15px\">\n<p><span style=\"font-size: 18px;color: #000000\">2,4 g<\/span><\/p>\n<p><span style=\"font-size: 18px;color: #000000\">2 g<\/span><\/p>\n<\/td>\n<\/tr>\n<tr style=\"height: 22px\">\n<td style=\"width: 211px;height: 22px\"><span style=\"font-size: 18px;color: #000000\">Proteiini<\/span><\/td>\n<td style=\"width: 171.422px;height: 22px\"><span style=\"font-size: 18px;color: #000000\">11 g<\/span><\/td>\n<\/tr>\n<tr style=\"height: 22px\">\n<td style=\"width: 211px;height: 22px\"><span style=\"font-size: 18px;color: #000000\">Suola<\/span><\/td>\n<td style=\"width: 171.422px;height: 22px\"><span style=\"font-size: 18px;color: #000000\">0,005 g<\/span><\/td>\n<\/tr>\n<\/tbody>\n<\/table>\n","protected":false},"excerpt":{"rendered":"<p>Ainesosat:\u00a0100% durumvehn\u00e4\u00e4. S\u00e4ilytys: Kuivassa ja viile\u00e4ss\u00e4 paikassa. Allergeeni: Sis\u00e4lt\u00e4\u00e4 gluteenia. Ravintosis\u00e4lt\u00f6 per 100g Energia 1471 kj \/ 352 kcal Rasva<\/p>\n","protected":false},"featured_media":97495,"template":"","meta":{"om_disable_all_campaigns":false,"_monsterinsights_skip_tracking":false,"_monsterinsights_sitenote_active":false,"_monsterinsights_sitenote_note":"","_monsterinsights_sitenote_category":0},"location":[1422],"product_brand":[1423],"product_cat":[1448],"product_tag":[],"class_list":{"0":"post-65368","1":"product","2":"type-product","3":"status-publish","4":"has-post-thumbnail","6":"location-v","7":"product_brand-ararat-ari-food","8":"product_cat-kuiva-tuotteet-en-2","9":"stock_type-pcs-en","11":"first","12":"instock","13":"taxable","14":"shipping-taxable","15":"purchasable","16":"product-type-simple"},"aioseo_notices":[],"locations":[{"id":1422,"name":"v","slug":"v","quantity":"0"}],"_links":{"self":[{"href":"https:\/\/araratfinland.com\/en\/wp-json\/wp\/v2\/product\/65368","targetHints":{"allow":["GET"]}}],"collection":[{"href":"https:\/\/araratfinland.com\/en\/wp-json\/wp\/v2\/product"}],"about":[{"href":"https:\/\/araratfinland.com\/en\/wp-json\/wp\/v2\/types\/product"}],"version-history":[{"count":1,"href":"https:\/\/araratfinland.com\/en\/wp-json\/wp\/v2\/product\/65368\/revisions"}],"predecessor-version":[{"id":65398,"href":"https:\/\/araratfinland.com\/en\/wp-json\/wp\/v2\/product\/65368\/revisions\/65398"}],"wp:featuredmedia":[{"embeddable":true,"href":"https:\/\/araratfinland.com\/en\/wp-json\/wp\/v2\/media\/97495"}],"wp:attachment":[{"href":"https:\/\/araratfinland.com\/en\/wp-json\/wp\/v2\/media?parent=65368"}],"wp:term":[{"taxonomy":"location","embeddable":true,"href":"https:\/\/araratfinland.com\/en\/wp-json\/wp\/v2\/location?post=65368"},{"taxonomy":"product_brand","embeddable":true,"href":"https:\/\/araratfinland.com\/en\/wp-json\/wp\/v2\/product_brand?post=65368"},{"taxonomy":"product_cat","embeddable":true,"href":"https:\/\/araratfinland.com\/en\/wp-json\/wp\/v2\/product_cat?post=65368"},{"taxonomy":"product_tag","embeddable":true,"href":"https:\/\/araratfinland.com\/en\/wp-json\/wp\/v2\/product_tag?post=65368"}],"curies":[{"name":"wp","href":"https:\/\/api.w.org\/{rel}","templated":true}]}}