{"id":64993,"date":"2025-01-09T12:16:18","date_gmt":"2025-01-09T10:16:18","guid":{"rendered":"https:\/\/araratfinland.com\/product\/four-season-makdous-2800g-2\/"},"modified":"2025-01-09T13:15:45","modified_gmt":"2025-01-09T11:15:45","slug":"four-season-makdous-2800g-2","status":"publish","type":"product","link":"https:\/\/araratfinland.com\/en\/product\/four-season-makdous-2800g-2\/","title":{"rendered":"Four Season Makdous 2800g"},"content":{"rendered":"<p><strong>Makdous<\/strong><\/p>\n<p><strong>Ainesosat:<\/strong><br \/>Munakoiso (47%),<br \/>Auringonkukka\u00f6ljy (28%),<br \/>Saksanp\u00e4hkin\u00e4 (14%),<br \/>Punainen chili (8%),<br \/>Suola (2,55%),<br \/>Valkosipuli (0,4%).<\/p>\n<p>\u00a0<\/p>\n<p><strong>Ravintosis\u00e4lt\u00f6<\/strong><br \/><strong>100 annosta per pakkaus<\/strong><br \/><strong>Annoskoko:<\/strong> 1 kpl (28 g)<\/p>\n<p><strong>Per annos:<\/strong><br \/>Kalorit: 29<\/p>\n<p><strong>Rasva<\/strong>: 0 g (0%)<\/p>\n<p> Tyydyttynyt rasva: 0 g (0%) Transrasva: 0 g<br \/><strong>Kolesteroli<\/strong>: 0 mg (0%)<br \/><strong>Natrium<\/strong>: 0 mg (0%)<br \/><strong>Hiilihydraatit<\/strong>: 3 g (1%) Ravintokuitu: 0 g (0%) Sokerit yhteens\u00e4: 6 g Sis\u00e4lt\u00e4\u00e4 0 g lis\u00e4ttyj\u00e4 sokereita<br \/><strong>Proteiini<\/strong>: 5 g (10%) <\/p>\n<p><strong>Vitamiini D<\/strong>: 0 mcg (0%)<br \/><strong>Kalsium<\/strong>: 0 mg (0%)<br \/><strong>Rauta<\/strong>: 0 mg (0%)<br \/><strong>Kalium<\/strong>: 0 mg (0%)<\/p>\n<p>Tuotevalmistusmaa: Egypti<\/p>\n","protected":false},"excerpt":{"rendered":"<p>Makdous Ainesosat:Munakoiso (47%),Auringonkukka\u00f6ljy (28%),Saksanp\u00e4hkin\u00e4 (14%),Punainen chili (8%),Suola (2,55%),Valkosipuli (0,4%). \u00a0 Ravintosis\u00e4lt\u00f6100 annosta per pakkausAnnoskoko: 1 kpl (28 g) Per annos:Kalorit:<\/p>\n","protected":false},"featured_media":65008,"template":"","meta":{"om_disable_all_campaigns":false,"_monsterinsights_skip_tracking":false,"_monsterinsights_sitenote_active":false,"_monsterinsights_sitenote_note":"","_monsterinsights_sitenote_category":0},"location":[1422],"product_brand":[1423],"product_cat":[1644],"product_tag":[],"class_list":{"0":"post-64993","1":"product","2":"type-product","3":"status-publish","4":"has-post-thumbnail","6":"location-v","7":"product_brand-ararat-ari-food","8":"product_cat-1silykkeetvihannekset-en","9":"stock_type-pcs-en","11":"first","12":"instock","13":"taxable","14":"shipping-taxable","15":"purchasable","16":"product-type-simple"},"aioseo_notices":[],"locations":[{"id":1422,"name":"v","slug":"v","quantity":"32"}],"_links":{"self":[{"href":"https:\/\/araratfinland.com\/en\/wp-json\/wp\/v2\/product\/64993","targetHints":{"allow":["GET"]}}],"collection":[{"href":"https:\/\/araratfinland.com\/en\/wp-json\/wp\/v2\/product"}],"about":[{"href":"https:\/\/araratfinland.com\/en\/wp-json\/wp\/v2\/types\/product"}],"version-history":[{"count":1,"href":"https:\/\/araratfinland.com\/en\/wp-json\/wp\/v2\/product\/64993\/revisions"}],"predecessor-version":[{"id":65009,"href":"https:\/\/araratfinland.com\/en\/wp-json\/wp\/v2\/product\/64993\/revisions\/65009"}],"wp:featuredmedia":[{"embeddable":true,"href":"https:\/\/araratfinland.com\/en\/wp-json\/wp\/v2\/media\/65008"}],"wp:attachment":[{"href":"https:\/\/araratfinland.com\/en\/wp-json\/wp\/v2\/media?parent=64993"}],"wp:term":[{"taxonomy":"location","embeddable":true,"href":"https:\/\/araratfinland.com\/en\/wp-json\/wp\/v2\/location?post=64993"},{"taxonomy":"product_brand","embeddable":true,"href":"https:\/\/araratfinland.com\/en\/wp-json\/wp\/v2\/product_brand?post=64993"},{"taxonomy":"product_cat","embeddable":true,"href":"https:\/\/araratfinland.com\/en\/wp-json\/wp\/v2\/product_cat?post=64993"},{"taxonomy":"product_tag","embeddable":true,"href":"https:\/\/araratfinland.com\/en\/wp-json\/wp\/v2\/product_tag?post=64993"}],"curies":[{"name":"wp","href":"https:\/\/api.w.org\/{rel}","templated":true}]}}