{"id":64987,"date":"2025-01-09T12:09:15","date_gmt":"2025-01-09T10:09:15","guid":{"rendered":"https:\/\/araratfinland.com\/product\/four-seasons-molokhia-kuivattu-400g-2\/"},"modified":"2025-10-17T15:16:00","modified_gmt":"2025-10-17T12:16:00","slug":"four-seasons-molokhia-kuivattu-400g-2","status":"publish","type":"product","link":"https:\/\/araratfinland.com\/en\/product\/four-seasons-molokhia-kuivattu-400g-2\/","title":{"rendered":"Four seasons Molokhia kuivattu 400g"},"content":{"rendered":"<p><strong>Kuivattuja Molokhian Lehti\u00e4<\/strong><\/p>\n<p><strong>Ravintosis\u00e4lt\u00f6<\/strong><br \/><strong>4 annosta per pakkaus<\/strong><br \/><strong>Annoskoko:<\/strong> 3,5 oz (100 g)<\/p>\n<p><strong>Per annos:<\/strong><br \/>Kalorit: 160<\/p>\n<p><strong>Rasva<\/strong>: 0,2 g (0%)<\/p>\n<p> Tyydyttynyt rasva: 0 g (0%) Transrasva: 0 g<br \/><strong>Kolesteroli<\/strong>: 0 mg (0%)<br \/><strong>Natrium<\/strong>: 10 mg (0%)<br \/><strong>Hiilihydraatit<\/strong>: 7 g (3%) Ravintokuitu: 0 g (0%) Sokerit yhteens\u00e4: 0 g Sis\u00e4lt\u00e4\u00e4 0 g lis\u00e4ttyj\u00e4 sokereita<br \/><strong>Proteiini<\/strong>: 4 g <\/p>\n<p><strong>Vitamiini D<\/strong>: 0 mcg (0%)<br \/><strong>Kalsium<\/strong>: 0 mg (0%)<br \/><strong>Rauta<\/strong>: 0 mg (0%)<br \/><strong>Kalium<\/strong>: 211 mg (4%)<\/p>\n","protected":false},"excerpt":{"rendered":"<p>Kuivattuja Molokhian Lehti\u00e4 Ravintosis\u00e4lt\u00f64 annosta per pakkausAnnoskoko: 3,5 oz (100 g) Per annos:Kalorit: 160 Rasva: 0,2 g (0%) Tyydyttynyt rasva:<\/p>\n","protected":false},"featured_media":97525,"template":"","meta":{"om_disable_all_campaigns":false,"_monsterinsights_skip_tracking":false,"_monsterinsights_sitenote_active":false,"_monsterinsights_sitenote_note":"","_monsterinsights_sitenote_category":0},"location":[1422],"product_brand":[1423],"product_cat":[1448],"product_tag":[],"class_list":{"0":"post-64987","1":"product","2":"type-product","3":"status-publish","4":"has-post-thumbnail","6":"location-v","7":"product_brand-ararat-ari-food","8":"product_cat-kuiva-tuotteet-en-2","9":"stock_type-pcs-en","11":"first","12":"instock","13":"taxable","14":"shipping-taxable","15":"purchasable","16":"product-type-simple"},"aioseo_notices":[],"locations":[{"id":1422,"name":"v","slug":"v","quantity":"0"}],"_links":{"self":[{"href":"https:\/\/araratfinland.com\/en\/wp-json\/wp\/v2\/product\/64987","targetHints":{"allow":["GET"]}}],"collection":[{"href":"https:\/\/araratfinland.com\/en\/wp-json\/wp\/v2\/product"}],"about":[{"href":"https:\/\/araratfinland.com\/en\/wp-json\/wp\/v2\/types\/product"}],"version-history":[{"count":1,"href":"https:\/\/araratfinland.com\/en\/wp-json\/wp\/v2\/product\/64987\/revisions"}],"predecessor-version":[{"id":65017,"href":"https:\/\/araratfinland.com\/en\/wp-json\/wp\/v2\/product\/64987\/revisions\/65017"}],"wp:featuredmedia":[{"embeddable":true,"href":"https:\/\/araratfinland.com\/en\/wp-json\/wp\/v2\/media\/97525"}],"wp:attachment":[{"href":"https:\/\/araratfinland.com\/en\/wp-json\/wp\/v2\/media?parent=64987"}],"wp:term":[{"taxonomy":"location","embeddable":true,"href":"https:\/\/araratfinland.com\/en\/wp-json\/wp\/v2\/location?post=64987"},{"taxonomy":"product_brand","embeddable":true,"href":"https:\/\/araratfinland.com\/en\/wp-json\/wp\/v2\/product_brand?post=64987"},{"taxonomy":"product_cat","embeddable":true,"href":"https:\/\/araratfinland.com\/en\/wp-json\/wp\/v2\/product_cat?post=64987"},{"taxonomy":"product_tag","embeddable":true,"href":"https:\/\/araratfinland.com\/en\/wp-json\/wp\/v2\/product_tag?post=64987"}],"curies":[{"name":"wp","href":"https:\/\/api.w.org\/{rel}","templated":true}]}}