{"id":64846,"date":"2025-01-06T11:06:34","date_gmt":"2025-01-06T09:06:34","guid":{"rendered":"https:\/\/araratfinland.com\/product\/khanum-butter-ghee-2-kg-2\/"},"modified":"2025-11-06T12:08:39","modified_gmt":"2025-11-06T10:08:39","slug":"khanum-butter-ghee-2-kg-2","status":"publish","type":"product","link":"https:\/\/araratfinland.com\/en\/product\/khanum-butter-ghee-2-kg-2\/","title":{"rendered":"Khanum Butter Ghee 2 kg"},"content":{"rendered":"<p class=\"MsoNormal\" style=\"line-height: normal;background: white;margin: 3.75pt 0in 7.5pt 0in\"><strong><span lang=\"FI\" style=\"font-size: 13.5pt;,serif;color: black\">Ainesosat:\u00a0Voirasva 99,8%\u00a0(maito),<br \/> kosteus 0,19%.<br \/> Aromi: Etyylibutyraatti 0,01%.<\/span><\/strong><\/p>\n<p class=\"MsoNormal\" style=\"line-height: normal;background: white;margin: 3.75pt 0in 7.5pt 0in\"><strong><span lang=\"FI\" style=\"font-size: 13.5pt;,serif;color: black\">S\u00e4ilytys:\u00a0S\u00e4ilyt\u00e4 j\u00e4\u00e4kaapissa avaamisen j\u00e4lkeen<br \/> ja k\u00e4yt\u00e4 3 kuukauden kuluessa.<\/span><\/strong><\/p>\n<table class=\"MsoNormalTable\" style=\"width: 291.35pt;border-collapse: collapse\" border=\"0\" width=\"388\" cellspacing=\"0\" cellpadding=\"0\">\n<tbody>\n<tr style=\"height: 16.5pt\">\n<td style=\"width: 277.1pt;padding: 0in 0in 0in 0in;height: 16.5pt\" colspan=\"2\" width=\"369\">\n<p class=\"MsoNormal\" style=\"margin-bottom: 0in;line-height: normal\"><strong><span style=\"font-size: 13.5pt;,serif;color: black\">Ravintosis\u00e4lt\u00f6 per 100g<\/span><\/strong><\/p>\n<\/td>\n<\/tr>\n<tr style=\"height: 21.55pt\">\n<td style=\"width: 150.75pt;padding: 0in 0in 0in 0in;height: 21.55pt\" width=\"201\">\n<p class=\"MsoNormal\" style=\"margin-bottom: 0in;line-height: normal\"><span style=\"font-size: 13.5pt;,serif;color: black\">Energia<\/span><\/p>\n<\/td>\n<td style=\"width: 126.35pt;padding: 0in 0in 0in 0in;height: 21.55pt\" width=\"168\">\n<p class=\"MsoNormal\" style=\"margin-bottom: 0in;line-height: normal\"><span style=\"font-size: 13.5pt;,serif;color: black\">3692 kj \/ 898 kcal<\/span><\/p>\n<\/td>\n<\/tr>\n<tr style=\"height: 16.5pt\">\n<td style=\"width: 150.75pt;padding: 0in 0in 0in 0in;height: 16.5pt\" width=\"201\">\n<p class=\"MsoNormal\" style=\"margin-bottom: 0in;line-height: normal\"><span style=\"font-size: 13.5pt;,serif;color: black\">Rasva<\/span><\/p>\n<\/td>\n<td style=\"width: 126.35pt;padding: 0in 0in 0in 0in;height: 16.5pt\" width=\"168\">\n<p class=\"MsoNormal\" style=\"margin-bottom: 0in;line-height: normal\"><span style=\"font-size: 13.5pt;,serif;color: black\">99,8 g<\/span><\/p>\n<\/td>\n<\/tr>\n<tr style=\"height: 16.5pt\">\n<td style=\"width: 150.75pt;padding: 0in 0in 0in 0in;height: 16.5pt\" width=\"201\">\n<p class=\"MsoNormal\" style=\"margin-bottom: 0in;line-height: normal\"><span style=\"font-size: 13.5pt;,serif;color: black\">josta tyydyttyneitt\u00e4<\/span><\/p>\n<\/td>\n<td style=\"width: 126.35pt;padding: 0in 0in 0in 0in;height: 16.5pt\" width=\"168\">\n<p class=\"MsoNormal\" style=\"margin-bottom: 0in;line-height: normal\"><span style=\"font-size: 13.5pt;,serif;color: black\">63,3 g<\/span><\/p>\n<\/td>\n<\/tr>\n<tr style=\"height: 16.5pt\">\n<td style=\"width: 150.75pt;padding: 0in 0in 0in 0in;height: 16.5pt\" width=\"201\">\n<p class=\"MsoNormal\" style=\"margin-bottom: 0in;line-height: normal\"><span style=\"font-size: 13.5pt;,serif;color: black\">Hiilihydraatit<\/span><\/p>\n<\/td>\n<td style=\"width: 126.35pt;padding: 0in 0in 0in 0in;height: 16.5pt\" width=\"168\">\n<p class=\"MsoNormal\" style=\"margin-bottom: 0in;line-height: normal\"><span style=\"font-size: 13.5pt;,serif;color: black\">0,1 g<\/span><\/p>\n<\/td>\n<\/tr>\n<tr style=\"height: 16.5pt\">\n<td style=\"width: 150.75pt;padding: 0in 0in 0in 0in;height: 16.5pt\" width=\"201\">\n<p class=\"MsoNormal\" style=\"margin-bottom: 0in;line-height: normal\"><span style=\"font-size: 13.5pt;,serif;color: black\">josta sokereita<\/span><\/p>\n<\/td>\n<td style=\"width: 126.35pt;padding: 0in 0in 0in 0in;height: 16.5pt\" width=\"168\">\n<p class=\"MsoNormal\" style=\"margin-bottom: 0in;line-height: normal\"><span style=\"font-size: 13.5pt;,serif;color: black\">0,1 g<\/span><\/p>\n<\/td>\n<\/tr>\n<tr style=\"height: 16.5pt\">\n<td style=\"width: 150.75pt;padding: 0in 0in 0in 0in;height: 16.5pt\" width=\"201\">\n<p class=\"MsoNormal\" style=\"margin-bottom: 0in;line-height: normal\"><span style=\"font-size: 13.5pt;,serif;color: black\">Proteiini<\/span><\/p>\n<\/td>\n<td style=\"width: 126.35pt;padding: 0in 0in 0in 0in;height: 16.5pt\" width=\"168\">\n<p class=\"MsoNormal\" style=\"margin-bottom: 0in;line-height: normal\"><span style=\"font-size: 13.5pt;,serif;color: black\">0,1 g<\/span><\/p>\n<\/td>\n<\/tr>\n<tr style=\"height: 16.5pt\">\n<td style=\"width: 150.75pt;padding: 0in 0in 0in 0in;height: 16.5pt\" width=\"201\">\n<p class=\"MsoNormal\" style=\"margin-bottom: 0in;line-height: normal\"><span style=\"font-size: 13.5pt;,serif;color: black\">Suola<\/span><\/p>\n<\/td>\n<td style=\"width: 126.35pt;padding: 0in 0in 0in 0in;height: 16.5pt\" width=\"168\">\n<p class=\"MsoNormal\" style=\"margin-bottom: 0in;line-height: normal\"><span style=\"font-size: 13.5pt;,serif;color: black\">0,1 g<\/span><\/p>\n<\/td>\n<\/tr>\n<\/tbody>\n<\/table>\n","protected":false},"excerpt":{"rendered":"<p>Ainesosat:\u00a0Voirasva 99,8%\u00a0(maito), kosteus 0,19%. Aromi: Etyylibutyraatti 0,01%. S\u00e4ilytys:\u00a0S\u00e4ilyt\u00e4 j\u00e4\u00e4kaapissa avaamisen j\u00e4lkeen ja k\u00e4yt\u00e4 3 kuukauden kuluessa. Ravintosis\u00e4lt\u00f6 per 100g Energia<\/p>\n","protected":false},"featured_media":98922,"template":"","meta":{"om_disable_all_campaigns":false,"_monsterinsights_skip_tracking":false,"_monsterinsights_sitenote_active":false,"_monsterinsights_sitenote_note":"","_monsterinsights_sitenote_category":0},"location":[1422],"product_brand":[1423],"product_cat":[1323],"product_tag":[],"class_list":{"0":"post-64846","1":"product","2":"type-product","3":"status-publish","4":"has-post-thumbnail","6":"location-v","7":"product_brand-ararat-ari-food","8":"product_cat-ljyt-en","9":"stock_type-pcs-en","11":"first","12":"instock","13":"taxable","14":"shipping-taxable","15":"purchasable","16":"product-type-simple"},"aioseo_notices":[],"locations":[{"id":1422,"name":"v","slug":"v","quantity":"0"}],"_links":{"self":[{"href":"https:\/\/araratfinland.com\/en\/wp-json\/wp\/v2\/product\/64846","targetHints":{"allow":["GET"]}}],"collection":[{"href":"https:\/\/araratfinland.com\/en\/wp-json\/wp\/v2\/product"}],"about":[{"href":"https:\/\/araratfinland.com\/en\/wp-json\/wp\/v2\/types\/product"}],"version-history":[{"count":1,"href":"https:\/\/araratfinland.com\/en\/wp-json\/wp\/v2\/product\/64846\/revisions"}],"predecessor-version":[{"id":70202,"href":"https:\/\/araratfinland.com\/en\/wp-json\/wp\/v2\/product\/64846\/revisions\/70202"}],"wp:featuredmedia":[{"embeddable":true,"href":"https:\/\/araratfinland.com\/en\/wp-json\/wp\/v2\/media\/98922"}],"wp:attachment":[{"href":"https:\/\/araratfinland.com\/en\/wp-json\/wp\/v2\/media?parent=64846"}],"wp:term":[{"taxonomy":"location","embeddable":true,"href":"https:\/\/araratfinland.com\/en\/wp-json\/wp\/v2\/location?post=64846"},{"taxonomy":"product_brand","embeddable":true,"href":"https:\/\/araratfinland.com\/en\/wp-json\/wp\/v2\/product_brand?post=64846"},{"taxonomy":"product_cat","embeddable":true,"href":"https:\/\/araratfinland.com\/en\/wp-json\/wp\/v2\/product_cat?post=64846"},{"taxonomy":"product_tag","embeddable":true,"href":"https:\/\/araratfinland.com\/en\/wp-json\/wp\/v2\/product_tag?post=64846"}],"curies":[{"name":"wp","href":"https:\/\/api.w.org\/{rel}","templated":true}]}}