{"id":61439,"date":"2024-11-22T10:23:26","date_gmt":"2024-11-22T08:23:26","guid":{"rendered":"https:\/\/araratfinland.com\/product\/naz-suger-candy-150g\/"},"modified":"2025-10-29T12:55:59","modified_gmt":"2025-10-29T10:55:59","slug":"naz-suger-candy-150g","status":"publish","type":"product","link":"https:\/\/araratfinland.com\/en\/product\/naz-suger-candy-150g\/","title":{"rendered":"Naz Suger Candy 150g"},"content":{"rendered":"<p class=\"\" data-start=\"116\" data-end=\"154\"><strong data-start=\"133\" data-end=\"154\">Sahramikidekarkki<\/strong><\/p>\n<p class=\"\" data-start=\"156\" data-end=\"194\"><strong data-start=\"156\" data-end=\"170\">Ainesosat:<\/strong><br data-start=\"170\" data-end=\"173\" \/> Sokeri, sahrami, vesi<\/p>\n<p class=\"\" data-start=\"196\" data-end=\"260\"><strong data-start=\"196\" data-end=\"213\">Valmistusmaa:<\/strong><br data-start=\"213\" data-end=\"216\" \/> Iran<br data-start=\"220\" data-end=\"223\" \/> Valmistaja: Shahd Afarin Paytakht Co.<\/p>\n<p class=\"\" data-start=\"262\" data-end=\"280\"><strong data-start=\"262\" data-end=\"272\">Paino:<\/strong><br data-start=\"272\" data-end=\"275\" \/> 200 g<\/p>\n<p class=\"\" data-start=\"282\" data-end=\"413\"><strong data-start=\"282\" data-end=\"313\">Ravintosis\u00e4lt\u00f6 (per 100 g):<\/strong><br data-start=\"313\" data-end=\"316\" \/> Energia: 400 kcal<br data-start=\"333\" data-end=\"336\" \/> Rasva: 0 g<br data-start=\"346\" data-end=\"349\" \/> Hiilihydraatit: 100 g<br data-start=\"370\" data-end=\"373\" \/> \u2013 josta sokereita: 100 g<br data-start=\"397\" data-end=\"400\" \/> Natrium: 0 mg<\/p>\n<p class=\"\" data-start=\"415\" data-end=\"477\">S\u00e4ilyt\u00e4 kuivassa ja viile\u00e4ss\u00e4 paikassa, poissa suorasta auringonvalosta.<\/p>\n","protected":false},"excerpt":{"rendered":"<p>Sahramikidekarkki Ainesosat: Sokeri, sahrami, vesi Valmistusmaa: Iran Valmistaja: Shahd Afarin Paytakht Co. Paino: 200 g Ravintosis\u00e4lt\u00f6 (per 100 g): Energia:<\/p>\n","protected":false},"featured_media":98582,"template":"","meta":{"om_disable_all_campaigns":false,"_monsterinsights_skip_tracking":false,"_monsterinsights_sitenote_active":false,"_monsterinsights_sitenote_note":"","_monsterinsights_sitenote_category":0},"location":[1422],"product_brand":[1423],"product_cat":[1442],"product_tag":[],"class_list":{"0":"post-61439","1":"product","2":"type-product","3":"status-publish","4":"has-post-thumbnail","6":"location-v","7":"product_brand-ararat-ari-food","8":"product_cat-makeiset-en-2","9":"stock_type-pcs-en","11":"first","12":"instock","13":"taxable","14":"shipping-taxable","15":"purchasable","16":"product-type-simple"},"aioseo_notices":[],"locations":[{"id":1422,"name":"v","slug":"v","quantity":"0"}],"_links":{"self":[{"href":"https:\/\/araratfinland.com\/en\/wp-json\/wp\/v2\/product\/61439","targetHints":{"allow":["GET"]}}],"collection":[{"href":"https:\/\/araratfinland.com\/en\/wp-json\/wp\/v2\/product"}],"about":[{"href":"https:\/\/araratfinland.com\/en\/wp-json\/wp\/v2\/types\/product"}],"version-history":[{"count":1,"href":"https:\/\/araratfinland.com\/en\/wp-json\/wp\/v2\/product\/61439\/revisions"}],"predecessor-version":[{"id":81343,"href":"https:\/\/araratfinland.com\/en\/wp-json\/wp\/v2\/product\/61439\/revisions\/81343"}],"wp:featuredmedia":[{"embeddable":true,"href":"https:\/\/araratfinland.com\/en\/wp-json\/wp\/v2\/media\/98582"}],"wp:attachment":[{"href":"https:\/\/araratfinland.com\/en\/wp-json\/wp\/v2\/media?parent=61439"}],"wp:term":[{"taxonomy":"location","embeddable":true,"href":"https:\/\/araratfinland.com\/en\/wp-json\/wp\/v2\/location?post=61439"},{"taxonomy":"product_brand","embeddable":true,"href":"https:\/\/araratfinland.com\/en\/wp-json\/wp\/v2\/product_brand?post=61439"},{"taxonomy":"product_cat","embeddable":true,"href":"https:\/\/araratfinland.com\/en\/wp-json\/wp\/v2\/product_cat?post=61439"},{"taxonomy":"product_tag","embeddable":true,"href":"https:\/\/araratfinland.com\/en\/wp-json\/wp\/v2\/product_tag?post=61439"}],"curies":[{"name":"wp","href":"https:\/\/api.w.org\/{rel}","templated":true}]}}