{"id":61054,"date":"2024-11-18T15:56:56","date_gmt":"2024-11-18T13:56:56","guid":{"rendered":"https:\/\/araratfinland.com\/product\/abu-walad-sandwich-biscuits-48kpl-2\/"},"modified":"2025-08-29T12:39:06","modified_gmt":"2025-08-29T09:39:06","slug":"abu-walad-sandwich-biscuits-48kpl-2","status":"publish","type":"product","link":"https:\/\/araratfinland.com\/en\/product\/abu-walad-sandwich-biscuits-48kpl-2\/","title":{"rendered":"Abu Walad Sandwich Biscuits 48kpl"},"content":{"rendered":"<p><strong>Ainesosat:<\/strong><br \/>Vehn\u00e4jauho, sokeri, osittain kovettamattomat palmurasvat, rasvaton maitojauhe, maissit\u00e4rkkelys, dekstroosi, inverttisokeri, suola, herajauhe, nostatusaineet (E503, E500, E450), emulgointiaine (soijalesitiini E322), luontaiset identtiset aromit (vanilja, vanukas, maito).<\/p>\n<p><strong>Allergeenit:<\/strong><br \/>Sis\u00e4lt\u00e4\u00e4 vehn\u00e4\u00e4, gluteenia, maitoa ja soijaa.<\/p>\n<p><strong>S\u00e4ilytys:<\/strong><br \/>S\u00e4ilyt\u00e4 viile\u00e4ss\u00e4 ja kuivassa paikassa.<\/p>\n","protected":false},"excerpt":{"rendered":"<p>Ainesosat:Vehn\u00e4jauho, sokeri, osittain kovettamattomat palmurasvat, rasvaton maitojauhe, maissit\u00e4rkkelys, dekstroosi, inverttisokeri, suola, herajauhe, nostatusaineet (E503, E500, E450), emulgointiaine (soijalesitiini E322), luontaiset<\/p>\n","protected":false},"featured_media":86328,"template":"","meta":{"om_disable_all_campaigns":false,"_monsterinsights_skip_tracking":false,"_monsterinsights_sitenote_active":false,"_monsterinsights_sitenote_note":"","_monsterinsights_sitenote_category":0},"location":[1422],"product_brand":[1423],"product_cat":[1481],"product_tag":[],"class_list":{"0":"post-61054","1":"product","2":"type-product","3":"status-publish","4":"has-post-thumbnail","6":"location-v","7":"product_brand-ararat-ari-food","8":"product_cat-keksit-leivokset-en-makeiset-fi","9":"stock_type-ltk-en","11":"first","12":"instock","13":"taxable","14":"shipping-taxable","15":"purchasable","16":"product-type-simple"},"aioseo_notices":[],"locations":[{"id":1422,"name":"v","slug":"v","quantity":"0"}],"_links":{"self":[{"href":"https:\/\/araratfinland.com\/en\/wp-json\/wp\/v2\/product\/61054","targetHints":{"allow":["GET"]}}],"collection":[{"href":"https:\/\/araratfinland.com\/en\/wp-json\/wp\/v2\/product"}],"about":[{"href":"https:\/\/araratfinland.com\/en\/wp-json\/wp\/v2\/types\/product"}],"version-history":[{"count":1,"href":"https:\/\/araratfinland.com\/en\/wp-json\/wp\/v2\/product\/61054\/revisions"}],"predecessor-version":[{"id":64344,"href":"https:\/\/araratfinland.com\/en\/wp-json\/wp\/v2\/product\/61054\/revisions\/64344"}],"wp:featuredmedia":[{"embeddable":true,"href":"https:\/\/araratfinland.com\/en\/wp-json\/wp\/v2\/media\/86328"}],"wp:attachment":[{"href":"https:\/\/araratfinland.com\/en\/wp-json\/wp\/v2\/media?parent=61054"}],"wp:term":[{"taxonomy":"location","embeddable":true,"href":"https:\/\/araratfinland.com\/en\/wp-json\/wp\/v2\/location?post=61054"},{"taxonomy":"product_brand","embeddable":true,"href":"https:\/\/araratfinland.com\/en\/wp-json\/wp\/v2\/product_brand?post=61054"},{"taxonomy":"product_cat","embeddable":true,"href":"https:\/\/araratfinland.com\/en\/wp-json\/wp\/v2\/product_cat?post=61054"},{"taxonomy":"product_tag","embeddable":true,"href":"https:\/\/araratfinland.com\/en\/wp-json\/wp\/v2\/product_tag?post=61054"}],"curies":[{"name":"wp","href":"https:\/\/api.w.org\/{rel}","templated":true}]}}