{"id":61019,"date":"2024-11-18T14:49:20","date_gmt":"2024-11-18T12:49:20","guid":{"rendered":"https:\/\/araratfinland.com\/product\/kenza-kurkuma-200g-2\/"},"modified":"2025-10-17T10:58:31","modified_gmt":"2025-10-17T07:58:31","slug":"kenza-kurkuma-200g-2","status":"publish","type":"product","link":"https:\/\/araratfinland.com\/en\/product\/kenza-kurkuma-200g-2\/","title":{"rendered":"Kenza Kurkuma 200g"},"content":{"rendered":"<p data-start=\"69\" data-end=\"238\"><strong data-start=\"69\" data-end=\"83\">Ainesosat:<\/strong> Kurkuma<br data-start=\"91\" data-end=\"94\" \/> <strong data-start=\"94\" data-end=\"110\">Alkuper\u00e4maa:<\/strong> Intia<br data-start=\"116\" data-end=\"119\" \/> <strong data-start=\"119\" data-end=\"137\" data-is-only-node=\"\">Parasta ennen:<\/strong> Katso pakkauksesta<br data-start=\"156\" data-end=\"159\" \/> <strong data-start=\"159\" data-end=\"174\">Nettopaino:<\/strong> 200 g<br data-start=\"180\" data-end=\"183\" \/> <strong data-start=\"183\" data-end=\"196\">S\u00e4ilytys:<\/strong> S\u00e4ilyt\u00e4 kuivassa ja viile\u00e4ss\u00e4 paikassa.<\/p>\n","protected":false},"excerpt":{"rendered":"<p>Ainesosat: Kurkuma Alkuper\u00e4maa: Intia Parasta ennen: Katso pakkauksesta Nettopaino: 200 g S\u00e4ilytys: S\u00e4ilyt\u00e4 kuivassa ja viile\u00e4ss\u00e4 paikassa.<\/p>\n","protected":false},"featured_media":97138,"template":"","meta":{"om_disable_all_campaigns":false,"_monsterinsights_skip_tracking":false,"_monsterinsights_sitenote_active":false,"_monsterinsights_sitenote_note":"","_monsterinsights_sitenote_category":0},"location":[1422],"product_brand":[1423],"product_cat":[1477],"product_tag":[],"class_list":{"0":"post-61019","1":"product","2":"type-product","3":"status-publish","4":"has-post-thumbnail","6":"location-v","7":"product_brand-ararat-ari-food","8":"product_cat-mausteet-en-2","9":"stock_type-pcs-en","11":"first","12":"instock","13":"taxable","14":"shipping-taxable","15":"purchasable","16":"product-type-simple"},"aioseo_notices":[],"locations":[{"id":1422,"name":"v","slug":"v","quantity":"0"}],"_links":{"self":[{"href":"https:\/\/araratfinland.com\/en\/wp-json\/wp\/v2\/product\/61019","targetHints":{"allow":["GET"]}}],"collection":[{"href":"https:\/\/araratfinland.com\/en\/wp-json\/wp\/v2\/product"}],"about":[{"href":"https:\/\/araratfinland.com\/en\/wp-json\/wp\/v2\/types\/product"}],"version-history":[{"count":1,"href":"https:\/\/araratfinland.com\/en\/wp-json\/wp\/v2\/product\/61019\/revisions"}],"predecessor-version":[{"id":82005,"href":"https:\/\/araratfinland.com\/en\/wp-json\/wp\/v2\/product\/61019\/revisions\/82005"}],"wp:featuredmedia":[{"embeddable":true,"href":"https:\/\/araratfinland.com\/en\/wp-json\/wp\/v2\/media\/97138"}],"wp:attachment":[{"href":"https:\/\/araratfinland.com\/en\/wp-json\/wp\/v2\/media?parent=61019"}],"wp:term":[{"taxonomy":"location","embeddable":true,"href":"https:\/\/araratfinland.com\/en\/wp-json\/wp\/v2\/location?post=61019"},{"taxonomy":"product_brand","embeddable":true,"href":"https:\/\/araratfinland.com\/en\/wp-json\/wp\/v2\/product_brand?post=61019"},{"taxonomy":"product_cat","embeddable":true,"href":"https:\/\/araratfinland.com\/en\/wp-json\/wp\/v2\/product_cat?post=61019"},{"taxonomy":"product_tag","embeddable":true,"href":"https:\/\/araratfinland.com\/en\/wp-json\/wp\/v2\/product_tag?post=61019"}],"curies":[{"name":"wp","href":"https:\/\/api.w.org\/{rel}","templated":true}]}}