{"id":60646,"date":"2024-11-13T15:29:26","date_gmt":"2024-11-13T13:29:26","guid":{"rendered":"https:\/\/araratfinland.com\/product\/hemani-camel-milk-handmade-soap-2\/"},"modified":"2025-09-12T14:48:47","modified_gmt":"2025-09-12T11:48:47","slug":"hemani-camel-milk-handmade-soap-2","status":"publish","type":"product","link":"https:\/\/araratfinland.com\/en\/product\/hemani-camel-milk-handmade-soap-2\/","title":{"rendered":"Hemani Camel milk handmade soap"},"content":{"rendered":"<p><span style=\"color: #000000\"><span style=\"font-size: 18px\"><strong>Ainesosat:<\/strong> Kamelimaitojauhe, natriumpalmukernelaatti,<br \/>natriumpalmaatti, EDTA, tuoksu.<br \/><\/span><span style=\"font-size: 18px\"><strong>S\u00e4ilytys:<\/strong> Kuivassa ja viile\u00e4ss\u00e4 paikassa.<\/span><\/span><\/p>\n","protected":false},"excerpt":{"rendered":"<p>Ainesosat: Kamelimaitojauhe, natriumpalmukernelaatti,natriumpalmaatti, EDTA, tuoksu.S\u00e4ilytys: Kuivassa ja viile\u00e4ss\u00e4 paikassa.<\/p>\n","protected":false},"featured_media":0,"template":"","meta":{"om_disable_all_campaigns":false,"_monsterinsights_skip_tracking":false,"_monsterinsights_sitenote_active":false,"_monsterinsights_sitenote_note":"","_monsterinsights_sitenote_category":0},"location":[1422],"product_brand":[1423],"product_cat":[1458],"product_tag":[],"class_list":{"0":"post-60646","1":"product","2":"type-product","3":"status-publish","5":"location-v","6":"product_brand-ararat-ari-food","7":"product_cat-taloustavarat-en-2","8":"stock_type-kpl-en","10":"first","11":"instock","12":"taxable","13":"shipping-taxable","14":"purchasable","15":"product-type-simple"},"aioseo_notices":[],"locations":[{"id":1422,"name":"v","slug":"v","quantity":"0"}],"_links":{"self":[{"href":"https:\/\/araratfinland.com\/en\/wp-json\/wp\/v2\/product\/60646","targetHints":{"allow":["GET"]}}],"collection":[{"href":"https:\/\/araratfinland.com\/en\/wp-json\/wp\/v2\/product"}],"about":[{"href":"https:\/\/araratfinland.com\/en\/wp-json\/wp\/v2\/types\/product"}],"version-history":[{"count":1,"href":"https:\/\/araratfinland.com\/en\/wp-json\/wp\/v2\/product\/60646\/revisions"}],"predecessor-version":[{"id":80092,"href":"https:\/\/araratfinland.com\/en\/wp-json\/wp\/v2\/product\/60646\/revisions\/80092"}],"wp:attachment":[{"href":"https:\/\/araratfinland.com\/en\/wp-json\/wp\/v2\/media?parent=60646"}],"wp:term":[{"taxonomy":"location","embeddable":true,"href":"https:\/\/araratfinland.com\/en\/wp-json\/wp\/v2\/location?post=60646"},{"taxonomy":"product_brand","embeddable":true,"href":"https:\/\/araratfinland.com\/en\/wp-json\/wp\/v2\/product_brand?post=60646"},{"taxonomy":"product_cat","embeddable":true,"href":"https:\/\/araratfinland.com\/en\/wp-json\/wp\/v2\/product_cat?post=60646"},{"taxonomy":"product_tag","embeddable":true,"href":"https:\/\/araratfinland.com\/en\/wp-json\/wp\/v2\/product_tag?post=60646"}],"curies":[{"name":"wp","href":"https:\/\/api.w.org\/{rel}","templated":true}]}}