{"id":59666,"date":"2024-11-05T11:05:14","date_gmt":"2024-11-05T09:05:14","guid":{"rendered":"https:\/\/araratfinland.com\/product\/back-family-leivinjauhe-10x15g-2\/"},"modified":"2025-09-25T13:55:55","modified_gmt":"2025-09-25T10:55:55","slug":"back-family-leivinjauhe-10x15g-2","status":"publish","type":"product","link":"https:\/\/araratfinland.com\/en\/product\/back-family-leivinjauhe-10x15g-2\/","title":{"rendered":"Back Family leivinjauhe 10x15g"},"content":{"rendered":"<p><strong>Leivinjauhe<\/strong><br \/><strong>Ainesosat:<\/strong><\/p>\n<p> Happamuudens\u00e4\u00e4t\u00f6aine: Dinatriumdifosfaatti (E 450) Kohotusaine: Natriumvetykarbonaatti (E 500) Maissit\u00e4rkkelys <\/p>\n<p>Yhden pussin sis\u00e4lt\u00f6 riitt\u00e4\u00e4 500 g jauhoihin.<\/p>\n<p>S\u00e4ilyt\u00e4 viile\u00e4ss\u00e4 ja kuivassa paikassa.<\/p>\n<p><strong>Ravintosis\u00e4lt\u00f6 per 100 g:<\/strong><\/p>\n<p> Energia: 327 kJ \/ 77 kcal Rasva: 0,1 g josta tyydyttyneit\u00e4 rasvahappoja: 0 g Hiilihydraatit: 18,9 g josta sokereita: 0 g Proteiini: 0,1 g Suola: 46,67 g<\/p>\n","protected":false},"excerpt":{"rendered":"<p>LeivinjauheAinesosat: Happamuudens\u00e4\u00e4t\u00f6aine: Dinatriumdifosfaatti (E 450) Kohotusaine: Natriumvetykarbonaatti (E 500) Maissit\u00e4rkkelys Yhden pussin sis\u00e4lt\u00f6 riitt\u00e4\u00e4 500 g jauhoihin. S\u00e4ilyt\u00e4 viile\u00e4ss\u00e4 ja<\/p>\n","protected":false},"featured_media":93367,"template":"","meta":{"om_disable_all_campaigns":false,"_monsterinsights_skip_tracking":false,"_monsterinsights_sitenote_active":false,"_monsterinsights_sitenote_note":"","_monsterinsights_sitenote_category":0},"location":[1422],"product_brand":[1423],"product_cat":[1448],"product_tag":[],"class_list":{"0":"post-59666","1":"product","2":"type-product","3":"status-publish","4":"has-post-thumbnail","6":"location-v","7":"product_brand-ararat-ari-food","8":"product_cat-kuiva-tuotteet-en-2","9":"stock_type-pcs-en","11":"first","12":"instock","13":"taxable","14":"shipping-taxable","15":"purchasable","16":"product-type-simple"},"aioseo_notices":[],"locations":[{"id":1422,"name":"v","slug":"v","quantity":"0"}],"_links":{"self":[{"href":"https:\/\/araratfinland.com\/en\/wp-json\/wp\/v2\/product\/59666","targetHints":{"allow":["GET"]}}],"collection":[{"href":"https:\/\/araratfinland.com\/en\/wp-json\/wp\/v2\/product"}],"about":[{"href":"https:\/\/araratfinland.com\/en\/wp-json\/wp\/v2\/types\/product"}],"version-history":[{"count":1,"href":"https:\/\/araratfinland.com\/en\/wp-json\/wp\/v2\/product\/59666\/revisions"}],"predecessor-version":[{"id":77697,"href":"https:\/\/araratfinland.com\/en\/wp-json\/wp\/v2\/product\/59666\/revisions\/77697"}],"wp:featuredmedia":[{"embeddable":true,"href":"https:\/\/araratfinland.com\/en\/wp-json\/wp\/v2\/media\/93367"}],"wp:attachment":[{"href":"https:\/\/araratfinland.com\/en\/wp-json\/wp\/v2\/media?parent=59666"}],"wp:term":[{"taxonomy":"location","embeddable":true,"href":"https:\/\/araratfinland.com\/en\/wp-json\/wp\/v2\/location?post=59666"},{"taxonomy":"product_brand","embeddable":true,"href":"https:\/\/araratfinland.com\/en\/wp-json\/wp\/v2\/product_brand?post=59666"},{"taxonomy":"product_cat","embeddable":true,"href":"https:\/\/araratfinland.com\/en\/wp-json\/wp\/v2\/product_cat?post=59666"},{"taxonomy":"product_tag","embeddable":true,"href":"https:\/\/araratfinland.com\/en\/wp-json\/wp\/v2\/product_tag?post=59666"}],"curies":[{"name":"wp","href":"https:\/\/api.w.org\/{rel}","templated":true}]}}