{"id":59660,"date":"2024-11-05T11:05:13","date_gmt":"2024-11-05T09:05:13","guid":{"rendered":"https:\/\/araratfinland.com\/product\/hemani-mustasiemen-saippua-2\/"},"modified":"2025-09-15T10:47:06","modified_gmt":"2025-09-15T07:47:06","slug":"hemani-mustasiemen-saippua-2","status":"publish","type":"product","link":"https:\/\/araratfinland.com\/en\/product\/hemani-mustasiemen-saippua-2\/","title":{"rendered":"Hemani mustasiemen saippua"},"content":{"rendered":"<p><span style=\"font-size: 18px;color: #000000\"><strong>Ainesosat:\u00a0<\/strong>Natriumpalmaatti, natriumpalmukernelaatti,<br \/>mustasiemen\u00f6ljy, v\u00e4ri, hajuvesi, EDTA.<br \/>Valmistettu 100% puhtaasta kasvi\u00f6ljyst\u00e4 ja alkoholiton.<br \/><strong>S\u00e4ilytys:<\/strong> Kuivassa ja viile\u00e4ss\u00e4 paikassa.<\/span><\/p>\n","protected":false},"excerpt":{"rendered":"<p>Ainesosat:\u00a0Natriumpalmaatti, natriumpalmukernelaatti,mustasiemen\u00f6ljy, v\u00e4ri, hajuvesi, EDTA.Valmistettu 100% puhtaasta kasvi\u00f6ljyst\u00e4 ja alkoholiton.S\u00e4ilytys: Kuivassa ja viile\u00e4ss\u00e4 paikassa.<\/p>\n","protected":false},"featured_media":91706,"template":"","meta":{"om_disable_all_campaigns":false,"_monsterinsights_skip_tracking":false,"_monsterinsights_sitenote_active":false,"_monsterinsights_sitenote_note":"","_monsterinsights_sitenote_category":0},"location":[1422],"product_brand":[1423],"product_cat":[1458],"product_tag":[],"class_list":{"0":"post-59660","1":"product","2":"type-product","3":"status-publish","4":"has-post-thumbnail","6":"location-v","7":"product_brand-ararat-ari-food","8":"product_cat-taloustavarat-en-2","9":"stock_type-kpl-en","11":"first","12":"instock","13":"taxable","14":"shipping-taxable","15":"purchasable","16":"product-type-simple"},"aioseo_notices":[],"locations":[{"id":1422,"name":"v","slug":"v","quantity":"0"}],"_links":{"self":[{"href":"https:\/\/araratfinland.com\/en\/wp-json\/wp\/v2\/product\/59660","targetHints":{"allow":["GET"]}}],"collection":[{"href":"https:\/\/araratfinland.com\/en\/wp-json\/wp\/v2\/product"}],"about":[{"href":"https:\/\/araratfinland.com\/en\/wp-json\/wp\/v2\/types\/product"}],"version-history":[{"count":1,"href":"https:\/\/araratfinland.com\/en\/wp-json\/wp\/v2\/product\/59660\/revisions"}],"predecessor-version":[{"id":60448,"href":"https:\/\/araratfinland.com\/en\/wp-json\/wp\/v2\/product\/59660\/revisions\/60448"}],"wp:featuredmedia":[{"embeddable":true,"href":"https:\/\/araratfinland.com\/en\/wp-json\/wp\/v2\/media\/91706"}],"wp:attachment":[{"href":"https:\/\/araratfinland.com\/en\/wp-json\/wp\/v2\/media?parent=59660"}],"wp:term":[{"taxonomy":"location","embeddable":true,"href":"https:\/\/araratfinland.com\/en\/wp-json\/wp\/v2\/location?post=59660"},{"taxonomy":"product_brand","embeddable":true,"href":"https:\/\/araratfinland.com\/en\/wp-json\/wp\/v2\/product_brand?post=59660"},{"taxonomy":"product_cat","embeddable":true,"href":"https:\/\/araratfinland.com\/en\/wp-json\/wp\/v2\/product_cat?post=59660"},{"taxonomy":"product_tag","embeddable":true,"href":"https:\/\/araratfinland.com\/en\/wp-json\/wp\/v2\/product_tag?post=59660"}],"curies":[{"name":"wp","href":"https:\/\/api.w.org\/{rel}","templated":true}]}}