{"id":59546,"date":"2024-11-04T14:53:40","date_gmt":"2024-11-04T12:53:40","guid":{"rendered":"https:\/\/araratfinland.com\/product\/yedoy-tam-yagli-ozel-peynir-60-800g-2\/"},"modified":"2025-11-10T10:34:37","modified_gmt":"2025-11-10T08:34:37","slug":"yedoy-tam-yagli-ozel-peynir-60-800g-2","status":"publish","type":"product","link":"https:\/\/araratfinland.com\/en\/product\/yedoy-tam-yagli-ozel-peynir-60-800g-2\/","title":{"rendered":"Yedoy Tam Yagli \u00d6zel Peynir 60% &#8211; 800g"},"content":{"rendered":"<h3 data-start=\"107\" data-end=\"147\"><strong data-start=\"111\" data-end=\"145\">Valkoinen juusto suolaliemess\u00e4<\/strong><\/h3>\n<p data-start=\"148\" data-end=\"277\"><strong data-start=\"148\" data-end=\"178\">60 % rasvaa kuiva-aineessa<\/strong><br data-start=\"178\" data-end=\"181\" \/> <strong data-start=\"181\" data-end=\"195\">Ainesosat:<\/strong> past\u00f6roitu lehm\u00e4nmaito, suola, mikrobientsyymi, hapatekulttuurit, kalsiumkloridi.<\/p>\n<p data-start=\"279\" data-end=\"358\">S\u00e4ilytys avaamattomana: katso p\u00e4iv\u00e4ys pohjasta.<br data-start=\"326\" data-end=\"329\" \/> S\u00e4ilyt\u00e4 j\u00e4\u00e4kaapissa avattuna.<\/p>\n","protected":false},"excerpt":{"rendered":"<p>Valkoinen juusto suolaliemess\u00e4 60 % rasvaa kuiva-aineessa Ainesosat: past\u00f6roitu lehm\u00e4nmaito, suola, mikrobientsyymi, hapatekulttuurit, kalsiumkloridi. S\u00e4ilytys avaamattomana: katso p\u00e4iv\u00e4ys pohjasta. S\u00e4ilyt\u00e4<\/p>\n","protected":false},"featured_media":99961,"template":"","meta":{"om_disable_all_campaigns":false,"_monsterinsights_skip_tracking":false,"_monsterinsights_sitenote_active":false,"_monsterinsights_sitenote_note":"","_monsterinsights_sitenote_category":0},"location":[1422],"product_brand":[1423],"product_cat":[1445],"product_tag":[],"class_list":{"0":"post-59546","1":"product","2":"type-product","3":"status-publish","4":"has-post-thumbnail","6":"location-v","7":"product_brand-ararat-ari-food","8":"product_cat-juustot-en-maitotuotteet-fi","9":"stock_type-pcs-en","11":"first","12":"instock","13":"sale","14":"taxable","15":"shipping-taxable","16":"purchasable","17":"product-type-simple"},"aioseo_notices":[],"locations":[{"id":1422,"name":"v","slug":"v","quantity":"0"}],"_links":{"self":[{"href":"https:\/\/araratfinland.com\/en\/wp-json\/wp\/v2\/product\/59546","targetHints":{"allow":["GET"]}}],"collection":[{"href":"https:\/\/araratfinland.com\/en\/wp-json\/wp\/v2\/product"}],"about":[{"href":"https:\/\/araratfinland.com\/en\/wp-json\/wp\/v2\/types\/product"}],"version-history":[{"count":1,"href":"https:\/\/araratfinland.com\/en\/wp-json\/wp\/v2\/product\/59546\/revisions"}],"predecessor-version":[{"id":83566,"href":"https:\/\/araratfinland.com\/en\/wp-json\/wp\/v2\/product\/59546\/revisions\/83566"}],"wp:featuredmedia":[{"embeddable":true,"href":"https:\/\/araratfinland.com\/en\/wp-json\/wp\/v2\/media\/99961"}],"wp:attachment":[{"href":"https:\/\/araratfinland.com\/en\/wp-json\/wp\/v2\/media?parent=59546"}],"wp:term":[{"taxonomy":"location","embeddable":true,"href":"https:\/\/araratfinland.com\/en\/wp-json\/wp\/v2\/location?post=59546"},{"taxonomy":"product_brand","embeddable":true,"href":"https:\/\/araratfinland.com\/en\/wp-json\/wp\/v2\/product_brand?post=59546"},{"taxonomy":"product_cat","embeddable":true,"href":"https:\/\/araratfinland.com\/en\/wp-json\/wp\/v2\/product_cat?post=59546"},{"taxonomy":"product_tag","embeddable":true,"href":"https:\/\/araratfinland.com\/en\/wp-json\/wp\/v2\/product_tag?post=59546"}],"curies":[{"name":"wp","href":"https:\/\/api.w.org\/{rel}","templated":true}]}}