{"id":59540,"date":"2024-11-04T14:51:04","date_gmt":"2024-11-04T12:51:04","guid":{"rendered":"https:\/\/araratfinland.com\/product\/yedoy-kahvalti-peynir-55-800g-2\/"},"modified":"2025-09-26T11:49:28","modified_gmt":"2025-09-26T08:49:28","slug":"yedoy-kahvalti-peynir-55-800g-2","status":"publish","type":"product","link":"https:\/\/araratfinland.com\/en\/product\/yedoy-kahvalti-peynir-55-800g-2\/","title":{"rendered":"Yedoy Kahvalti Peynir 55% &#8211; 800g"},"content":{"rendered":"<h3 data-start=\"74\" data-end=\"114\"><strong data-start=\"78\" data-end=\"112\">Valkoinen juusto suolaliemess\u00e4<\/strong><\/h3>\n<p data-start=\"115\" data-end=\"244\"><strong data-start=\"115\" data-end=\"145\">55 % rasvaa kuiva-aineessa<\/strong><br data-start=\"145\" data-end=\"148\" \/> <strong data-start=\"148\" data-end=\"162\">Ainesosat:<\/strong> past\u00f6roitu lehm\u00e4nmaito, suola, mikrobientsyymi, hapatekulttuurit, kalsiumkloridi.<\/p>\n<p data-start=\"246\" data-end=\"325\">S\u00e4ilytys avaamattomana: katso p\u00e4iv\u00e4ys pohjasta.<br data-start=\"293\" data-end=\"296\" \/> S\u00e4ilyt\u00e4 j\u00e4\u00e4kaapissa avattuna.<\/p>\n","protected":false},"excerpt":{"rendered":"<p>Valkoinen juusto suolaliemess\u00e4 55 % rasvaa kuiva-aineessa Ainesosat: past\u00f6roitu lehm\u00e4nmaito, suola, mikrobientsyymi, hapatekulttuurit, kalsiumkloridi. S\u00e4ilytys avaamattomana: katso p\u00e4iv\u00e4ys pohjasta. S\u00e4ilyt\u00e4<\/p>\n","protected":false},"featured_media":93443,"template":"","meta":{"om_disable_all_campaigns":false,"_monsterinsights_skip_tracking":false,"_monsterinsights_sitenote_active":false,"_monsterinsights_sitenote_note":"","_monsterinsights_sitenote_category":0},"location":[1422],"product_brand":[1423],"product_cat":[1445],"product_tag":[],"class_list":{"0":"post-59540","1":"product","2":"type-product","3":"status-publish","4":"has-post-thumbnail","6":"location-v","7":"product_brand-ararat-ari-food","8":"product_cat-juustot-en-maitotuotteet-fi","9":"stock_type-pcs-en","11":"first","12":"instock","13":"sale","14":"taxable","15":"shipping-taxable","16":"purchasable","17":"product-type-simple"},"aioseo_notices":[],"locations":[{"id":1422,"name":"v","slug":"v","quantity":"657"}],"_links":{"self":[{"href":"https:\/\/araratfinland.com\/en\/wp-json\/wp\/v2\/product\/59540","targetHints":{"allow":["GET"]}}],"collection":[{"href":"https:\/\/araratfinland.com\/en\/wp-json\/wp\/v2\/product"}],"about":[{"href":"https:\/\/araratfinland.com\/en\/wp-json\/wp\/v2\/types\/product"}],"version-history":[{"count":1,"href":"https:\/\/araratfinland.com\/en\/wp-json\/wp\/v2\/product\/59540\/revisions"}],"predecessor-version":[{"id":83562,"href":"https:\/\/araratfinland.com\/en\/wp-json\/wp\/v2\/product\/59540\/revisions\/83562"}],"wp:featuredmedia":[{"embeddable":true,"href":"https:\/\/araratfinland.com\/en\/wp-json\/wp\/v2\/media\/93443"}],"wp:attachment":[{"href":"https:\/\/araratfinland.com\/en\/wp-json\/wp\/v2\/media?parent=59540"}],"wp:term":[{"taxonomy":"location","embeddable":true,"href":"https:\/\/araratfinland.com\/en\/wp-json\/wp\/v2\/location?post=59540"},{"taxonomy":"product_brand","embeddable":true,"href":"https:\/\/araratfinland.com\/en\/wp-json\/wp\/v2\/product_brand?post=59540"},{"taxonomy":"product_cat","embeddable":true,"href":"https:\/\/araratfinland.com\/en\/wp-json\/wp\/v2\/product_cat?post=59540"},{"taxonomy":"product_tag","embeddable":true,"href":"https:\/\/araratfinland.com\/en\/wp-json\/wp\/v2\/product_tag?post=59540"}],"curies":[{"name":"wp","href":"https:\/\/api.w.org\/{rel}","templated":true}]}}