{"id":58991,"date":"2024-10-25T12:25:07","date_gmt":"2024-10-25T09:25:07","guid":{"rendered":"https:\/\/araratfinland.com\/product\/farm-salaattioljy-1l-2\/"},"modified":"2025-10-16T11:33:38","modified_gmt":"2025-10-16T08:33:38","slug":"farm-salaattioljy-1l-2","status":"publish","type":"product","link":"https:\/\/araratfinland.com\/en\/product\/farm-salaattioljy-1l-2\/","title":{"rendered":"Farm Salaatti\u00f6ljy 1L"},"content":{"rendered":"<p><strong>Salaatti\u00f6ljy\u00a0<\/strong><\/p>\n<p><strong>Ravintosis\u00e4lt\u00f6 100 g kohden:<\/strong><br \/>Kalorit: 3389 kJ \/ 824 kcal<br \/>Kokonaisrasva: 92 g, josta:<\/p>\n<p> Tyydyttynytt\u00e4 rasvaa: 13 g Kertatyydyttym\u00e4t\u00f6nt\u00e4 rasvaa: 69 g Monityydyttym\u00e4t\u00f6nt\u00e4 rasvaa: 9 g<br \/>Hiilihydraatit: 0 g, josta: Sokeria: 0 g<br \/>Proteiini: 0 g<br \/>Natrium (suola): 0 g <\/p>\n<p><strong>Suositeltu p\u00e4ivitt\u00e4inen k\u00e4ytt\u00f6:<\/strong> E.U.<\/p>\n<p><strong>Ainesosat:<\/strong><br \/>20 % Ekstraneitsytoliivi\u00f6ljy\u00e4<br \/>80 % Auringonkukka\u00f6ljy\u00e4<\/p>\n<p><strong>S\u00e4ilytys:<\/strong><br \/>Pime\u00e4ss\u00e4 ja viile\u00e4ss\u00e4, v\u00e4lt\u00e4 suoraa auringonvaloa.<\/p>\n","protected":false},"excerpt":{"rendered":"<p>Salaatti\u00f6ljy\u00a0 Ravintosis\u00e4lt\u00f6 100 g kohden:Kalorit: 3389 kJ \/ 824 kcalKokonaisrasva: 92 g, josta: Tyydyttynytt\u00e4 rasvaa: 13 g Kertatyydyttym\u00e4t\u00f6nt\u00e4 rasvaa: 69<\/p>\n","protected":false},"featured_media":96927,"template":"","meta":{"om_disable_all_campaigns":false,"_monsterinsights_skip_tracking":false,"_monsterinsights_sitenote_active":false,"_monsterinsights_sitenote_note":"","_monsterinsights_sitenote_category":0},"location":[1422],"product_brand":[1423],"product_cat":[1323],"product_tag":[],"class_list":{"0":"post-58991","1":"product","2":"type-product","3":"status-publish","4":"has-post-thumbnail","6":"location-v","7":"product_brand-ararat-ari-food","8":"product_cat-ljyt-en","9":"stock_type-pcs-en","11":"first","12":"instock","13":"taxable","14":"shipping-taxable","15":"purchasable","16":"product-type-simple"},"aioseo_notices":[],"locations":[{"id":1422,"name":"v","slug":"v","quantity":"0"}],"_links":{"self":[{"href":"https:\/\/araratfinland.com\/en\/wp-json\/wp\/v2\/product\/58991","targetHints":{"allow":["GET"]}}],"collection":[{"href":"https:\/\/araratfinland.com\/en\/wp-json\/wp\/v2\/product"}],"about":[{"href":"https:\/\/araratfinland.com\/en\/wp-json\/wp\/v2\/types\/product"}],"version-history":[{"count":1,"href":"https:\/\/araratfinland.com\/en\/wp-json\/wp\/v2\/product\/58991\/revisions"}],"predecessor-version":[{"id":91057,"href":"https:\/\/araratfinland.com\/en\/wp-json\/wp\/v2\/product\/58991\/revisions\/91057"}],"wp:featuredmedia":[{"embeddable":true,"href":"https:\/\/araratfinland.com\/en\/wp-json\/wp\/v2\/media\/96927"}],"wp:attachment":[{"href":"https:\/\/araratfinland.com\/en\/wp-json\/wp\/v2\/media?parent=58991"}],"wp:term":[{"taxonomy":"location","embeddable":true,"href":"https:\/\/araratfinland.com\/en\/wp-json\/wp\/v2\/location?post=58991"},{"taxonomy":"product_brand","embeddable":true,"href":"https:\/\/araratfinland.com\/en\/wp-json\/wp\/v2\/product_brand?post=58991"},{"taxonomy":"product_cat","embeddable":true,"href":"https:\/\/araratfinland.com\/en\/wp-json\/wp\/v2\/product_cat?post=58991"},{"taxonomy":"product_tag","embeddable":true,"href":"https:\/\/araratfinland.com\/en\/wp-json\/wp\/v2\/product_tag?post=58991"}],"curies":[{"name":"wp","href":"https:\/\/api.w.org\/{rel}","templated":true}]}}