{"id":55957,"date":"2024-09-24T11:23:58","date_gmt":"2024-09-24T08:23:58","guid":{"rendered":"https:\/\/araratfinland.com\/product\/hemani-hiusoljy-amla-12x200ml-2\/"},"modified":"2025-09-11T14:34:17","modified_gmt":"2025-09-11T11:34:17","slug":"hemani-hiusoljy-amla-12x200ml-2","status":"publish","type":"product","link":"https:\/\/araratfinland.com\/en\/product\/hemani-hiusoljy-amla-12x200ml-2\/","title":{"rendered":"Hemani hius\u00f6ljy amla 12x200ml"},"content":{"rendered":"<h4><span style=\"font-size: 18px\"><strong>Hemani Amla<\/strong> hius\u00f6ljy koostuu aktiivisista amla-ainesosista,<br \/>jotka edist\u00e4v\u00e4t hiusten kasvua,\u00a0<\/span><span style=\"font-size: 18px\">est\u00e4v\u00e4t hilseen, tekev\u00e4t<br \/>hiuksista vahvat, silkkiset ja kiilt\u00e4v\u00e4t. Se korjaa tyls\u00e4t ja<br \/>vaurioituneet\u00a0<\/span><span style=\"font-size: 18px\">hiukset ja j\u00e4tt\u00e4\u00e4 viilent\u00e4v\u00e4n vaikutuksen<br \/>p\u00e4\u00e4nahkaan. Sen luonnolliset ainesosat est\u00e4v\u00e4t my\u00f6s<br \/>halkeamia.<\/p>\n<p><\/span><span style=\"font-size: 18px\"><strong>Ainesosat:\u00a0<\/strong>Amlauute, paraffinum liquidum, tuoksu.<\/span><\/h4>\n<h4><span style=\"font-size: 18px\"><strong>Valmistettu:<\/strong> Pakistanissa.<\/span><\/h4>\n","protected":false},"excerpt":{"rendered":"<p>Hemani Amla hius\u00f6ljy koostuu aktiivisista amla-ainesosista,jotka edist\u00e4v\u00e4t hiusten kasvua,\u00a0est\u00e4v\u00e4t hilseen, tekev\u00e4thiuksista vahvat, silkkiset ja kiilt\u00e4v\u00e4t. Se korjaa tyls\u00e4t javaurioituneet\u00a0hiukset ja<\/p>\n","protected":false},"featured_media":90198,"template":"","meta":{"om_disable_all_campaigns":false,"_monsterinsights_skip_tracking":false,"_monsterinsights_sitenote_active":false,"_monsterinsights_sitenote_note":"","_monsterinsights_sitenote_category":0},"location":[1422],"product_brand":[1423],"product_cat":[1458],"product_tag":[],"class_list":{"0":"post-55957","1":"product","2":"type-product","3":"status-publish","4":"has-post-thumbnail","6":"location-v","7":"product_brand-ararat-ari-food","8":"product_cat-taloustavarat-en-2","9":"stock_type-ltk-en","11":"first","12":"instock","13":"taxable","14":"shipping-taxable","15":"purchasable","16":"product-type-simple"},"aioseo_notices":[],"locations":[{"id":1422,"name":"v","slug":"v","quantity":"0"}],"_links":{"self":[{"href":"https:\/\/araratfinland.com\/en\/wp-json\/wp\/v2\/product\/55957","targetHints":{"allow":["GET"]}}],"collection":[{"href":"https:\/\/araratfinland.com\/en\/wp-json\/wp\/v2\/product"}],"about":[{"href":"https:\/\/araratfinland.com\/en\/wp-json\/wp\/v2\/types\/product"}],"version-history":[{"count":1,"href":"https:\/\/araratfinland.com\/en\/wp-json\/wp\/v2\/product\/55957\/revisions"}],"predecessor-version":[{"id":56140,"href":"https:\/\/araratfinland.com\/en\/wp-json\/wp\/v2\/product\/55957\/revisions\/56140"}],"wp:featuredmedia":[{"embeddable":true,"href":"https:\/\/araratfinland.com\/en\/wp-json\/wp\/v2\/media\/90198"}],"wp:attachment":[{"href":"https:\/\/araratfinland.com\/en\/wp-json\/wp\/v2\/media?parent=55957"}],"wp:term":[{"taxonomy":"location","embeddable":true,"href":"https:\/\/araratfinland.com\/en\/wp-json\/wp\/v2\/location?post=55957"},{"taxonomy":"product_brand","embeddable":true,"href":"https:\/\/araratfinland.com\/en\/wp-json\/wp\/v2\/product_brand?post=55957"},{"taxonomy":"product_cat","embeddable":true,"href":"https:\/\/araratfinland.com\/en\/wp-json\/wp\/v2\/product_cat?post=55957"},{"taxonomy":"product_tag","embeddable":true,"href":"https:\/\/araratfinland.com\/en\/wp-json\/wp\/v2\/product_tag?post=55957"}],"curies":[{"name":"wp","href":"https:\/\/api.w.org\/{rel}","templated":true}]}}