{"id":55366,"date":"2024-09-13T13:43:23","date_gmt":"2024-09-13T10:43:23","guid":{"rendered":"https:\/\/araratfinland.com\/product\/calnort-lampaan-liemi-1kg-2\/"},"modified":"2025-09-12T14:29:42","modified_gmt":"2025-09-12T11:29:42","slug":"calnort-lampaan-liemi-1kg-2","status":"publish","type":"product","link":"https:\/\/araratfinland.com\/en\/product\/calnort-lampaan-liemi-1kg-2\/","title":{"rendered":"Calnort Lampaan Liemi 1Kg"},"content":{"rendered":"<p><strong>Ainesosat<\/strong>:<br \/>Suola, maissit\u00e4rkkelys, aromivahvenne (mononatriumglutamaatti), sokeri, palmu\u00f6ljy, hydrolysoitu kasviproteiini (sis\u00e4lt\u00e4\u00e4 soijaa), hiivauute, sipuli, keinotekoiset ja luonnolliset aromit, ekstraneitsytoliivi\u00f6ljy, v\u00e4riaine: karamelli E150d, mausteet (kurkuma), antioksidantti (rosmariiniuute). Saattaa sis\u00e4lt\u00e4\u00e4 j\u00e4\u00e4mi\u00e4 maidosta, laktoosista, kalasta, \u00e4yri\u00e4isist\u00e4 ja nilvi\u00e4isist\u00e4.<\/p>\n<p><strong>Ravintosis\u00e4lt\u00f6 100 grammaa kohti<\/strong>:<br \/>Energiaa: 804 kJ<br \/>Rasva: 5,6 g<br \/>josta tyydyttyneit\u00e4: 3,3 g<br \/>Hiilihydraatit: 29 g<br \/>josta sokereita: 10 g<br \/>Proteiini: 509 g<br \/>Suola: 54,1 g<\/p>\n","protected":false},"excerpt":{"rendered":"<p>Ainesosat:Suola, maissit\u00e4rkkelys, aromivahvenne (mononatriumglutamaatti), sokeri, palmu\u00f6ljy, hydrolysoitu kasviproteiini (sis\u00e4lt\u00e4\u00e4 soijaa), hiivauute, sipuli, keinotekoiset ja luonnolliset aromit, ekstraneitsytoliivi\u00f6ljy, v\u00e4riaine: karamelli E150d,<\/p>\n","protected":false},"featured_media":91474,"template":"","meta":{"om_disable_all_campaigns":false,"_monsterinsights_skip_tracking":false,"_monsterinsights_sitenote_active":false,"_monsterinsights_sitenote_note":"","_monsterinsights_sitenote_category":0},"location":[1422],"product_brand":[1423],"product_cat":[1477],"product_tag":[],"class_list":{"0":"post-55366","1":"product","2":"type-product","3":"status-publish","4":"has-post-thumbnail","6":"location-v","7":"product_brand-ararat-ari-food","8":"product_cat-mausteet-en-2","9":"stock_type-pcs-en","11":"first","12":"instock","13":"taxable","14":"shipping-taxable","15":"purchasable","16":"product-type-simple"},"aioseo_notices":[],"locations":[{"id":1422,"name":"v","slug":"v","quantity":"36"}],"_links":{"self":[{"href":"https:\/\/araratfinland.com\/en\/wp-json\/wp\/v2\/product\/55366","targetHints":{"allow":["GET"]}}],"collection":[{"href":"https:\/\/araratfinland.com\/en\/wp-json\/wp\/v2\/product"}],"about":[{"href":"https:\/\/araratfinland.com\/en\/wp-json\/wp\/v2\/types\/product"}],"version-history":[{"count":1,"href":"https:\/\/araratfinland.com\/en\/wp-json\/wp\/v2\/product\/55366\/revisions"}],"predecessor-version":[{"id":55422,"href":"https:\/\/araratfinland.com\/en\/wp-json\/wp\/v2\/product\/55366\/revisions\/55422"}],"wp:featuredmedia":[{"embeddable":true,"href":"https:\/\/araratfinland.com\/en\/wp-json\/wp\/v2\/media\/91474"}],"wp:attachment":[{"href":"https:\/\/araratfinland.com\/en\/wp-json\/wp\/v2\/media?parent=55366"}],"wp:term":[{"taxonomy":"location","embeddable":true,"href":"https:\/\/araratfinland.com\/en\/wp-json\/wp\/v2\/location?post=55366"},{"taxonomy":"product_brand","embeddable":true,"href":"https:\/\/araratfinland.com\/en\/wp-json\/wp\/v2\/product_brand?post=55366"},{"taxonomy":"product_cat","embeddable":true,"href":"https:\/\/araratfinland.com\/en\/wp-json\/wp\/v2\/product_cat?post=55366"},{"taxonomy":"product_tag","embeddable":true,"href":"https:\/\/araratfinland.com\/en\/wp-json\/wp\/v2\/product_tag?post=55366"}],"curies":[{"name":"wp","href":"https:\/\/api.w.org\/{rel}","templated":true}]}}