{"id":55326,"date":"2024-09-13T13:43:13","date_gmt":"2024-09-13T10:43:13","guid":{"rendered":"https:\/\/araratfinland.com\/product\/nawras-valkoinen-etikka-1-l\/"},"modified":"2025-08-19T15:17:44","modified_gmt":"2025-08-19T12:17:44","slug":"nawras-valkoinen-etikka-1-l","status":"publish","type":"product","link":"https:\/\/araratfinland.com\/en\/product\/nawras-valkoinen-etikka-1-l\/","title":{"rendered":"Nawras valkoinen etikka 1 L"},"content":{"rendered":"<h4><span style=\"font-size: 18px;color: #000000\"><strong>Valkoinen etikka.<\/strong><\/span><\/h4>\n<h4><span style=\"font-size: 18px;color: #000000\"><strong>Ainesosat<\/strong><strong>:<\/strong> Vesi, etikkahappo, happamuus 5%.<\/span><\/h4>\n<h4><span style=\"font-size: 18px;color: #000000\"><strong>S\u00e4ilytys:<\/strong>\u00a0Viile\u00e4ss\u00e4 ja pime\u00e4ss\u00e4 paikassa.<\/span><\/h4>\n","protected":false},"excerpt":{"rendered":"<p>Valkoinen etikka. Ainesosat: Vesi, etikkahappo, happamuus 5%. S\u00e4ilytys:\u00a0Viile\u00e4ss\u00e4 ja pime\u00e4ss\u00e4 paikassa.<\/p>\n","protected":false},"featured_media":85266,"template":"","meta":{"om_disable_all_campaigns":false,"_monsterinsights_skip_tracking":false,"_monsterinsights_sitenote_active":false,"_monsterinsights_sitenote_note":"","_monsterinsights_sitenote_category":0},"location":[1422],"product_brand":[1423],"product_cat":[1480],"product_tag":[],"class_list":{"0":"post-55326","1":"product","2":"type-product","3":"status-publish","4":"has-post-thumbnail","6":"location-v","7":"product_brand-ararat-ari-food","8":"product_cat-mehut-nesteet-en","9":"stock_type-pcs-en","11":"first","12":"instock","13":"taxable","14":"shipping-taxable","15":"purchasable","16":"product-type-simple"},"aioseo_notices":[],"locations":[{"id":1422,"name":"v","slug":"v","quantity":"120"}],"_links":{"self":[{"href":"https:\/\/araratfinland.com\/en\/wp-json\/wp\/v2\/product\/55326","targetHints":{"allow":["GET"]}}],"collection":[{"href":"https:\/\/araratfinland.com\/en\/wp-json\/wp\/v2\/product"}],"about":[{"href":"https:\/\/araratfinland.com\/en\/wp-json\/wp\/v2\/types\/product"}],"version-history":[{"count":1,"href":"https:\/\/araratfinland.com\/en\/wp-json\/wp\/v2\/product\/55326\/revisions"}],"predecessor-version":[{"id":66280,"href":"https:\/\/araratfinland.com\/en\/wp-json\/wp\/v2\/product\/55326\/revisions\/66280"}],"wp:featuredmedia":[{"embeddable":true,"href":"https:\/\/araratfinland.com\/en\/wp-json\/wp\/v2\/media\/85266"}],"wp:attachment":[{"href":"https:\/\/araratfinland.com\/en\/wp-json\/wp\/v2\/media?parent=55326"}],"wp:term":[{"taxonomy":"location","embeddable":true,"href":"https:\/\/araratfinland.com\/en\/wp-json\/wp\/v2\/location?post=55326"},{"taxonomy":"product_brand","embeddable":true,"href":"https:\/\/araratfinland.com\/en\/wp-json\/wp\/v2\/product_brand?post=55326"},{"taxonomy":"product_cat","embeddable":true,"href":"https:\/\/araratfinland.com\/en\/wp-json\/wp\/v2\/product_cat?post=55326"},{"taxonomy":"product_tag","embeddable":true,"href":"https:\/\/araratfinland.com\/en\/wp-json\/wp\/v2\/product_tag?post=55326"}],"curies":[{"name":"wp","href":"https:\/\/api.w.org\/{rel}","templated":true}]}}