{"id":55310,"date":"2024-09-13T13:43:06","date_gmt":"2024-09-13T10:43:06","guid":{"rendered":"https:\/\/araratfinland.com\/product\/coroli-orignal-majoneesi-500-ml-2\/"},"modified":"2025-08-08T12:34:50","modified_gmt":"2025-08-08T09:34:50","slug":"coroli-orignal-majoneesi-500-ml-2","status":"publish","type":"product","link":"https:\/\/araratfinland.com\/en\/product\/coroli-orignal-majoneesi-500-ml-2\/","title":{"rendered":"Coroli orignal majoneesi 500 ml"},"content":{"rendered":"<div><span style=\"font-size: 18px;color: #000000\"><strong>Ainesosat:<\/strong>\u00a0Rypsi\u00f6ljy 49%, vesi, etikka,\u00a0<strong>sinappi<\/strong>,<\/span><\/div>\n<div><span style=\"font-size: 18px;color: #000000\">(vesi, sinapinsiemenet, etikka, mausteet),<\/span><\/div>\n<div><span style=\"font-size: 18px;color: #000000\"><strong>kananmuna<\/strong>\u00a0ja\u00a0<strong>munankeltuainen<\/strong>, etikkahappo<\/span><\/div>\n<div><span style=\"font-size: 18px;color: #000000\">muunnettu t\u00e4rkkelys, maissit\u00e4rkkelys, suola,<\/span><\/div>\n<div><span style=\"font-size: 18px;color: #000000\"><strong>vehn\u00e4<\/strong>t\u00e4rkkelys, guarkumi, sakkariini,\u00a0<strong>maito<\/strong>happo<\/span><\/div>\n<div><span style=\"font-size: 18px;color: #000000\">elintarvikelis\u00e4aine, beetakaroteeni.<\/p>\n<p><\/span><\/div>\n<div><span style=\"font-size: 18px\"><span style=\"color: #000000\"><strong>S\u00e4ilytys:<\/strong><\/span>\u00a0<span style=\"color: #000000\">Kuivassa ja viile\u00e4ss\u00e4 paikassa.<\/span><br \/><span style=\"color: #000000\">J\u00e4\u00e4kaapissa avaamisen j\u00e4lkeen.<\/span><\/p>\n<p><\/span> <\/p>\n<table style=\"width: 321.641px\">\n<tbody>\n<tr style=\"height: 23px\">\n<td style=\"width: 307.641px;height: 23px\" colspan=\"2\"><span style=\"font-size: 19px;color: #000000\"><strong>Ravintosis\u00e4lt\u00f6 per 100g<\/strong><\/span><\/td>\n<\/tr>\n<\/tbody>\n<tbody>\n<tr style=\"height: 23px\">\n<td style=\"width: 207px;height: 23px\"><span style=\"font-size: 19px;color: #000000\">Energia<\/span><\/td>\n<td style=\"width: 100.641px;height: 23px\"><span style=\"font-size: 19px;color: #000000\">453 kcal<\/span><\/td>\n<\/tr>\n<tr style=\"height: 23px\">\n<td style=\"width: 207px;height: 23px\"><span style=\"font-size: 19px;color: #000000\">Rasva<\/span><\/td>\n<td style=\"width: 100.641px;height: 23px\"><span style=\"font-size: 19px;color: #000000\">3,5 g<\/span><\/td>\n<\/tr>\n<tr style=\"height: 23px\">\n<td style=\"width: 207px;height: 23px\"><span style=\"font-size: 19px;color: #000000\">josta tyydyttyneitt\u00e4<\/span><\/td>\n<td style=\"width: 100.641px;height: 23px\"><span style=\"font-size: 19px;color: #000000\">3,5 g<\/span><\/td>\n<\/tr>\n<tr style=\"height: 23px\">\n<td style=\"width: 207px;height: 23px\"><span style=\"font-size: 19px;color: #000000\">Hiilihydraatit<\/span><\/td>\n<td style=\"width: 100.641px;height: 23px\"><span style=\"font-size: 19px;color: #000000\">2,3 g<\/span><\/td>\n<\/tr>\n<tr style=\"height: 23px\">\n<td style=\"width: 207px;height: 23px\"><span style=\"font-size: 19px;color: #000000\">josta sokereita<\/span><\/td>\n<td style=\"width: 100.641px;height: 23px\"><span style=\"font-size: 19px;color: #000000\">0 g<\/span><\/td>\n<\/tr>\n<tr style=\"height: 23px\">\n<td style=\"width: 207px;height: 23px\"><span style=\"font-size: 19px;color: #000000\">Proteiini<\/span><\/td>\n<td style=\"width: 100.641px;height: 23px\"><span style=\"font-size: 19px;color: #000000\">0,5 g<\/span><\/td>\n<\/tr>\n<tr style=\"height: 23px\">\n<td style=\"width: 207px;height: 23px\"><span style=\"font-size: 19px;color: #000000\">Suola<\/span><\/td>\n<td style=\"width: 100.641px;height: 23px\"><span style=\"font-size: 19px;color: #000000\">1 g<\/span><\/td>\n<\/tr>\n<\/tbody>\n<\/table><\/div>\n","protected":false},"excerpt":{"rendered":"<p>Ainesosat:\u00a0Rypsi\u00f6ljy 49%, vesi, etikka,\u00a0sinappi, (vesi, sinapinsiemenet, etikka, mausteet), kananmuna\u00a0ja\u00a0munankeltuainen, etikkahappo muunnettu t\u00e4rkkelys, maissit\u00e4rkkelys, suola, vehn\u00e4t\u00e4rkkelys, guarkumi, sakkariini,\u00a0maitohappo elintarvikelis\u00e4aine, beetakaroteeni. S\u00e4ilytys:\u00a0Kuivassa<\/p>\n","protected":false},"featured_media":84070,"template":"","meta":{"om_disable_all_campaigns":false,"_monsterinsights_skip_tracking":false,"_monsterinsights_sitenote_active":false,"_monsterinsights_sitenote_note":"","_monsterinsights_sitenote_category":0},"location":[1422],"product_brand":[1423],"product_cat":[1447],"product_tag":[],"class_list":{"0":"post-55310","1":"product","2":"type-product","3":"status-publish","4":"has-post-thumbnail","6":"location-v","7":"product_brand-ararat-ari-food","8":"product_cat-kastikkeet-en-2","9":"stock_type-lasi-en","11":"first","12":"instock","13":"taxable","14":"shipping-taxable","15":"purchasable","16":"product-type-simple"},"aioseo_notices":[],"locations":[{"id":1422,"name":"v","slug":"v","quantity":"480"}],"_links":{"self":[{"href":"https:\/\/araratfinland.com\/en\/wp-json\/wp\/v2\/product\/55310","targetHints":{"allow":["GET"]}}],"collection":[{"href":"https:\/\/araratfinland.com\/en\/wp-json\/wp\/v2\/product"}],"about":[{"href":"https:\/\/araratfinland.com\/en\/wp-json\/wp\/v2\/types\/product"}],"version-history":[{"count":1,"href":"https:\/\/araratfinland.com\/en\/wp-json\/wp\/v2\/product\/55310\/revisions"}],"predecessor-version":[{"id":58968,"href":"https:\/\/araratfinland.com\/en\/wp-json\/wp\/v2\/product\/55310\/revisions\/58968"}],"wp:featuredmedia":[{"embeddable":true,"href":"https:\/\/araratfinland.com\/en\/wp-json\/wp\/v2\/media\/84070"}],"wp:attachment":[{"href":"https:\/\/araratfinland.com\/en\/wp-json\/wp\/v2\/media?parent=55310"}],"wp:term":[{"taxonomy":"location","embeddable":true,"href":"https:\/\/araratfinland.com\/en\/wp-json\/wp\/v2\/location?post=55310"},{"taxonomy":"product_brand","embeddable":true,"href":"https:\/\/araratfinland.com\/en\/wp-json\/wp\/v2\/product_brand?post=55310"},{"taxonomy":"product_cat","embeddable":true,"href":"https:\/\/araratfinland.com\/en\/wp-json\/wp\/v2\/product_cat?post=55310"},{"taxonomy":"product_tag","embeddable":true,"href":"https:\/\/araratfinland.com\/en\/wp-json\/wp\/v2\/product_tag?post=55310"}],"curies":[{"name":"wp","href":"https:\/\/api.w.org\/{rel}","templated":true}]}}