{"id":55306,"date":"2024-09-13T13:43:05","date_gmt":"2024-09-13T10:43:05","guid":{"rendered":"https:\/\/araratfinland.com\/product\/nawras-inkivaarijauhe-250-g-2\/"},"modified":"2025-07-11T12:31:32","modified_gmt":"2025-07-11T09:31:32","slug":"nawras-inkivaarijauhe-250-g-2","status":"publish","type":"product","link":"https:\/\/araratfinland.com\/en\/product\/nawras-inkivaarijauhe-250-g-2\/","title":{"rendered":"Nawras inkiv\u00e4\u00e4rijauhe 250 g"},"content":{"rendered":"<h4><span style=\"font-size: 18px;color: #000000\"><strong>Ainesosat: <\/strong>Inkiv\u00e4\u00e4rijauhe.<\/span><\/h4>\n<h4><span style=\"font-size: 18px;color: #000000\"><strong>S\u00e4ilytys:<\/strong>\u00a0Kuivassa, viile\u00e4ss\u00e4 ja<br \/>hajuttomassa paikassa.<\/span><\/h4>\n<table style=\"width: 396.375px\">\n<tbody>\n<tr style=\"height: 22px\">\n<td style=\"height: 22px;width: 376.375px\" colspan=\"2\"><span style=\"font-size: 18px;color: #000000\"><strong>Ravintosis\u00e4lt\u00f6 per 100g<\/strong><\/span><\/td>\n<\/tr>\n<\/tbody>\n<tbody>\n<tr style=\"height: 22.8594px\">\n<td style=\"height: 22.8594px;width: 211px\"><span style=\"font-size: 18px;color: #000000\">Energia<\/span><\/td>\n<td style=\"height: 22.8594px;width: 165.375px\"><span style=\"font-size: 18px;color: #000000\">334 kj \/ 80 kcal<\/span><\/td>\n<\/tr>\n<tr style=\"height: 22px\">\n<td style=\"height: 22px;width: 211px\"><span style=\"font-size: 18px;color: #000000\">Rasva<\/span><\/td>\n<td style=\"height: 22px;width: 165.375px\"><span style=\"font-size: 18px;color: #000000\">0,75 g<\/span><\/td>\n<\/tr>\n<tr style=\"height: 29px\">\n<td style=\"height: 29px;width: 211px\"><span style=\"font-size: 18px;color: #000000\">josta tyydyttyneitt\u00e4<\/span><\/td>\n<td style=\"height: 29px;width: 165.375px\"><span style=\"font-size: 18px;color: #000000\">0 g<\/span><\/td>\n<\/tr>\n<tr style=\"height: 22px\">\n<td style=\"height: 22px;width: 211px\"><span style=\"font-size: 18px;color: #000000\">Hiilihydraatit<\/span><\/td>\n<td style=\"height: 22px;width: 165.375px\"><span style=\"font-size: 18px;color: #000000\">17,77 g<\/span><\/td>\n<\/tr>\n<tr style=\"height: 34px\">\n<td style=\"height: 34px;width: 211px\"><span style=\"font-size: 18px;color: #000000\">josta sokereita<\/span><\/td>\n<td style=\"height: 34px;width: 165.375px\"><span style=\"font-size: 18px;color: #000000\">1,7 g<\/span><\/td>\n<\/tr>\n<tr style=\"height: 22px\">\n<td style=\"height: 22px;width: 211px\"><span style=\"font-size: 18px;color: #000000\">Proteiini<\/span><\/td>\n<td style=\"height: 22px;width: 165.375px\"><span style=\"font-size: 18px;color: #000000\">1,82 g<\/span><\/td>\n<\/tr>\n<tr style=\"height: 22px\">\n<td style=\"height: 22px;width: 211px\"><span style=\"font-size: 18px;color: #000000\">Suola<\/span><\/td>\n<td style=\"height: 22px;width: 165.375px\"><span style=\"font-size: 18px;color: #000000\">0 g<\/span><\/td>\n<\/tr>\n<\/tbody>\n<\/table>\n","protected":false},"excerpt":{"rendered":"<p>Ainesosat: Inkiv\u00e4\u00e4rijauhe. S\u00e4ilytys:\u00a0Kuivassa, viile\u00e4ss\u00e4 jahajuttomassa paikassa. Ravintosis\u00e4lt\u00f6 per 100g Energia 334 kj \/ 80 kcal Rasva 0,75 g josta tyydyttyneitt\u00e4<\/p>\n","protected":false},"featured_media":81764,"template":"","meta":{"om_disable_all_campaigns":false,"_monsterinsights_skip_tracking":false,"_monsterinsights_sitenote_active":false,"_monsterinsights_sitenote_note":"","_monsterinsights_sitenote_category":0},"location":[1422],"product_brand":[1423],"product_cat":[1477],"product_tag":[],"class_list":{"0":"post-55306","1":"product","2":"type-product","3":"status-publish","4":"has-post-thumbnail","6":"location-v","7":"product_brand-ararat-ari-food","8":"product_cat-mausteet-en-2","9":"stock_type-pss-en","11":"first","12":"instock","13":"taxable","14":"shipping-taxable","15":"purchasable","16":"product-type-simple"},"aioseo_notices":[],"locations":[{"id":1422,"name":"v","slug":"v","quantity":"0"}],"_links":{"self":[{"href":"https:\/\/araratfinland.com\/en\/wp-json\/wp\/v2\/product\/55306","targetHints":{"allow":["GET"]}}],"collection":[{"href":"https:\/\/araratfinland.com\/en\/wp-json\/wp\/v2\/product"}],"about":[{"href":"https:\/\/araratfinland.com\/en\/wp-json\/wp\/v2\/types\/product"}],"version-history":[{"count":1,"href":"https:\/\/araratfinland.com\/en\/wp-json\/wp\/v2\/product\/55306\/revisions"}],"predecessor-version":[{"id":67614,"href":"https:\/\/araratfinland.com\/en\/wp-json\/wp\/v2\/product\/55306\/revisions\/67614"}],"wp:featuredmedia":[{"embeddable":true,"href":"https:\/\/araratfinland.com\/en\/wp-json\/wp\/v2\/media\/81764"}],"wp:attachment":[{"href":"https:\/\/araratfinland.com\/en\/wp-json\/wp\/v2\/media?parent=55306"}],"wp:term":[{"taxonomy":"location","embeddable":true,"href":"https:\/\/araratfinland.com\/en\/wp-json\/wp\/v2\/location?post=55306"},{"taxonomy":"product_brand","embeddable":true,"href":"https:\/\/araratfinland.com\/en\/wp-json\/wp\/v2\/product_brand?post=55306"},{"taxonomy":"product_cat","embeddable":true,"href":"https:\/\/araratfinland.com\/en\/wp-json\/wp\/v2\/product_cat?post=55306"},{"taxonomy":"product_tag","embeddable":true,"href":"https:\/\/araratfinland.com\/en\/wp-json\/wp\/v2\/product_tag?post=55306"}],"curies":[{"name":"wp","href":"https:\/\/api.w.org\/{rel}","templated":true}]}}