{"id":54781,"date":"2024-09-13T12:08:31","date_gmt":"2024-09-13T09:08:31","guid":{"rendered":"https:\/\/araratfinland.com\/product\/yayla-koy-ayran-tetra-0-25-l\/"},"modified":"2025-11-07T16:07:27","modified_gmt":"2025-11-07T14:07:27","slug":"yayla-koy-ayran-tetra-0-25-l","status":"publish","type":"product","link":"https:\/\/araratfinland.com\/en\/product\/yayla-koy-ayran-tetra-0-25-l\/","title":{"rendered":"Yayla K\u00f6y Ayran Tetra 0.25 L"},"content":{"rendered":"<h3 data-start=\"262\" data-end=\"297\"><strong data-start=\"266\" data-end=\"295\">Jogurttijuoma \u2013 suolainen<\/strong><\/h3>\n<p data-start=\"299\" data-end=\"429\"><strong data-start=\"299\" data-end=\"313\">Ainesosat:<\/strong><br data-start=\"313\" data-end=\"316\" \/> Fermentoitu maito (50 %), vesi, muunneltu t\u00e4rkkelys, stabilointiaine (pektiini), suola.<br data-start=\"403\" data-end=\"406\" \/> L\u00e4mp\u00f6k\u00e4sitelty tuote.<\/p>\n<p data-start=\"431\" data-end=\"453\"><strong data-start=\"431\" data-end=\"444\">Tilavuus:<\/strong> 0,25 L<\/p>\n<p data-start=\"455\" data-end=\"623\"><strong data-start=\"455\" data-end=\"468\">S\u00e4ilytys:<\/strong><br data-start=\"468\" data-end=\"471\" \/> Suljettuna huoneenl\u00e4mm\u00f6ss\u00e4.<br data-start=\"498\" data-end=\"501\" \/> Avaamisen j\u00e4lkeen s\u00e4ilyt\u00e4 j\u00e4\u00e4kaapissa ( 4 \u00b0C \u2013 7 \u00b0C) ja k\u00e4yt\u00e4 mahdollisimman pian.<br data-start=\"584\" data-end=\"587\" \/> Suojaa kuumuudelta ja kosteudelta.<\/p>\n<p data-start=\"625\" data-end=\"672\"><strong data-start=\"625\" data-end=\"643\">Parasta ennen:<\/strong> katso pakkauksen merkint\u00e4.<\/p>\n<p data-start=\"674\" data-end=\"733\"><strong data-start=\"674\" data-end=\"689\">K\u00e4ytt\u00f6ohje:<\/strong><br data-start=\"689\" data-end=\"692\" \/> Ravista ennen k\u00e4ytt\u00f6\u00e4 ja nauti kylm\u00e4n\u00e4.<\/p>\n","protected":false},"excerpt":{"rendered":"<p>Jogurttijuoma \u2013 suolainen Ainesosat: Fermentoitu maito (50 %), vesi, muunneltu t\u00e4rkkelys, stabilointiaine (pektiini), suola. L\u00e4mp\u00f6k\u00e4sitelty tuote. Tilavuus: 0,25 L S\u00e4ilytys:<\/p>\n","protected":false},"featured_media":99300,"template":"","meta":{"om_disable_all_campaigns":false,"_monsterinsights_skip_tracking":false,"_monsterinsights_sitenote_active":false,"_monsterinsights_sitenote_note":"","_monsterinsights_sitenote_category":0},"location":[1422],"product_brand":[1423],"product_cat":[1352],"product_tag":[],"class_list":{"0":"post-54781","1":"product","2":"type-product","3":"status-publish","4":"has-post-thumbnail","6":"location-v","7":"product_brand-ararat-ari-food","8":"product_cat-maitotuotteet-fi","9":"stock_type-pcs-en","11":"first","12":"instock","13":"taxable","14":"shipping-taxable","15":"purchasable","16":"product-type-simple"},"aioseo_notices":[],"locations":[{"id":1422,"name":"v","slug":"v","quantity":"240"}],"_links":{"self":[{"href":"https:\/\/araratfinland.com\/en\/wp-json\/wp\/v2\/product\/54781","targetHints":{"allow":["GET"]}}],"collection":[{"href":"https:\/\/araratfinland.com\/en\/wp-json\/wp\/v2\/product"}],"about":[{"href":"https:\/\/araratfinland.com\/en\/wp-json\/wp\/v2\/types\/product"}],"version-history":[{"count":1,"href":"https:\/\/araratfinland.com\/en\/wp-json\/wp\/v2\/product\/54781\/revisions"}],"predecessor-version":[{"id":96201,"href":"https:\/\/araratfinland.com\/en\/wp-json\/wp\/v2\/product\/54781\/revisions\/96201"}],"wp:featuredmedia":[{"embeddable":true,"href":"https:\/\/araratfinland.com\/en\/wp-json\/wp\/v2\/media\/99300"}],"wp:attachment":[{"href":"https:\/\/araratfinland.com\/en\/wp-json\/wp\/v2\/media?parent=54781"}],"wp:term":[{"taxonomy":"location","embeddable":true,"href":"https:\/\/araratfinland.com\/en\/wp-json\/wp\/v2\/location?post=54781"},{"taxonomy":"product_brand","embeddable":true,"href":"https:\/\/araratfinland.com\/en\/wp-json\/wp\/v2\/product_brand?post=54781"},{"taxonomy":"product_cat","embeddable":true,"href":"https:\/\/araratfinland.com\/en\/wp-json\/wp\/v2\/product_cat?post=54781"},{"taxonomy":"product_tag","embeddable":true,"href":"https:\/\/araratfinland.com\/en\/wp-json\/wp\/v2\/product_tag?post=54781"}],"curies":[{"name":"wp","href":"https:\/\/api.w.org\/{rel}","templated":true}]}}