{"id":54536,"date":"2024-09-12T14:37:23","date_gmt":"2024-09-12T11:37:23","guid":{"rendered":"https:\/\/araratfinland.com\/product\/hamwi-extra-cardemom-180g\/"},"modified":"2025-11-10T14:56:15","modified_gmt":"2025-11-10T12:56:15","slug":"hamwi-extra-cardemom-180g","status":"publish","type":"product","link":"https:\/\/araratfinland.com\/en\/product\/hamwi-extra-cardemom-180g\/","title":{"rendered":"Hamwi Coffee Cardemom 180g"},"content":{"rendered":"<p data-start=\"221\" data-end=\"265\"><strong data-start=\"221\" data-end=\"265\">Hamwi Caf\u00e9 Classic \u2013 Kahvi kardemummalla<\/strong><\/p>\n<h3 data-start=\"267\" data-end=\"284\"><strong data-start=\"271\" data-end=\"284\">Ainesosat<\/strong><\/h3>\n<p data-start=\"285\" data-end=\"337\">Keskipaahdettu, hienoksi jauhettu kahvi, kardemumma.<\/p>\n<h3 data-start=\"339\" data-end=\"359\"><strong data-start=\"343\" data-end=\"359\">Valmistusmaa<\/strong><\/h3>\n<p data-start=\"360\" data-end=\"438\">Valmistettu: <strong data-start=\"373\" data-end=\"407\">Dubai, Arabiemiraatit (U.A.E.)<\/strong><br data-start=\"407\" data-end=\"410\" \/> Pavun alkuper\u00e4: <strong data-start=\"426\" data-end=\"438\">Brasilia<\/strong><\/p>\n<h3 data-start=\"440\" data-end=\"460\"><strong data-start=\"444\" data-end=\"460\">S\u00e4ilytysohje<\/strong><\/h3>\n<p data-start=\"461\" data-end=\"521\">S\u00e4ilyt\u00e4 kuivassa ja viile\u00e4ss\u00e4, poissa voimakkaista hajuista.<\/p>\n<h3 data-start=\"523\" data-end=\"550\"><strong data-start=\"527\" data-end=\"550\">Parasta ennen \/ Er\u00e4<\/strong><\/h3>\n<p data-start=\"551\" data-end=\"570\">Katso pakkauksesta.<\/p>\n","protected":false},"excerpt":{"rendered":"<p>Hamwi Caf\u00e9 Classic \u2013 Kahvi kardemummalla Ainesosat Keskipaahdettu, hienoksi jauhettu kahvi, kardemumma. Valmistusmaa Valmistettu: Dubai, Arabiemiraatit (U.A.E.) Pavun alkuper\u00e4: Brasilia<\/p>\n","protected":false},"featured_media":100130,"template":"","meta":{"om_disable_all_campaigns":false,"_monsterinsights_skip_tracking":false,"_monsterinsights_sitenote_active":false,"_monsterinsights_sitenote_note":"","_monsterinsights_sitenote_category":0},"location":[1422],"product_brand":[1423],"product_cat":[1340],"product_tag":[],"class_list":{"0":"post-54536","1":"product","2":"type-product","3":"status-publish","4":"has-post-thumbnail","6":"location-v","7":"product_brand-ararat-ari-food","8":"product_cat-teet-kahvit-fi","9":"stock_type-pcs-en","11":"first","12":"instock","13":"taxable","14":"shipping-taxable","15":"purchasable","16":"product-type-simple"},"aioseo_notices":[],"locations":[{"id":1422,"name":"v","slug":"v","quantity":"0"}],"_links":{"self":[{"href":"https:\/\/araratfinland.com\/en\/wp-json\/wp\/v2\/product\/54536","targetHints":{"allow":["GET"]}}],"collection":[{"href":"https:\/\/araratfinland.com\/en\/wp-json\/wp\/v2\/product"}],"about":[{"href":"https:\/\/araratfinland.com\/en\/wp-json\/wp\/v2\/types\/product"}],"version-history":[{"count":3,"href":"https:\/\/araratfinland.com\/en\/wp-json\/wp\/v2\/product\/54536\/revisions"}],"predecessor-version":[{"id":100132,"href":"https:\/\/araratfinland.com\/en\/wp-json\/wp\/v2\/product\/54536\/revisions\/100132"}],"wp:featuredmedia":[{"embeddable":true,"href":"https:\/\/araratfinland.com\/en\/wp-json\/wp\/v2\/media\/100130"}],"wp:attachment":[{"href":"https:\/\/araratfinland.com\/en\/wp-json\/wp\/v2\/media?parent=54536"}],"wp:term":[{"taxonomy":"location","embeddable":true,"href":"https:\/\/araratfinland.com\/en\/wp-json\/wp\/v2\/location?post=54536"},{"taxonomy":"product_brand","embeddable":true,"href":"https:\/\/araratfinland.com\/en\/wp-json\/wp\/v2\/product_brand?post=54536"},{"taxonomy":"product_cat","embeddable":true,"href":"https:\/\/araratfinland.com\/en\/wp-json\/wp\/v2\/product_cat?post=54536"},{"taxonomy":"product_tag","embeddable":true,"href":"https:\/\/araratfinland.com\/en\/wp-json\/wp\/v2\/product_tag?post=54536"}],"curies":[{"name":"wp","href":"https:\/\/api.w.org\/{rel}","templated":true}]}}