{"id":53664,"date":"2024-08-26T12:37:40","date_gmt":"2024-08-26T09:37:40","guid":{"rendered":"https:\/\/araratfinland.com\/product\/primeluci-pasta-nro-1-20x1lb-2\/"},"modified":"2025-09-12T15:10:37","modified_gmt":"2025-09-12T12:10:37","slug":"primeluci-pasta-nro-1-20x1lb-2-2","status":"publish","type":"product","link":"https:\/\/araratfinland.com\/en\/product\/primeluci-pasta-nro-1-20x1lb-2-2\/","title":{"rendered":"Primeluci pasta nro.1 20x1lb"},"content":{"rendered":"<p class=\"\" data-start=\"166\" data-end=\"255\"><strong data-start=\"166\" data-end=\"186\">Durumvehn\u00e4pastaa<\/strong><br data-start=\"186\" data-end=\"189\" \/> <strong data-start=\"189\" data-end=\"203\">Ainesosat:<\/strong> Durumvehn\u00e4semolina, vesi.<br data-start=\"229\" data-end=\"232\" \/> <strong data-start=\"232\" data-end=\"255\">Sis\u00e4lt\u00e4\u00e4 gluteenia.<\/strong><\/p>\n<p class=\"\" data-start=\"257\" data-end=\"444\"><strong data-start=\"257\" data-end=\"284\">Ravintosis\u00e4lt\u00f6 \/ 100 g:<\/strong><br data-start=\"284\" data-end=\"287\" \/> Energia: 1490 kJ \/ 355 kcal<br data-start=\"314\" data-end=\"317\" \/> Rasva: 1,5 g<br data-start=\"329\" data-end=\"332\" \/> \u2013 josta tyydyttynytt\u00e4: 0,3 g<br data-start=\"360\" data-end=\"363\" data-is-only-node=\"\" \/> Hiilihydraatit: 71 g<br data-start=\"383\" data-end=\"386\" \/> \u2013 josta sokeria: 3,5 g<br data-start=\"408\" data-end=\"411\" \/> Proteiini: 12 g<br data-start=\"426\" data-end=\"429\" \/> Suola: 0,01 g<\/p>\n","protected":false},"excerpt":{"rendered":"<p>Durumvehn\u00e4pastaa Ainesosat: Durumvehn\u00e4semolina, vesi. Sis\u00e4lt\u00e4\u00e4 gluteenia. Ravintosis\u00e4lt\u00f6 \/ 100 g: Energia: 1490 kJ \/ 355 kcal Rasva: 1,5 g \u2013<\/p>\n","protected":false},"featured_media":91611,"template":"","meta":{"om_disable_all_campaigns":false,"_monsterinsights_skip_tracking":false,"_monsterinsights_sitenote_active":false,"_monsterinsights_sitenote_note":"","_monsterinsights_sitenote_category":0},"location":[1422],"product_brand":[1423],"product_cat":[1448],"product_tag":[],"class_list":{"0":"post-53664","1":"product","2":"type-product","3":"status-publish","4":"has-post-thumbnail","6":"location-v","7":"product_brand-ararat-ari-food","8":"product_cat-kuiva-tuotteet-en-2","9":"stock_type-ltk-en","11":"first","12":"instock","13":"taxable","14":"shipping-taxable","15":"purchasable","16":"product-type-simple"},"aioseo_notices":[],"locations":[{"id":1422,"name":"v","slug":"v","quantity":"40"}],"_links":{"self":[{"href":"https:\/\/araratfinland.com\/en\/wp-json\/wp\/v2\/product\/53664","targetHints":{"allow":["GET"]}}],"collection":[{"href":"https:\/\/araratfinland.com\/en\/wp-json\/wp\/v2\/product"}],"about":[{"href":"https:\/\/araratfinland.com\/en\/wp-json\/wp\/v2\/types\/product"}],"version-history":[{"count":1,"href":"https:\/\/araratfinland.com\/en\/wp-json\/wp\/v2\/product\/53664\/revisions"}],"predecessor-version":[{"id":83782,"href":"https:\/\/araratfinland.com\/en\/wp-json\/wp\/v2\/product\/53664\/revisions\/83782"}],"wp:featuredmedia":[{"embeddable":true,"href":"https:\/\/araratfinland.com\/en\/wp-json\/wp\/v2\/media\/91611"}],"wp:attachment":[{"href":"https:\/\/araratfinland.com\/en\/wp-json\/wp\/v2\/media?parent=53664"}],"wp:term":[{"taxonomy":"location","embeddable":true,"href":"https:\/\/araratfinland.com\/en\/wp-json\/wp\/v2\/location?post=53664"},{"taxonomy":"product_brand","embeddable":true,"href":"https:\/\/araratfinland.com\/en\/wp-json\/wp\/v2\/product_brand?post=53664"},{"taxonomy":"product_cat","embeddable":true,"href":"https:\/\/araratfinland.com\/en\/wp-json\/wp\/v2\/product_cat?post=53664"},{"taxonomy":"product_tag","embeddable":true,"href":"https:\/\/araratfinland.com\/en\/wp-json\/wp\/v2\/product_tag?post=53664"}],"curies":[{"name":"wp","href":"https:\/\/api.w.org\/{rel}","templated":true}]}}