{"id":52930,"date":"2024-08-15T13:20:32","date_gmt":"2024-08-15T10:20:32","guid":{"rendered":"https:\/\/araratfinland.com\/product\/aseel-vegetable-ghee-2-kg-2\/"},"modified":"2025-09-12T11:40:07","modified_gmt":"2025-09-12T08:40:07","slug":"aseel-vegetable-ghee-2-kg-2","status":"publish","type":"product","link":"https:\/\/araratfinland.com\/en\/product\/aseel-vegetable-ghee-2-kg-2\/","title":{"rendered":"Aseel vegetable ghee 2 kg"},"content":{"rendered":"<h4><span style=\"font-size: 18px;color: #000000\"><strong>Ainesosat:\u00a0<\/strong>Kasvi\u00f6ljyt (palmu\u00f6ljy,<br \/>palmu MID-fraktio,<strong>\u00a0soija<\/strong>\u00f6ljy),<br \/>luonnostaan identtinen voin maku,<br \/>beetakaroteeni (E160a).<\/span><\/h4>\n<h4><span style=\"font-size: 18px;color: #000000\"><strong>S\u00e4ilytys:\u00a0<\/strong>Kuivassa ja viile\u00e4ss\u00e4 paikassa.<\/span><\/h4>\n<table style=\"width: 422.125px\">\n<tbody>\n<tr>\n<td style=\"width: 423.125px\" colspan=\"2\"><span style=\"font-size: 18px;color: #000000\"><strong>Ravintosis\u00e4lt\u00f6 per 100g<\/strong><\/span><\/td>\n<\/tr>\n<\/tbody>\n<tbody>\n<tr>\n<td style=\"width: 237px\"><span style=\"font-size: 18px;color: #000000\">Energia<\/span><\/td>\n<td style=\"width: 186.125px\"><span style=\"font-size: 18px;color: #000000\">3700 kj \/ 900\u00a0kcal<\/span><\/td>\n<\/tr>\n<tr>\n<td style=\"width: 237px\"><span style=\"font-size: 18px;color: #000000\">Rasva<\/span><\/td>\n<td style=\"width: 186.125px\"><span style=\"font-size: 18px;color: #000000\">100 g<\/span><\/td>\n<\/tr>\n<tr>\n<td style=\"width: 237px\"><span style=\"font-size: 18px;color: #000000\">joista tyydyttyneit\u00e4<\/span><\/td>\n<td style=\"width: 186.125px\"><span style=\"font-size: 18px;color: #000000\">53 g<\/span><\/td>\n<\/tr>\n<tr>\n<td style=\"width: 237px\"><span style=\"font-size: 18px;color: #000000\">Hiilihydraatti<\/span><\/td>\n<td style=\"width: 186.125px\"><span style=\"font-size: 18px;color: #000000\">0 g<\/span><\/td>\n<\/tr>\n<tr>\n<td style=\"width: 237px\"><span style=\"font-size: 18px;color: #000000\">Kalsium<\/span><\/td>\n<td style=\"width: 186.125px\"><span style=\"font-size: 18px;color: #000000\">0 g<\/span><\/td>\n<\/tr>\n<tr>\n<td style=\"width: 237px\"><span style=\"font-size: 18px;color: #000000\">Proteiini<\/span><\/td>\n<td style=\"width: 186.125px\"><span style=\"font-size: 18px;color: #000000\">0 g<\/span><\/td>\n<\/tr>\n<tr>\n<td style=\"width: 237px\"><span style=\"font-size: 18px;color: #000000\">Kuitu<\/span><\/td>\n<td style=\"width: 186.125px\"><span style=\"font-size: 18px;color: #000000\">0 g<\/span><\/td>\n<\/tr>\n<tr>\n<td style=\"width: 237px\"><span style=\"font-size: 18px;color: #000000\">Suola<\/span><\/td>\n<td style=\"width: 186.125px\"><span style=\"font-size: 18px;color: #000000\">0 g<br \/><\/span><\/td>\n<\/tr>\n<\/tbody>\n<\/table>\n","protected":false},"excerpt":{"rendered":"<p>Ainesosat:\u00a0Kasvi\u00f6ljyt (palmu\u00f6ljy,palmu MID-fraktio,\u00a0soija\u00f6ljy),luonnostaan identtinen voin maku,beetakaroteeni (E160a). S\u00e4ilytys:\u00a0Kuivassa ja viile\u00e4ss\u00e4 paikassa. Ravintosis\u00e4lt\u00f6 per 100g Energia 3700 kj \/ 900\u00a0kcal Rasva<\/p>\n","protected":false},"featured_media":91101,"template":"","meta":{"om_disable_all_campaigns":false,"_monsterinsights_skip_tracking":false,"_monsterinsights_sitenote_active":false,"_monsterinsights_sitenote_note":"","_monsterinsights_sitenote_category":0},"location":[1422],"product_brand":[1423],"product_cat":[1323],"product_tag":[],"class_list":{"0":"post-52930","1":"product","2":"type-product","3":"status-publish","4":"has-post-thumbnail","6":"location-v","7":"product_brand-ararat-ari-food","8":"product_cat-ljyt-en","9":"stock_type-prk-en","11":"first","12":"instock","13":"taxable","14":"shipping-taxable","15":"purchasable","16":"product-type-simple"},"aioseo_notices":[],"locations":[{"id":1422,"name":"v","slug":"v","quantity":"0"}],"_links":{"self":[{"href":"https:\/\/araratfinland.com\/en\/wp-json\/wp\/v2\/product\/52930","targetHints":{"allow":["GET"]}}],"collection":[{"href":"https:\/\/araratfinland.com\/en\/wp-json\/wp\/v2\/product"}],"about":[{"href":"https:\/\/araratfinland.com\/en\/wp-json\/wp\/v2\/types\/product"}],"version-history":[{"count":1,"href":"https:\/\/araratfinland.com\/en\/wp-json\/wp\/v2\/product\/52930\/revisions"}],"predecessor-version":[{"id":52954,"href":"https:\/\/araratfinland.com\/en\/wp-json\/wp\/v2\/product\/52930\/revisions\/52954"}],"wp:featuredmedia":[{"embeddable":true,"href":"https:\/\/araratfinland.com\/en\/wp-json\/wp\/v2\/media\/91101"}],"wp:attachment":[{"href":"https:\/\/araratfinland.com\/en\/wp-json\/wp\/v2\/media?parent=52930"}],"wp:term":[{"taxonomy":"location","embeddable":true,"href":"https:\/\/araratfinland.com\/en\/wp-json\/wp\/v2\/location?post=52930"},{"taxonomy":"product_brand","embeddable":true,"href":"https:\/\/araratfinland.com\/en\/wp-json\/wp\/v2\/product_brand?post=52930"},{"taxonomy":"product_cat","embeddable":true,"href":"https:\/\/araratfinland.com\/en\/wp-json\/wp\/v2\/product_cat?post=52930"},{"taxonomy":"product_tag","embeddable":true,"href":"https:\/\/araratfinland.com\/en\/wp-json\/wp\/v2\/product_tag?post=52930"}],"curies":[{"name":"wp","href":"https:\/\/api.w.org\/{rel}","templated":true}]}}