{"id":52836,"date":"2024-08-14T15:21:52","date_gmt":"2024-08-14T12:21:52","guid":{"rendered":"https:\/\/araratfinland.com\/?post_type=product&#038;p=52836"},"modified":"2025-11-06T10:45:16","modified_gmt":"2025-11-06T08:45:16","slug":"puck-sulatejuusto-240-g","status":"publish","type":"product","link":"https:\/\/araratfinland.com\/en\/product\/puck-sulatejuusto-240-g\/","title":{"rendered":"Puck sulatejuusto 240 g"},"content":{"rendered":"<p><span style=\"font-size: 18px\"><span style=\"color: #202124;font-family: arial, sans-serif\"><strong>Ainesosat:<\/strong>\u00a0T<\/span><span style=\"color: #202124;font-family: arial, sans-serif\">uorejuusto<strong> (past\u00f6roitu raakalehm\u00e4nmaito,<\/strong><\/span><\/span> <\/p>\n<div><span style=\"font-size: 18px\"><span style=\"color: #202124;font-family: arial, sans-serif\"><strong>maitohappoaloitusviljelm\u00e4),<\/strong>\u00a0<strong>palmu\u00f6ljy, suola,<br \/>emulgointiainesuola (E339).<\/strong><\/span><\/span><\/div>\n<div><span style=\"font-size: 18px\"><span style=\"color: #202124;font-family: arial, sans-serif\">Ei lis\u00e4tty juoksutetta tai s\u00e4il\u00f6nt\u00e4aineita.<br \/>Rasvaa kuiva-aineessa: 65% min.<\/p>\n<p><strong>S\u00e4ilytys:<\/strong>\u00a0S\u00e4ilyt\u00e4 2\u2103 &#8211; 25\u2103. J\u00e4\u00e4hdyt\u00e4 5\u2103:ssa tai<br \/>alhaisemmassa l\u00e4mp\u00f6tilassa avaamisen j\u00e4lkeen.<\/span><\/span><\/div>\n<div><span style=\"font-size: 18px\"><span style=\"color: #202124;font-family: arial, sans-serif\">S\u00e4ilyt\u00e4 viileiss\u00e4, kuivissa olosuhteissa.<br \/>\u00c4l\u00e4 altista pakkaselle.<\/p>\n<p><\/span><\/span><\/div>\n<div>\n<table style=\"width: 321.219px\">\n<tbody>\n<tr style=\"height: 22px\">\n<td style=\"width: 303.219px;height: 22px\" colspan=\"2\"><span style=\"font-size: 18px;color: #000000\"><strong>Ravintosis\u00e4lt\u00f6 per 100g<\/strong><\/span><\/td>\n<\/tr>\n<\/tbody>\n<tbody>\n<tr style=\"height: 22px\">\n<td style=\"width: 199px;height: 22px\"><span style=\"font-size: 18px;color: #000000\">Energia<\/span><\/td>\n<td style=\"width: 104.219px;height: 22px\"><span style=\"font-size: 18px;color: #000000\">317\u00a0<\/span><\/td>\n<\/tr>\n<tr style=\"height: 22px\">\n<td style=\"width: 199px;height: 22px\"><span style=\"font-size: 18px;color: #000000\">Rasva<\/span><\/td>\n<td style=\"width: 104.219px;height: 22px\"><span style=\"font-size: 18px;color: #000000\">30 g<\/span><\/td>\n<\/tr>\n<tr style=\"height: 14px\">\n<td style=\"width: 199px;height: 14px\"><span style=\"font-size: 18px;color: #000000\">josta tyydyttyneitt\u00e4<\/span><\/td>\n<td style=\"width: 104.219px;height: 14px\"><span style=\"font-size: 18px;color: #000000\">18,5 g<\/span><\/td>\n<\/tr>\n<tr style=\"height: 22px\">\n<td style=\"width: 199px;height: 22px\"><span style=\"font-size: 18px;color: #000000\">Hiilihydraatit<\/span><\/td>\n<td style=\"width: 104.219px;height: 22px\"><span style=\"font-size: 18px;color: #000000\">1,5 g<\/span><\/td>\n<\/tr>\n<tr style=\"height: 22px\">\n<td style=\"width: 199px;height: 22px\"><span style=\"font-size: 18px;color: #000000\">Kolesteroli<\/span><\/td>\n<td style=\"width: 104.219px;height: 22px\"><span style=\"font-size: 18px;color: #000000\">77 mg<\/span><\/td>\n<\/tr>\n<tr style=\"height: 22px\">\n<td style=\"width: 199px;height: 22px\"><span style=\"font-size: 18px;color: #000000\">Natriumia<\/span><\/td>\n<td style=\"width: 104.219px;height: 22px\"><span style=\"font-size: 18px;color: #000000\">1019 mg<\/span><\/td>\n<\/tr>\n<tr style=\"height: 0px\">\n<td style=\"width: 199px;height: 0px\"><span style=\"font-size: 18px;color: #000000\">Suola<br \/><\/span><\/td>\n<td style=\"width: 104.219px;height: 0px\"><span style=\"font-size: 18px;color: #000000\">0 g<br \/><\/span><\/td>\n<\/tr>\n<\/tbody>\n<\/table><\/div>\n","protected":false},"excerpt":{"rendered":"<p>Ainesosat:\u00a0Tuorejuusto (past\u00f6roitu raakalehm\u00e4nmaito, maitohappoaloitusviljelm\u00e4),\u00a0palmu\u00f6ljy, suola,emulgointiainesuola (E339). Ei lis\u00e4tty juoksutetta tai s\u00e4il\u00f6nt\u00e4aineita.Rasvaa kuiva-aineessa: 65% min. S\u00e4ilytys:\u00a0S\u00e4ilyt\u00e4 2\u2103 &#8211; 25\u2103. J\u00e4\u00e4hdyt\u00e4 5\u2103:ssa<\/p>\n","protected":false},"featured_media":98788,"template":"","meta":{"om_disable_all_campaigns":false,"_monsterinsights_skip_tracking":false,"_monsterinsights_sitenote_active":false,"_monsterinsights_sitenote_note":"","_monsterinsights_sitenote_category":0},"location":[1422],"product_brand":[1423],"product_cat":[1354],"product_tag":[],"class_list":{"0":"post-52836","1":"product","2":"type-product","3":"status-publish","4":"has-post-thumbnail","6":"location-v","7":"product_brand-ararat-ari-food","8":"product_cat-juustot-fi","9":"stock_type-kpl-en","11":"first","12":"instock","13":"taxable","14":"shipping-taxable","15":"purchasable","16":"product-type-simple"},"aioseo_notices":[],"locations":[{"id":1422,"name":"v","slug":"v","quantity":"0"}],"_links":{"self":[{"href":"https:\/\/araratfinland.com\/en\/wp-json\/wp\/v2\/product\/52836","targetHints":{"allow":["GET"]}}],"collection":[{"href":"https:\/\/araratfinland.com\/en\/wp-json\/wp\/v2\/product"}],"about":[{"href":"https:\/\/araratfinland.com\/en\/wp-json\/wp\/v2\/types\/product"}],"version-history":[{"count":2,"href":"https:\/\/araratfinland.com\/en\/wp-json\/wp\/v2\/product\/52836\/revisions"}],"predecessor-version":[{"id":52845,"href":"https:\/\/araratfinland.com\/en\/wp-json\/wp\/v2\/product\/52836\/revisions\/52845"}],"wp:featuredmedia":[{"embeddable":true,"href":"https:\/\/araratfinland.com\/en\/wp-json\/wp\/v2\/media\/98788"}],"wp:attachment":[{"href":"https:\/\/araratfinland.com\/en\/wp-json\/wp\/v2\/media?parent=52836"}],"wp:term":[{"taxonomy":"location","embeddable":true,"href":"https:\/\/araratfinland.com\/en\/wp-json\/wp\/v2\/location?post=52836"},{"taxonomy":"product_brand","embeddable":true,"href":"https:\/\/araratfinland.com\/en\/wp-json\/wp\/v2\/product_brand?post=52836"},{"taxonomy":"product_cat","embeddable":true,"href":"https:\/\/araratfinland.com\/en\/wp-json\/wp\/v2\/product_cat?post=52836"},{"taxonomy":"product_tag","embeddable":true,"href":"https:\/\/araratfinland.com\/en\/wp-json\/wp\/v2\/product_tag?post=52836"}],"curies":[{"name":"wp","href":"https:\/\/api.w.org\/{rel}","templated":true}]}}