{"id":52798,"date":"2024-08-12T10:20:04","date_gmt":"2024-08-12T07:20:04","guid":{"rendered":"https:\/\/araratfinland.com\/product\/yayla-koy-kaymagi-200-g\/"},"modified":"2025-11-07T15:55:45","modified_gmt":"2025-11-07T13:55:45","slug":"yayla-koy-kaymagi-200-g","status":"publish","type":"product","link":"https:\/\/araratfinland.com\/en\/product\/yayla-koy-kaymagi-200-g\/","title":{"rendered":"Yayla K\u00f6y Kaymagi 200g"},"content":{"rendered":"<h4><span style=\"font-size: 19px;color: #000000\"><strong>Steriloitu kermatuote &#8211; 55% rasvaa I.D.M.<\/strong><\/span><\/h4>\n<h4><span style=\"font-size: 19px;color: #000000\"><strong>Ainesosat: <\/strong>Past\u00f6roitu<strong> lehm\u00e4nmaito,<br \/><\/strong>past\u00f6roitu<strong> kerma (maito).<\/strong><\/span><\/h4>\n<h4><span style=\"font-size: 19px;color: #000000\"><strong>S\u00e4ilytys: <\/strong>Pid\u00e4 kylm\u00e4ss\u00e4 2\u2103 &#8211; 6\u2103.<\/span><\/h4>\n<table style=\"width: 390.984px\">\n<tbody>\n<tr style=\"height: 19px\">\n<td style=\"width: 372.984px;height: 19px\" colspan=\"2\"><span style=\"font-size: 19px;color: #000000\"><strong>Ravintosis\u00e4lt\u00f6 per 100g<\/strong><\/span><\/td>\n<\/tr>\n<\/tbody>\n<tbody>\n<tr style=\"height: 10.8125px\">\n<td style=\"width: 191px;height: 10.8125px\"><span style=\"font-size: 19px;color: #000000\">Energia<\/span><\/td>\n<td style=\"width: 181.984px;height: 10.8125px\"><span style=\"font-size: 19px;color: #000000\">2407 kJ \/ 585 kcal<\/span><\/td>\n<\/tr>\n<tr style=\"height: 23px\">\n<td style=\"width: 191px;height: 23px\"><span style=\"font-size: 19px;color: #000000\">Rasva<\/span><\/td>\n<td style=\"width: 181.984px;height: 23px\"><span style=\"font-size: 19px;color: #000000\">63,4 g<\/span><\/td>\n<\/tr>\n<tr style=\"height: 35px\">\n<td style=\"width: 191px;height: 35px\"><span style=\"font-size: 19px;color: #000000\">josta tyydyttynytt\u00e4<\/span><\/td>\n<td style=\"width: 181.984px;height: 35px\"><span style=\"font-size: 19px;color: #000000\">45,3 g<\/span><\/td>\n<\/tr>\n<tr style=\"height: 23px\">\n<td style=\"width: 191px;height: 23px\"><span style=\"font-size: 19px;color: #000000\">Hiilihydraatit<\/span><\/td>\n<td style=\"width: 181.984px;height: 23px\"><span style=\"font-size: 19px;color: #000000\">2,1 g<\/span><\/td>\n<\/tr>\n<tr style=\"height: 23px\">\n<td style=\"width: 191px;height: 23px\"><span style=\"font-size: 19px;color: #000000\">josta sokereita<\/span><\/td>\n<td style=\"width: 181.984px;height: 23px\"><span style=\"font-size: 19px;color: #000000\">2,1 g<\/span><\/td>\n<\/tr>\n<tr style=\"height: 23px\">\n<td style=\"width: 191px;height: 23px\"><span style=\"font-size: 19px;color: #000000\">Proteiini<\/span><\/td>\n<td style=\"width: 181.984px;height: 23px\"><span style=\"font-size: 19px;color: #000000\">1,5 g<\/span><\/td>\n<\/tr>\n<tr style=\"height: 23px\">\n<td style=\"width: 191px;height: 23px\"><span style=\"font-size: 19px;color: #000000\">Suola<\/span><\/td>\n<td style=\"width: 181.984px;height: 23px\"><span style=\"font-size: 19px;color: #000000\">0,13 g<\/span><\/td>\n<\/tr>\n<\/tbody>\n<\/table>\n","protected":false},"excerpt":{"rendered":"<p>Steriloitu kermatuote &#8211; 55% rasvaa I.D.M. Ainesosat: Past\u00f6roitu lehm\u00e4nmaito,past\u00f6roitu kerma (maito). S\u00e4ilytys: Pid\u00e4 kylm\u00e4ss\u00e4 2\u2103 &#8211; 6\u2103. Ravintosis\u00e4lt\u00f6 per 100g<\/p>\n","protected":false},"featured_media":99274,"template":"","meta":{"om_disable_all_campaigns":false,"_monsterinsights_skip_tracking":false,"_monsterinsights_sitenote_active":false,"_monsterinsights_sitenote_note":"","_monsterinsights_sitenote_category":0},"location":[1422],"product_brand":[1423],"product_cat":[1352],"product_tag":[],"class_list":{"0":"post-52798","1":"product","2":"type-product","3":"status-publish","4":"has-post-thumbnail","6":"location-v","7":"product_brand-ararat-ari-food","8":"product_cat-maitotuotteet-fi","9":"stock_type-kpl-en","11":"first","12":"instock","13":"taxable","14":"shipping-taxable","15":"purchasable","16":"product-type-simple"},"aioseo_notices":[],"locations":[{"id":1422,"name":"v","slug":"v","quantity":"0"}],"_links":{"self":[{"href":"https:\/\/araratfinland.com\/en\/wp-json\/wp\/v2\/product\/52798","targetHints":{"allow":["GET"]}}],"collection":[{"href":"https:\/\/araratfinland.com\/en\/wp-json\/wp\/v2\/product"}],"about":[{"href":"https:\/\/araratfinland.com\/en\/wp-json\/wp\/v2\/types\/product"}],"version-history":[{"count":2,"href":"https:\/\/araratfinland.com\/en\/wp-json\/wp\/v2\/product\/52798\/revisions"}],"predecessor-version":[{"id":63129,"href":"https:\/\/araratfinland.com\/en\/wp-json\/wp\/v2\/product\/52798\/revisions\/63129"}],"wp:featuredmedia":[{"embeddable":true,"href":"https:\/\/araratfinland.com\/en\/wp-json\/wp\/v2\/media\/99274"}],"wp:attachment":[{"href":"https:\/\/araratfinland.com\/en\/wp-json\/wp\/v2\/media?parent=52798"}],"wp:term":[{"taxonomy":"location","embeddable":true,"href":"https:\/\/araratfinland.com\/en\/wp-json\/wp\/v2\/location?post=52798"},{"taxonomy":"product_brand","embeddable":true,"href":"https:\/\/araratfinland.com\/en\/wp-json\/wp\/v2\/product_brand?post=52798"},{"taxonomy":"product_cat","embeddable":true,"href":"https:\/\/araratfinland.com\/en\/wp-json\/wp\/v2\/product_cat?post=52798"},{"taxonomy":"product_tag","embeddable":true,"href":"https:\/\/araratfinland.com\/en\/wp-json\/wp\/v2\/product_tag?post=52798"}],"curies":[{"name":"wp","href":"https:\/\/api.w.org\/{rel}","templated":true}]}}