{"id":52506,"date":"2024-08-02T15:17:11","date_gmt":"2024-08-02T12:17:11","guid":{"rendered":"https:\/\/araratfinland.com\/product\/shawrma-mauste-2\/"},"modified":"2025-11-10T10:16:02","modified_gmt":"2025-11-10T08:16:02","slug":"shawrma-mauste-2","status":"publish","type":"product","link":"https:\/\/araratfinland.com\/en\/product\/shawrma-mauste-2\/","title":{"rendered":"Shawrma Mauste"},"content":{"rendered":"<h4><span style=\"font-size: 19px;color: #000000\"><strong>Shawarma mauste.<\/strong><\/span><\/h4>\n<h4><span style=\"color: #000000\"><span style=\"font-size: 19px\"><strong>Ainesosat: <\/strong>Maustepippuri, mustapippuri, kaneli,<br \/>veikselinkirsikka,\u00a0<\/span><span style=\"font-size: 19px\">inkiv\u00e4\u00e4ri, neilikka, kardemumma,<br \/>sumac.<\/span><\/span><\/h4>\n<h4><span style=\"font-size: 19px;color: #000000\"><strong>S\u00e4ilytys:<\/strong> Pid\u00e4 viile\u00e4ss\u00e4 ja kuivassa paikassa.<\/span><\/h4>\n<h4><span style=\"font-size: 19px;color: #000000\"><strong>Saattaa sis\u00e4lt\u00e4\u00e4:<\/strong> <strong>Gluteeni, laktoosi, sinappi,<br \/>seesami.<\/strong><\/span><\/h4>\n","protected":false},"excerpt":{"rendered":"<p>Shawarma mauste. Ainesosat: Maustepippuri, mustapippuri, kaneli,veikselinkirsikka,\u00a0inkiv\u00e4\u00e4ri, neilikka, kardemumma,sumac. S\u00e4ilytys: Pid\u00e4 viile\u00e4ss\u00e4 ja kuivassa paikassa. Saattaa sis\u00e4lt\u00e4\u00e4: Gluteeni, laktoosi, sinappi,seesami.<\/p>\n","protected":false},"featured_media":85950,"template":"","meta":{"om_disable_all_campaigns":false,"_monsterinsights_skip_tracking":false,"_monsterinsights_sitenote_active":false,"_monsterinsights_sitenote_note":"","_monsterinsights_sitenote_category":0},"location":[1422],"product_brand":[1423],"product_cat":[1477],"product_tag":[],"class_list":{"0":"post-52506","1":"product","2":"type-product","3":"status-publish","4":"has-post-thumbnail","6":"location-v","7":"product_brand-ararat-ari-food","8":"product_cat-mausteet-en-2","9":"stock_type-pss-en","11":"first","12":"instock","13":"taxable","14":"shipping-taxable","15":"purchasable","16":"product-type-simple"},"aioseo_notices":[],"locations":[{"id":1422,"name":"v","slug":"v","quantity":"10"}],"_links":{"self":[{"href":"https:\/\/araratfinland.com\/en\/wp-json\/wp\/v2\/product\/52506","targetHints":{"allow":["GET"]}}],"collection":[{"href":"https:\/\/araratfinland.com\/en\/wp-json\/wp\/v2\/product"}],"about":[{"href":"https:\/\/araratfinland.com\/en\/wp-json\/wp\/v2\/types\/product"}],"version-history":[{"count":1,"href":"https:\/\/araratfinland.com\/en\/wp-json\/wp\/v2\/product\/52506\/revisions"}],"predecessor-version":[{"id":52508,"href":"https:\/\/araratfinland.com\/en\/wp-json\/wp\/v2\/product\/52506\/revisions\/52508"}],"wp:featuredmedia":[{"embeddable":true,"href":"https:\/\/araratfinland.com\/en\/wp-json\/wp\/v2\/media\/85950"}],"wp:attachment":[{"href":"https:\/\/araratfinland.com\/en\/wp-json\/wp\/v2\/media?parent=52506"}],"wp:term":[{"taxonomy":"location","embeddable":true,"href":"https:\/\/araratfinland.com\/en\/wp-json\/wp\/v2\/location?post=52506"},{"taxonomy":"product_brand","embeddable":true,"href":"https:\/\/araratfinland.com\/en\/wp-json\/wp\/v2\/product_brand?post=52506"},{"taxonomy":"product_cat","embeddable":true,"href":"https:\/\/araratfinland.com\/en\/wp-json\/wp\/v2\/product_cat?post=52506"},{"taxonomy":"product_tag","embeddable":true,"href":"https:\/\/araratfinland.com\/en\/wp-json\/wp\/v2\/product_tag?post=52506"}],"curies":[{"name":"wp","href":"https:\/\/api.w.org\/{rel}","templated":true}]}}