{"id":52316,"date":"2024-07-31T13:55:12","date_gmt":"2024-07-31T10:55:12","guid":{"rendered":"https:\/\/araratfinland.com\/product\/meza-japan-mix-150gr-2\/"},"modified":"2025-09-25T10:26:38","modified_gmt":"2025-09-25T07:26:38","slug":"meza-japan-mix-150gr-2","status":"publish","type":"product","link":"https:\/\/araratfinland.com\/en\/product\/meza-japan-mix-150gr-2\/","title":{"rendered":"Meza Japan Mix 150gr"},"content":{"rendered":"<p data-start=\"162\" data-end=\"177\"><strong data-start=\"162\" data-end=\"175\">Japan Mix<\/strong><\/p>\n<p data-start=\"179\" data-end=\"380\"><strong data-start=\"179\" data-end=\"193\">Ainesosat:<\/strong> Riisi 52 %, vehn\u00e4jauho, maap\u00e4hkin\u00e4t 11 %, soijapavut (soijapavut, vehn\u00e4, suola), <br \/>tapiokat\u00e4rkkelys, sokeri, seesaminsiemenet, merilev\u00e4, merilev\u00e4jauhe, v\u00e4riaine (paprikaekstrakti E160c).<\/p>\n<p data-start=\"382\" data-end=\"558\"><strong data-start=\"382\" data-end=\"409\">Ravintosis\u00e4lt\u00f6 \/ 100 g:<\/strong><br data-start=\"409\" data-end=\"412\" \/> Energia 2400 kJ \/ 578 kcal<br data-start=\"438\" data-end=\"441\" \/> Rasva 30 g \u2013 josta tyydyttynytt\u00e4 8,4 g<br data-start=\"479\" data-end=\"482\" \/> Hiilihydraatit 52 g \u2013 josta sokereita 14 g<br data-start=\"524\" data-end=\"527\" \/> Proteiini 4,9 g<br data-start=\"542\" data-end=\"545\" \/> Suola 1,4 g<\/p>\n<p data-start=\"560\" data-end=\"673\"><strong data-start=\"560\" data-end=\"588\">Saattaa sis\u00e4lt\u00e4\u00e4 j\u00e4\u00e4mi\u00e4:<\/strong> maap\u00e4hkin\u00f6ist\u00e4, manteleista, muista p\u00e4hkin\u00f6ist\u00e4, seesamista, vehn\u00e4st\u00e4 ja soijasta.<\/p>\n<p data-start=\"675\" data-end=\"766\"><strong data-start=\"675\" data-end=\"685\">Paino:<\/strong> 150 g<br data-start=\"691\" data-end=\"694\" \/> <strong data-start=\"694\" data-end=\"712\">Parasta ennen:<\/strong> (p\u00e4iv\u00e4m\u00e4\u00e4r\u00e4)<br data-start=\"725\" data-end=\"728\" \/> <strong data-start=\"728\" data-end=\"741\">S\u00e4ilytys:<\/strong> Kuivassa ja viile\u00e4ss\u00e4.<\/p>\n","protected":false},"excerpt":{"rendered":"<p>Japan Mix Ainesosat: Riisi 52 %, vehn\u00e4jauho, maap\u00e4hkin\u00e4t 11 %, soijapavut (soijapavut, vehn\u00e4, suola), tapiokat\u00e4rkkelys, sokeri, seesaminsiemenet, merilev\u00e4, merilev\u00e4jauhe, v\u00e4riaine<\/p>\n","protected":false},"featured_media":93198,"template":"","meta":{"om_disable_all_campaigns":false,"_monsterinsights_skip_tracking":false,"_monsterinsights_sitenote_active":false,"_monsterinsights_sitenote_note":"","_monsterinsights_sitenote_category":0},"location":[1422],"product_brand":[1423],"product_cat":[1570],"product_tag":[],"class_list":{"0":"post-52316","1":"product","2":"type-product","3":"status-publish","4":"has-post-thumbnail","6":"location-v","7":"product_brand-ararat-ari-food","8":"product_cat-phkintrusinat-en-kuiva-tuotteet-fi","9":"stock_type-pcs-en","11":"first","12":"instock","13":"taxable","14":"shipping-taxable","15":"purchasable","16":"product-type-simple"},"aioseo_notices":[],"locations":[{"id":1422,"name":"v","slug":"v","quantity":"0"}],"_links":{"self":[{"href":"https:\/\/araratfinland.com\/en\/wp-json\/wp\/v2\/product\/52316","targetHints":{"allow":["GET"]}}],"collection":[{"href":"https:\/\/araratfinland.com\/en\/wp-json\/wp\/v2\/product"}],"about":[{"href":"https:\/\/araratfinland.com\/en\/wp-json\/wp\/v2\/types\/product"}],"version-history":[{"count":1,"href":"https:\/\/araratfinland.com\/en\/wp-json\/wp\/v2\/product\/52316\/revisions"}],"predecessor-version":[{"id":91504,"href":"https:\/\/araratfinland.com\/en\/wp-json\/wp\/v2\/product\/52316\/revisions\/91504"}],"wp:featuredmedia":[{"embeddable":true,"href":"https:\/\/araratfinland.com\/en\/wp-json\/wp\/v2\/media\/93198"}],"wp:attachment":[{"href":"https:\/\/araratfinland.com\/en\/wp-json\/wp\/v2\/media?parent=52316"}],"wp:term":[{"taxonomy":"location","embeddable":true,"href":"https:\/\/araratfinland.com\/en\/wp-json\/wp\/v2\/location?post=52316"},{"taxonomy":"product_brand","embeddable":true,"href":"https:\/\/araratfinland.com\/en\/wp-json\/wp\/v2\/product_brand?post=52316"},{"taxonomy":"product_cat","embeddable":true,"href":"https:\/\/araratfinland.com\/en\/wp-json\/wp\/v2\/product_cat?post=52316"},{"taxonomy":"product_tag","embeddable":true,"href":"https:\/\/araratfinland.com\/en\/wp-json\/wp\/v2\/product_tag?post=52316"}],"curies":[{"name":"wp","href":"https:\/\/api.w.org\/{rel}","templated":true}]}}