{"id":52126,"date":"2024-07-30T15:45:14","date_gmt":"2024-07-30T12:45:14","guid":{"rendered":"https:\/\/araratfinland.com\/product\/durra-halawa-pistachios-350-g\/"},"modified":"2025-09-22T10:15:09","modified_gmt":"2025-09-22T07:15:09","slug":"durra-halawa-pistachios-350-g","status":"publish","type":"product","link":"https:\/\/araratfinland.com\/en\/product\/durra-halawa-pistachios-350-g\/","title":{"rendered":"Durra Halawa Pistachios 350g"},"content":{"rendered":"<div><span style=\"color: #000000\"><span style=\"font-size: 18px\"><strong>Ainesosat:<\/strong>\u00a0<strong>Seesamipasta 52%<\/strong>, sokeri 28,87,<br \/>glukoosi 14,43%,\u00a0<\/span><span style=\"font-size: 18px\">emulgointiaine E471 (2%) &amp;\u00a0<\/span><\/span><\/div>\n<div><span style=\"font-size: 18px;color: #000000\"><strong>soijalesitiini E322 (0,5%)<\/strong>,\u00a0<strong>pistaasi (1%)<\/strong> &amp;<\/span><\/div>\n<div><span style=\"font-size: 18px;color: #000000\"><span style=\"font-size: 18px;color: #000000\">happamuudens\u00e4\u00e4t\u00f6aine E330 (0,15%) vanilja (0,05%).<\/p>\n<p><strong>S\u00e4ilytys:<\/strong> Kuivassa ja viile\u00e4ss\u00e4 paikassa,<br \/>poissa auringonvalolta.<\/p>\n<p><\/span><\/span> <\/p>\n<table style=\"font-size: 12px;width: 429.984px;height: 270px\">\n<tbody>\n<tr style=\"height: 7.0625px\">\n<td style=\"width: 411.984px;height: 7.0625px\" colspan=\"2\"><span style=\"font-size: 19px;color: #000000\"><strong>Ravintosis\u00e4lt\u00f6 per 100g<\/strong><\/span><\/td>\n<\/tr>\n<\/tbody>\n<tbody>\n<tr style=\"height: 23px\">\n<td style=\"width: 213px;height: 23px\"><span style=\"font-size: 19px;color: #000000\">Energia<\/span><\/td>\n<td style=\"width: 198.984px;height: 23px\"><span style=\"font-size: 19px;color: #000000\">1912 kJ \/ 457 kcal<\/span><\/td>\n<\/tr>\n<tr style=\"height: 23px\">\n<td style=\"width: 213px;height: 23px\"><span style=\"font-size: 19px;color: #000000\">Rasva<\/span><\/td>\n<td style=\"width: 198.984px;height: 23px\"><span style=\"font-size: 19px;color: #000000\">28 g<\/span><\/td>\n<\/tr>\n<tr style=\"height: 23px\">\n<td style=\"width: 213px;height: 23px\"><span style=\"font-size: 19px;color: #000000\">josta tyydyttyneitt\u00e4<\/span><\/td>\n<td style=\"width: 198.984px;height: 23px\"><span style=\"font-size: 19px;color: #000000\">4 g<\/span><\/td>\n<\/tr>\n<tr style=\"height: 23px\">\n<td style=\"width: 213px;height: 23px\"><span style=\"font-size: 19px;color: #000000\">Hiilihydraatit<\/span><\/td>\n<td style=\"width: 198.984px;height: 23px\"><span style=\"font-size: 19px;color: #000000\">48 g<\/span><\/td>\n<\/tr>\n<tr style=\"height: 23px\">\n<td style=\"width: 213px;height: 23px\"><span style=\"font-size: 19px;color: #000000\">joista sokereita<\/span><\/td>\n<td style=\"width: 198.984px;height: 23px\"><span style=\"font-size: 19px;color: #000000\">37 g<\/span><\/td>\n<\/tr>\n<tr style=\"height: 23px\">\n<td style=\"width: 213px;height: 23px\"><span style=\"font-size: 19px;color: #000000\">Proteiini<\/span><\/td>\n<td style=\"width: 198.984px;height: 23px\"><span style=\"font-size: 19px;color: #000000\">15 g<\/span><\/td>\n<\/tr>\n<tr style=\"height: 23px\">\n<td style=\"width: 213px;height: 23px\"><span style=\"font-size: 19px;color: #000000\">Suola<\/span><\/td>\n<td style=\"width: 198.984px;height: 23px\"><span style=\"font-size: 19px;color: #000000\">2 g<br \/><\/span><\/td>\n<\/tr>\n<\/tbody>\n<\/table><\/div>\n","protected":false},"excerpt":{"rendered":"<p>Ainesosat:\u00a0Seesamipasta 52%, sokeri 28,87,glukoosi 14,43%,\u00a0emulgointiaine E471 (2%) &amp;\u00a0 soijalesitiini E322 (0,5%),\u00a0pistaasi (1%) &amp; happamuudens\u00e4\u00e4t\u00f6aine E330 (0,15%) vanilja (0,05%). S\u00e4ilytys: Kuivassa<\/p>\n","protected":false},"featured_media":92761,"template":"","meta":{"om_disable_all_campaigns":false,"_monsterinsights_skip_tracking":false,"_monsterinsights_sitenote_active":false,"_monsterinsights_sitenote_note":"","_monsterinsights_sitenote_category":0},"location":[1422],"product_brand":[1423],"product_cat":[1324],"product_tag":[],"class_list":{"0":"post-52126","1":"product","2":"type-product","3":"status-publish","4":"has-post-thumbnail","6":"location-v","7":"product_brand-ararat-ari-food","8":"product_cat-makeiset-fi","9":"stock_type-kpl-en","11":"first","12":"instock","13":"taxable","14":"shipping-taxable","15":"purchasable","16":"product-type-simple"},"aioseo_notices":[],"locations":[{"id":1422,"name":"v","slug":"v","quantity":"233"}],"_links":{"self":[{"href":"https:\/\/araratfinland.com\/en\/wp-json\/wp\/v2\/product\/52126","targetHints":{"allow":["GET"]}}],"collection":[{"href":"https:\/\/araratfinland.com\/en\/wp-json\/wp\/v2\/product"}],"about":[{"href":"https:\/\/araratfinland.com\/en\/wp-json\/wp\/v2\/types\/product"}],"version-history":[{"count":2,"href":"https:\/\/araratfinland.com\/en\/wp-json\/wp\/v2\/product\/52126\/revisions"}],"predecessor-version":[{"id":57496,"href":"https:\/\/araratfinland.com\/en\/wp-json\/wp\/v2\/product\/52126\/revisions\/57496"}],"wp:featuredmedia":[{"embeddable":true,"href":"https:\/\/araratfinland.com\/en\/wp-json\/wp\/v2\/media\/92761"}],"wp:attachment":[{"href":"https:\/\/araratfinland.com\/en\/wp-json\/wp\/v2\/media?parent=52126"}],"wp:term":[{"taxonomy":"location","embeddable":true,"href":"https:\/\/araratfinland.com\/en\/wp-json\/wp\/v2\/location?post=52126"},{"taxonomy":"product_brand","embeddable":true,"href":"https:\/\/araratfinland.com\/en\/wp-json\/wp\/v2\/product_brand?post=52126"},{"taxonomy":"product_cat","embeddable":true,"href":"https:\/\/araratfinland.com\/en\/wp-json\/wp\/v2\/product_cat?post=52126"},{"taxonomy":"product_tag","embeddable":true,"href":"https:\/\/araratfinland.com\/en\/wp-json\/wp\/v2\/product_tag?post=52126"}],"curies":[{"name":"wp","href":"https:\/\/api.w.org\/{rel}","templated":true}]}}