{"id":51684,"date":"2024-07-19T12:09:24","date_gmt":"2024-07-19T09:09:24","guid":{"rendered":"https:\/\/araratfinland.com\/product\/tayas-damla-alphabet-12x80g\/"},"modified":"2025-11-16T15:40:34","modified_gmt":"2025-11-16T13:40:34","slug":"tayas-damla-alphabet-12x80g","status":"publish","type":"product","link":"https:\/\/araratfinland.com\/en\/product\/tayas-damla-alphabet-12x80g\/","title":{"rendered":"Tayas Damla Alphabet 12x80g"},"content":{"rendered":"<p class=\"\" data-start=\"230\" data-end=\"319\"><strong data-start=\"230\" data-end=\"244\">Tuotenimi:<\/strong><br data-start=\"244\" data-end=\"247\" \/> <strong data-start=\"247\" data-end=\"319\">Hedelm\u00e4arominen, hedelm\u00e4mehutiivisteell\u00e4 valmistettu pehme\u00e4 makeinen<\/strong><\/p>\n<p class=\"\" data-start=\"321\" data-end=\"651\"><strong data-start=\"321\" data-end=\"335\">Ainesosat:<\/strong><br data-start=\"335\" data-end=\"338\" \/> Glukoosisiirappi, sokeri, vesi, hyytel\u00f6imisaine (pektiini), happamuudens\u00e4\u00e4t\u00f6aine (sitruunahappo), hedelm\u00e4mehutiivisteet (1 %) (omena, appelsiini, ananas, mansikka, vadelma, sitruuna), kasvi\u00f6ljy (palmu), aromit, v\u00e4rit (kurkumiini, paprika-uute, karamellisiirappi, punajuuriuute), pintak\u00e4sittelyaine (karnaubavaha).<\/p>\n<p class=\"\" data-start=\"653\" data-end=\"740\"><strong data-start=\"653\" data-end=\"674\">Allergeenitiedot:<\/strong><br data-start=\"674\" data-end=\"677\" \/> Saattaa sis\u00e4lt\u00e4\u00e4 pieni\u00e4 m\u00e4\u00e4ri\u00e4 maitoa, p\u00e4hkin\u00f6it\u00e4 ja gluteenia.<\/p>\n<p class=\"\" data-start=\"742\" data-end=\"771\"><strong data-start=\"742\" data-end=\"769\">Ravintosis\u00e4lt\u00f6 \/ 100 g:<\/strong><\/p>\n<p class=\"\" data-start=\"774\" data-end=\"803\">Energia: 341 kcal \/ 1425 kJ<\/p>\n<p class=\"\" data-start=\"806\" data-end=\"820\">Rasva: 0,1 g<\/p>\n<p class=\"\" data-start=\"825\" data-end=\"853\">josta tyydyttynytt\u00e4: 0,1 g<\/p>\n<p class=\"\" data-start=\"856\" data-end=\"878\">Hiilihydraatit: 80 g<\/p>\n<p class=\"\" data-start=\"883\" data-end=\"906\">josta sokereita: 55 g<\/p>\n<p class=\"\" data-start=\"909\" data-end=\"927\">Proteiini: 0,3 g<\/p>\n<p class=\"\" data-start=\"930\" data-end=\"945\">Suola: 0,03 g<\/p>\n","protected":false},"excerpt":{"rendered":"<p>Tuotenimi: Hedelm\u00e4arominen, hedelm\u00e4mehutiivisteell\u00e4 valmistettu pehme\u00e4 makeinen Ainesosat: Glukoosisiirappi, sokeri, vesi, hyytel\u00f6imisaine (pektiini), happamuudens\u00e4\u00e4t\u00f6aine (sitruunahappo), hedelm\u00e4mehutiivisteet (1 %) (omena, appelsiini, ananas,<\/p>\n","protected":false},"featured_media":100477,"template":"","meta":{"om_disable_all_campaigns":false,"_monsterinsights_skip_tracking":false,"_monsterinsights_sitenote_active":false,"_monsterinsights_sitenote_note":"","_monsterinsights_sitenote_category":0},"location":[1422],"product_brand":[1423],"product_cat":[1324],"product_tag":[],"class_list":{"0":"post-51684","1":"product","2":"type-product","3":"status-publish","4":"has-post-thumbnail","6":"location-v","7":"product_brand-ararat-ari-food","8":"product_cat-makeiset-fi","9":"stock_type-pcs-en","11":"first","12":"instock","13":"taxable","14":"shipping-taxable","15":"purchasable","16":"product-type-simple"},"aioseo_notices":[],"locations":[{"id":1422,"name":"v","slug":"v","quantity":"144"}],"_links":{"self":[{"href":"https:\/\/araratfinland.com\/en\/wp-json\/wp\/v2\/product\/51684","targetHints":{"allow":["GET"]}}],"collection":[{"href":"https:\/\/araratfinland.com\/en\/wp-json\/wp\/v2\/product"}],"about":[{"href":"https:\/\/araratfinland.com\/en\/wp-json\/wp\/v2\/types\/product"}],"version-history":[{"count":1,"href":"https:\/\/araratfinland.com\/en\/wp-json\/wp\/v2\/product\/51684\/revisions"}],"predecessor-version":[{"id":76709,"href":"https:\/\/araratfinland.com\/en\/wp-json\/wp\/v2\/product\/51684\/revisions\/76709"}],"wp:featuredmedia":[{"embeddable":true,"href":"https:\/\/araratfinland.com\/en\/wp-json\/wp\/v2\/media\/100477"}],"wp:attachment":[{"href":"https:\/\/araratfinland.com\/en\/wp-json\/wp\/v2\/media?parent=51684"}],"wp:term":[{"taxonomy":"location","embeddable":true,"href":"https:\/\/araratfinland.com\/en\/wp-json\/wp\/v2\/location?post=51684"},{"taxonomy":"product_brand","embeddable":true,"href":"https:\/\/araratfinland.com\/en\/wp-json\/wp\/v2\/product_brand?post=51684"},{"taxonomy":"product_cat","embeddable":true,"href":"https:\/\/araratfinland.com\/en\/wp-json\/wp\/v2\/product_cat?post=51684"},{"taxonomy":"product_tag","embeddable":true,"href":"https:\/\/araratfinland.com\/en\/wp-json\/wp\/v2\/product_tag?post=51684"}],"curies":[{"name":"wp","href":"https:\/\/api.w.org\/{rel}","templated":true}]}}