{"id":51680,"date":"2024-07-19T12:07:36","date_gmt":"2024-07-19T09:07:36","guid":{"rendered":"https:\/\/araratfinland.com\/product\/tayas-damla-cheesecake12x80g-2\/"},"modified":"2025-11-16T15:40:20","modified_gmt":"2025-11-16T13:40:20","slug":"tayas-damla-cheesecake12x80g-2","status":"publish","type":"product","link":"https:\/\/araratfinland.com\/en\/product\/tayas-damla-cheesecake12x80g-2\/","title":{"rendered":"Tayas Damla Teeth 12x80g"},"content":{"rendered":"<p class=\"\" data-start=\"183\" data-end=\"533\"><strong data-start=\"183\" data-end=\"237\">Hedelm\u00e4makuiset pehme\u00e4t karkit (sis. hedelm\u00e4mehua)<\/strong><br data-start=\"237\" data-end=\"240\" \/> <strong data-start=\"240\" data-end=\"254\">Ainesosat:<\/strong> Glukoosisiirappi, sokeri, vesi, liivate (naudan), hapettumisenestoaineet, happamuudens\u00e4\u00e4t\u00f6aineet, hedelm\u00e4mehu tiivisteest\u00e4 (omena, appelsiini, vadelma, mansikka jne.), aromit, v\u00e4rit (kasviuutteet, paprika, porkkana, mustikka, kurkumiini).<br data-start=\"493\" data-end=\"496\" \/> <strong data-start=\"496\" data-end=\"516\">Saattaa sis\u00e4lt\u00e4\u00e4<\/strong>: maitoa, soijaa.<\/p>\n<p class=\"\" data-start=\"535\" data-end=\"710\"><strong data-start=\"535\" data-end=\"562\">Ravintosis\u00e4lt\u00f6 \/ 100 g:<\/strong><br data-start=\"562\" data-end=\"565\" \/> Energia: 341 kcal \/ 1426 kJ<br data-start=\"592\" data-end=\"595\" \/> Rasva: 0 g (josta tyydyttynytt\u00e4: 0 g)<br data-start=\"632\" data-end=\"635\" \/> Hiilihydraatit: 80 g (josta sokeria: 50 g)<br data-start=\"677\" data-end=\"680\" data-is-only-node=\"\" \/> Proteiini: 5 g<br data-start=\"694\" data-end=\"697\" \/> Suola: 0,03 g<\/p>\n","protected":false},"excerpt":{"rendered":"<p>Hedelm\u00e4makuiset pehme\u00e4t karkit (sis. hedelm\u00e4mehua) Ainesosat: Glukoosisiirappi, sokeri, vesi, liivate (naudan), hapettumisenestoaineet, happamuudens\u00e4\u00e4t\u00f6aineet, hedelm\u00e4mehu tiivisteest\u00e4 (omena, appelsiini, vadelma, mansikka jne.),<\/p>\n","protected":false},"featured_media":100475,"template":"","meta":{"om_disable_all_campaigns":false,"_monsterinsights_skip_tracking":false,"_monsterinsights_sitenote_active":false,"_monsterinsights_sitenote_note":"","_monsterinsights_sitenote_category":0},"location":[1422],"product_brand":[1423],"product_cat":[1324],"product_tag":[],"class_list":{"0":"post-51680","1":"product","2":"type-product","3":"status-publish","4":"has-post-thumbnail","6":"location-v","7":"product_brand-ararat-ari-food","8":"product_cat-makeiset-fi","9":"stock_type-pcs-en","11":"first","12":"instock","13":"taxable","14":"shipping-taxable","15":"purchasable","16":"product-type-simple"},"aioseo_notices":[],"locations":[{"id":1422,"name":"v","slug":"v","quantity":"144"}],"_links":{"self":[{"href":"https:\/\/araratfinland.com\/en\/wp-json\/wp\/v2\/product\/51680","targetHints":{"allow":["GET"]}}],"collection":[{"href":"https:\/\/araratfinland.com\/en\/wp-json\/wp\/v2\/product"}],"about":[{"href":"https:\/\/araratfinland.com\/en\/wp-json\/wp\/v2\/types\/product"}],"version-history":[{"count":2,"href":"https:\/\/araratfinland.com\/en\/wp-json\/wp\/v2\/product\/51680\/revisions"}],"predecessor-version":[{"id":76695,"href":"https:\/\/araratfinland.com\/en\/wp-json\/wp\/v2\/product\/51680\/revisions\/76695"}],"wp:featuredmedia":[{"embeddable":true,"href":"https:\/\/araratfinland.com\/en\/wp-json\/wp\/v2\/media\/100475"}],"wp:attachment":[{"href":"https:\/\/araratfinland.com\/en\/wp-json\/wp\/v2\/media?parent=51680"}],"wp:term":[{"taxonomy":"location","embeddable":true,"href":"https:\/\/araratfinland.com\/en\/wp-json\/wp\/v2\/location?post=51680"},{"taxonomy":"product_brand","embeddable":true,"href":"https:\/\/araratfinland.com\/en\/wp-json\/wp\/v2\/product_brand?post=51680"},{"taxonomy":"product_cat","embeddable":true,"href":"https:\/\/araratfinland.com\/en\/wp-json\/wp\/v2\/product_cat?post=51680"},{"taxonomy":"product_tag","embeddable":true,"href":"https:\/\/araratfinland.com\/en\/wp-json\/wp\/v2\/product_tag?post=51680"}],"curies":[{"name":"wp","href":"https:\/\/api.w.org\/{rel}","templated":true}]}}